{"id":103429,"date":"2021-05-02T03:39:22","date_gmt":"2021-05-02T01:39:22","guid":{"rendered":"https:\/\/shop.metal-badge.ch\/product\/103429\/balance-electronique-suspendue-balance-a-gibier-200-kg\/"},"modified":"2021-05-02T04:26:07","modified_gmt":"2021-05-02T02:26:07","slug":"balance-electronique-suspendue-balance-a-gibier-200-kg-bleu","status":"publish","type":"product","link":"https:\/\/metal-badge.ch\/fr\/product\/103429\/balance-electronique-suspendue-balance-a-gibier-200-kg-bleu\/","title":{"rendered":"Balance \u00e9lectronique suspendue \/ balance \u00e0 gibier 200 kg &#8211; Bleu\u00a0"},"content":{"rendered":"<p><span style=\"font-weight: 400;\">Une balance suspendue ax\u00e9e sur les performances et la s\u00e9curit\u00e9, qui se caract\u00e9rise par une conception m\u00e9canique solide et une \u00e9lectronique de pointe. Portable, polyvalente, pr\u00e9cise, fiable et tr\u00e8s facile \u00e0 utiliser. Notre petite balance pratique est toujours \u00e0 vos c\u00f4t\u00e9s lorsqu&rsquo;un pesage rapide et pr\u00e9cis est n\u00e9cessaire. Le design compact et moderne comprend un \u00e9cran LCD r\u00e9tro\u00e9clair\u00e9 durable, facile \u00e0 lire de jour comme de nuit. Le compartiment des piles \u00e0 l&rsquo;arri\u00e8re est en plastique robuste, tout comme l&rsquo;ensemble du bo\u00eetier. La balance est aliment\u00e9e par 2 piles AAA. Avec un crochet en S massif et un dispositif de suspension en acier. La balance \u00e0 affichage num\u00e9rique est con\u00e7ue pour peser jusqu&rsquo;\u00e0 200 kg. Polyvalent pour l&rsquo;industrie, le foyer, les bagages, l&rsquo;agriculture, le gibier et tout autre objet lourd.<\/span><\/p>\n<p><b>Informations du produit :<\/b><\/p>\n<ul>\n<li><span style=\"font-weight: 400;\">Mod\u00e8le : SF \u2013 912&nbsp;&nbsp;<\/span><\/li>\n<li><span style=\"font-weight: 400;\">Couleur : Bleu&nbsp;<\/span><\/li>\n<li><span style=\"font-weight: 400;\">Capacit\u00e9 jusqu\u2019\u00e0 200 kg&nbsp;<\/span><\/li>\n<li><span style=\"font-weight: 400;\">Dimensions&nbsp;: 14,5 cm x 7,5 cm<\/span><\/li>\n<li><span style=\"font-weight: 400;\">Poids : 180 g&nbsp;<\/span><\/li>\n<li><span style=\"font-weight: 400;\">Piles : 2 x AAA<\/span><\/li>\n<li><span style=\"font-weight: 400;\">Avec un crochet en S solide et un dispositif de suspension en acier.<\/span><\/li>\n<li><span style=\"font-weight: 400;\">Crochet en S : 11 cm de long, acier <\/span><\/li>\n<\/ul>\n","protected":false},"excerpt":{"rendered":"<p><span style=\"font-weight: 400;\">Une balance suspendue ax\u00e9e sur les performances et la s\u00e9curit\u00e9, qui se caract\u00e9rise par une conception m\u00e9canique solide et une \u00e9lectronique de pointe. Portable, polyvalente, pr\u00e9cise, fiable et tr\u00e8s facile \u00e0 utiliser. Notre petite balance pratique est toujours \u00e0 vos c\u00f4t\u00e9s lorsqu&rsquo;un pesage rapide et pr\u00e9cis est n\u00e9cessaire. <\/span><\/p>\n","protected":false},"featured_media":103422,"comment_status":"closed","ping_status":"closed","template":"","meta":{"inline_featured_image":false},"product_brand":[],"product_cat":[1347],"product_tag":[1773],"class_list":{"0":"post-103429","1":"product","2":"type-product","3":"status-publish","4":"has-post-thumbnail","6":"product_cat-accessoires-militaires-de-chasse","7":"product_tag-chasse-peche","9":"first","10":"instock","11":"taxable","12":"shipping-taxable","13":"purchasable","14":"product-type-simple"},"_links":{"self":[{"href":"https:\/\/metal-badge.ch\/fr\/wp-json\/wp\/v2\/product\/103429","targetHints":{"allow":["GET"]}}],"collection":[{"href":"https:\/\/metal-badge.ch\/fr\/wp-json\/wp\/v2\/product"}],"about":[{"href":"https:\/\/metal-badge.ch\/fr\/wp-json\/wp\/v2\/types\/product"}],"replies":[{"embeddable":true,"href":"https:\/\/metal-badge.ch\/fr\/wp-json\/wp\/v2\/comments?post=103429"}],"wp:featuredmedia":[{"embeddable":true,"href":"https:\/\/metal-badge.ch\/fr\/wp-json\/wp\/v2\/media\/103422"}],"wp:attachment":[{"href":"https:\/\/metal-badge.ch\/fr\/wp-json\/wp\/v2\/media?parent=103429"}],"wp:term":[{"taxonomy":"product_brand","embeddable":true,"href":"https:\/\/metal-badge.ch\/fr\/wp-json\/wp\/v2\/product_brand?post=103429"},{"taxonomy":"product_cat","embeddable":true,"href":"https:\/\/metal-badge.ch\/fr\/wp-json\/wp\/v2\/product_cat?post=103429"},{"taxonomy":"product_tag","embeddable":true,"href":"https:\/\/metal-badge.ch\/fr\/wp-json\/wp\/v2\/product_tag?post=103429"}],"curies":[{"name":"wp","href":"https:\/\/api.w.org\/{rel}","templated":true}]}}