{"id":103358,"date":"2021-05-01T08:05:31","date_gmt":"2021-05-01T06:05:31","guid":{"rendered":"https:\/\/shop.metal-badge.ch\/product\/103358\/couteau-de-combat-militaire-americain-fox\/"},"modified":"2021-05-01T08:05:31","modified_gmt":"2021-05-01T06:05:31","slug":"couteau-de-combat-militaire-americain-fox","status":"publish","type":"product","link":"https:\/\/metal-badge.ch\/fr\/product\/103358\/couteau-de-combat-militaire-americain-fox\/","title":{"rendered":"Couteau de combat militaire am\u00e9ricain Fox"},"content":{"rendered":"<p><span style=\"font-weight: 400;\">Couteau de combat rigide, id\u00e9al pour la survie en plein air. La poign\u00e9e est en plastique et caoutchout\u00e9e et garantit une excellente prise en main. La lame multifonctionnelle avec tranchant, barbillon et scie arri\u00e8re est l&rsquo;outil ad\u00e9quat pour toutes les situations de survie. Le couteau est \u00e9quip\u00e9 d&rsquo;un percuteur en haut du manche.<\/span><span style=\"font-weight: 400;\"> L&rsquo;ouverture offre une vari\u00e9t\u00e9 de possibilit\u00e9s de fixation. <\/span><span style=\"font-weight: 400;\">Il comprend \u00e9galement une gaine en nylon noir avec une petite poche, avec une pierre \u00e0 aiguiser. Avec une boucle de ceinture qui peut \u00e9galement \u00eatre transform\u00e9e en boucle de poitrine.<\/span><\/p>\n<p><b>Informations sur le produit&nbsp;:<\/b><\/p>\n<ul>\n<li><span style=\"font-weight: 400;\">Marque : Fox <\/span><span style=\"font-weight: 400;\"><br \/>\n<\/span><\/li>\n<li><span style=\"font-weight: 400;\">Type : couteau \u00e0 lame rigide<\/span><span style=\"font-weight: 400;\"><br \/>\n<\/span><\/li>\n<li><span style=\"font-weight: 400;\">Couleur : noir<\/span><\/li>\n<li><span style=\"font-weight: 400;\">Mat\u00e9riel de la poign\u00e9e : plastique et gomm\u00e9<\/span><span style=\"font-weight: 400;\"><br \/>\n<\/span><\/li>\n<li><span style=\"font-weight: 400;\">Longueur totale : 27.0 cm<\/span><span style=\"font-weight: 400;\"><br \/>\n<\/span><\/li>\n<li><span style=\"font-weight: 400;\">Longueur de la poign\u00e9e : 11,5 cm<\/span><span style=\"font-weight: 400;\"><br \/>\n<\/span><\/li>\n<li><span style=\"font-weight: 400;\">\u00c9paisseur de la poign\u00e9e : 2,2 cm<\/span><span style=\"font-weight: 400;\"><br \/>\n<\/span><\/li>\n<li><span style=\"font-weight: 400;\">Longueur de la lame : 14,5 cm <\/span><span style=\"font-weight: 400;\"><br \/>\n<\/span><\/li>\n<li><span style=\"font-weight: 400;\">\u00c9paisseur de la lame : 4,6 mm<\/span><span style=\"font-weight: 400;\"><br \/>\n<\/span><\/li>\n<li><span style=\"font-weight: 400;\">Largeur de la lame : 3,5 cm<\/span><span style=\"font-weight: 400;\"><br \/>\n<\/span><\/li>\n<li><span style=\"font-weight: 400;\">Poids : 250 g <\/span><span style=\"font-weight: 400;\"><br \/>\n<\/span><\/li>\n<li><span style=\"font-weight: 400;\">Lame : Rev\u00eatement en titane&nbsp;<\/span><\/li>\n<li><span style=\"font-weight: 400;\">\u00c9paisseur de la lame : 57 HRC<\/span><\/li>\n<\/ul>\n","protected":false},"excerpt":{"rendered":"<p><span style=\"font-weight: 400;\">Couteau de combat rigide, id\u00e9al pour la survie en plein air. La poign\u00e9e est en plastique et caoutchout\u00e9e et garantit une excellente prise en main. La lame multifonctionnelle avec tranchant, barbillon et scie arri\u00e8re est l&rsquo;outil ad\u00e9quat pour toutes les situations de survie.<\/span><\/p>\n","protected":false},"featured_media":103322,"comment_status":"closed","ping_status":"closed","template":"","meta":{"inline_featured_image":false},"product_brand":[],"product_cat":[1035],"product_tag":[],"class_list":{"0":"post-103358","1":"product","2":"type-product","3":"status-publish","4":"has-post-thumbnail","6":"product_cat-couteaux-machettes","8":"first","9":"instock","10":"taxable","11":"shipping-taxable","12":"purchasable","13":"product-type-simple"},"_links":{"self":[{"href":"https:\/\/metal-badge.ch\/fr\/wp-json\/wp\/v2\/product\/103358","targetHints":{"allow":["GET"]}}],"collection":[{"href":"https:\/\/metal-badge.ch\/fr\/wp-json\/wp\/v2\/product"}],"about":[{"href":"https:\/\/metal-badge.ch\/fr\/wp-json\/wp\/v2\/types\/product"}],"replies":[{"embeddable":true,"href":"https:\/\/metal-badge.ch\/fr\/wp-json\/wp\/v2\/comments?post=103358"}],"wp:featuredmedia":[{"embeddable":true,"href":"https:\/\/metal-badge.ch\/fr\/wp-json\/wp\/v2\/media\/103322"}],"wp:attachment":[{"href":"https:\/\/metal-badge.ch\/fr\/wp-json\/wp\/v2\/media?parent=103358"}],"wp:term":[{"taxonomy":"product_brand","embeddable":true,"href":"https:\/\/metal-badge.ch\/fr\/wp-json\/wp\/v2\/product_brand?post=103358"},{"taxonomy":"product_cat","embeddable":true,"href":"https:\/\/metal-badge.ch\/fr\/wp-json\/wp\/v2\/product_cat?post=103358"},{"taxonomy":"product_tag","embeddable":true,"href":"https:\/\/metal-badge.ch\/fr\/wp-json\/wp\/v2\/product_tag?post=103358"}],"curies":[{"name":"wp","href":"https:\/\/api.w.org\/{rel}","templated":true}]}}