{"id":103309,"date":"2021-04-30T07:38:31","date_gmt":"2021-04-30T05:38:31","guid":{"rendered":"https:\/\/shop.metal-badge.ch\/product\/103309\/epuisette-telescopique\/"},"modified":"2021-04-30T08:09:52","modified_gmt":"2021-04-30T06:09:52","slug":"epuisette-telescopique-44-cm-58-cm","status":"publish","type":"product","link":"https:\/\/metal-badge.ch\/fr\/product\/103309\/epuisette-telescopique-44-cm-58-cm\/","title":{"rendered":"\u00c9puisette t\u00e9lescopique \/ 44 cm \u2013 58 cm"},"content":{"rendered":"<p><span style=\"font-weight: 400;\">\u00c9puisette facile \u00e0 entretenir pour la p\u00eache \u00e0 la truite, au bar et autres. Facile \u00e0 nettoyer.&nbsp; L&rsquo;\u00e9puisette avec filet en nylon ne mesure que 75 cm de long lorsqu&rsquo;elle est repli\u00e9e pour le transport.<\/span><\/p>\n<p><span style=\"font-weight: 400;\">L\u00c9GER ET PRATIQUE&nbsp;: L&rsquo;\u00e9puisette de p\u00eache est t\u00e9lescopique jusqu&rsquo;\u00e0 58 cm et a une longueur de barre de 44 cm. La profondeur du filet est de 57 cm.&nbsp;<\/span><\/p>\n<p><span style=\"font-weight: 400;\">DURABLE ET STABLE : Une fermeture en plastique robuste et de grande taille est mont\u00e9e sur la t\u00eate, qui peut \u00eatre facilement actionn\u00e9e d&rsquo;une seule main. C&rsquo;est \u00e9galement de l\u00e0 que sortent les supports robustes en aluminium du filet.<\/span><\/p>\n<p><b>Informations du produit :&nbsp;<\/b><\/p>\n<ul>\n<li><span style=\"font-weight: 400;\">\u00c9puisette, version courte&nbsp;&nbsp;<\/span><\/li>\n<li><span style=\"font-weight: 400;\">Barre t\u00e9lescopique&nbsp;<\/span><\/li>\n<li><span style=\"font-weight: 400;\">Poids : 340 g.&nbsp;<\/span><\/li>\n<li><span style=\"font-weight: 400;\">Couleur : Bleu&nbsp;<\/span><\/li>\n<li><span style=\"font-weight: 400;\">Longueur du b\u00e2ton 44 cm \u2013 58 cm&nbsp;&nbsp;&nbsp;&nbsp;&nbsp;&nbsp;&nbsp;&nbsp;&nbsp;&nbsp;&nbsp;&nbsp;&nbsp;&nbsp;&nbsp;&nbsp;&nbsp;&nbsp;&nbsp;&nbsp;&nbsp;&nbsp;&nbsp;&nbsp;&nbsp;&nbsp;&nbsp;&nbsp;&nbsp;&nbsp;&nbsp;&nbsp;&nbsp;&nbsp;&nbsp;&nbsp;&nbsp;&nbsp;&nbsp;&nbsp;&nbsp;&nbsp;&nbsp;&nbsp;&nbsp;&nbsp;&nbsp;&nbsp;&nbsp;&nbsp;&nbsp;&nbsp;&nbsp;&nbsp;&nbsp;&nbsp;&nbsp;&nbsp;&nbsp;&nbsp;&nbsp;&nbsp;&nbsp;&nbsp;&nbsp;&nbsp;&nbsp;&nbsp;&nbsp;&nbsp;&nbsp;&nbsp;&nbsp;&nbsp;&nbsp;&nbsp;&nbsp;&nbsp;&nbsp;&nbsp;&nbsp;&nbsp;&nbsp;&nbsp;&nbsp;&nbsp;&nbsp;<\/span><\/li>\n<li><span style=\"font-weight: 400;\">B\u00e2ton l\u00e9ger en aluminium avec poign\u00e9e antid\u00e9rapante<\/span><\/li>\n<li><span style=\"font-weight: 400;\">Partie avant pliable avec filet<\/span><\/li>\n<li><span style=\"font-weight: 400;\">Filet en nylon&nbsp;<\/span><\/li>\n<li><span style=\"font-weight: 400;\">Largeur filet : 44 cm&nbsp;<\/span><\/li>\n<li><span style=\"font-weight: 400;\">Longueur filet : 44 cm<\/span><\/li>\n<li><span style=\"font-weight: 400;\">Profondeur filet : 57 cm&nbsp;<\/span><\/li>\n<\/ul>\n","protected":false},"excerpt":{"rendered":"<p><span style=\"font-weight: 400;\">\u00c9puisette facile \u00e0 entretenir pour la p\u00eache \u00e0 la truite, au bar et autres. Facile \u00e0 nettoyer.&nbsp; L&rsquo;\u00e9puisette avec filet en nylon ne mesure que 75 cm de long lorsqu&rsquo;elle est repli\u00e9e pour le transport.<\/span><\/p>\n","protected":false},"featured_media":103298,"comment_status":"closed","ping_status":"closed","template":"","meta":{"inline_featured_image":false},"product_brand":[],"product_cat":[1883],"product_tag":[1773],"class_list":{"0":"post-103309","1":"product","2":"type-product","3":"status-publish","4":"has-post-thumbnail","6":"product_cat-equipement","7":"product_tag-chasse-peche","9":"first","10":"instock","11":"taxable","12":"shipping-taxable","13":"purchasable","14":"product-type-simple"},"_links":{"self":[{"href":"https:\/\/metal-badge.ch\/fr\/wp-json\/wp\/v2\/product\/103309","targetHints":{"allow":["GET"]}}],"collection":[{"href":"https:\/\/metal-badge.ch\/fr\/wp-json\/wp\/v2\/product"}],"about":[{"href":"https:\/\/metal-badge.ch\/fr\/wp-json\/wp\/v2\/types\/product"}],"replies":[{"embeddable":true,"href":"https:\/\/metal-badge.ch\/fr\/wp-json\/wp\/v2\/comments?post=103309"}],"wp:featuredmedia":[{"embeddable":true,"href":"https:\/\/metal-badge.ch\/fr\/wp-json\/wp\/v2\/media\/103298"}],"wp:attachment":[{"href":"https:\/\/metal-badge.ch\/fr\/wp-json\/wp\/v2\/media?parent=103309"}],"wp:term":[{"taxonomy":"product_brand","embeddable":true,"href":"https:\/\/metal-badge.ch\/fr\/wp-json\/wp\/v2\/product_brand?post=103309"},{"taxonomy":"product_cat","embeddable":true,"href":"https:\/\/metal-badge.ch\/fr\/wp-json\/wp\/v2\/product_cat?post=103309"},{"taxonomy":"product_tag","embeddable":true,"href":"https:\/\/metal-badge.ch\/fr\/wp-json\/wp\/v2\/product_tag?post=103309"}],"curies":[{"name":"wp","href":"https:\/\/api.w.org\/{rel}","templated":true}]}}