{"id":103262,"date":"2021-04-29T16:51:20","date_gmt":"2021-04-29T14:51:20","guid":{"rendered":"https:\/\/shop.metal-badge.ch\/?post_type=product&#038;p=103262"},"modified":"2021-04-29T17:04:42","modified_gmt":"2021-04-29T15:04:42","slug":"protege-genoux-tactiques","status":"publish","type":"product","link":"https:\/\/metal-badge.ch\/fr\/product\/103262\/protege-genoux-tactiques\/","title":{"rendered":"Prot\u00e8ge-genoux tactiques"},"content":{"rendered":"<p><span style=\"font-weight: 400;\">Ces prot\u00e8ge-genoux robustes sont la protection id\u00e9ale contre les blessures.&nbsp;La base de ce protecteur est fait en nylon durable et r\u00e9sistant \u00e0 l&rsquo;abrasion, avec un rembourrage int\u00e9rieur souple pour absorber les chocs. La face avant est \u00e9quip\u00e9e d&rsquo;une coque en Xshell rivet\u00e9e en plastique dur. Cette combinaison assure une tenue s\u00fbre et une protection au niveau du genou sans glissement g\u00eanant m\u00eame dans des conditions difficiles. Tr\u00e8s bonne r\u00e9sistance aux chocs. Fermeture rapide, syst\u00e8me de double sangle \u00e9lastique avec fermeture velcro pour un grand confort de port. La largeur des sangles de fixation \u00e9lastiques peut \u00eatre facilement ajust\u00e9e. Id\u00e9al pour tous les sports et activit\u00e9s de plein air ou dans la zone de s\u00e9curit\u00e9. Les protecteurs sont toujours vendus par lot.&nbsp;<\/span><\/p>\n<p><b>Description du produit&nbsp;:<\/b><\/p>\n<ul>\n<li><span style=\"font-weight: 400;\">Mati\u00e8re&nbsp;: Nylon et plastique ind\u00e9chirables, coque de contact X-Shell&nbsp;<\/span><\/li>\n<li><span style=\"font-weight: 400;\">Rembourrage : mousse d&rsquo;\u00e9thyl\u00e8ne durable EVA Foam&nbsp;<\/span><\/li>\n<li><span style=\"font-weight: 400;\">Couleur : Vert&nbsp;&nbsp;&nbsp;<\/span><\/li>\n<li><span style=\"font-weight: 400;\">Poids : ensemble de 200 g compos\u00e9 de deux prot\u00e8ge-genoux<\/span><\/li>\n<\/ul>\n","protected":false},"excerpt":{"rendered":"<p><span style=\"font-weight: 400;\">Ces prot\u00e8ge-genoux robustes sont la protection id\u00e9ale contre les blessures.&nbsp;La base de ce protecteur est fait en nylon durable et r\u00e9sistant \u00e0 l&rsquo;abrasion, avec un rembourrage int\u00e9rieur souple pour absorber les chocs. La face avant est \u00e9quip\u00e9e d&rsquo;une coque en Xshell rivet\u00e9e en plastique dur. <\/span><\/p>\n","protected":false},"featured_media":103266,"comment_status":"closed","ping_status":"closed","template":"","meta":{"inline_featured_image":false},"product_brand":[],"product_cat":[1883],"product_tag":[1781],"class_list":{"0":"post-103262","1":"product","2":"type-product","3":"status-publish","4":"has-post-thumbnail","6":"product_cat-equipement","7":"product_tag-police-securite","9":"first","10":"instock","11":"taxable","12":"shipping-taxable","13":"purchasable","14":"product-type-simple"},"_links":{"self":[{"href":"https:\/\/metal-badge.ch\/fr\/wp-json\/wp\/v2\/product\/103262","targetHints":{"allow":["GET"]}}],"collection":[{"href":"https:\/\/metal-badge.ch\/fr\/wp-json\/wp\/v2\/product"}],"about":[{"href":"https:\/\/metal-badge.ch\/fr\/wp-json\/wp\/v2\/types\/product"}],"replies":[{"embeddable":true,"href":"https:\/\/metal-badge.ch\/fr\/wp-json\/wp\/v2\/comments?post=103262"}],"wp:featuredmedia":[{"embeddable":true,"href":"https:\/\/metal-badge.ch\/fr\/wp-json\/wp\/v2\/media\/103266"}],"wp:attachment":[{"href":"https:\/\/metal-badge.ch\/fr\/wp-json\/wp\/v2\/media?parent=103262"}],"wp:term":[{"taxonomy":"product_brand","embeddable":true,"href":"https:\/\/metal-badge.ch\/fr\/wp-json\/wp\/v2\/product_brand?post=103262"},{"taxonomy":"product_cat","embeddable":true,"href":"https:\/\/metal-badge.ch\/fr\/wp-json\/wp\/v2\/product_cat?post=103262"},{"taxonomy":"product_tag","embeddable":true,"href":"https:\/\/metal-badge.ch\/fr\/wp-json\/wp\/v2\/product_tag?post=103262"}],"curies":[{"name":"wp","href":"https:\/\/api.w.org\/{rel}","templated":true}]}}