{"id":103144,"date":"2021-04-29T07:27:53","date_gmt":"2021-04-29T05:27:54","guid":{"rendered":"https:\/\/shop.metal-badge.ch\/?post_type=product&#038;p=103144"},"modified":"2021-04-29T07:53:06","modified_gmt":"2021-04-29T05:53:06","slug":"chapeau-de-soleil-ripstop-bonnie-camouflage-noir","status":"publish","type":"product","link":"https:\/\/metal-badge.ch\/fr\/product\/103144\/chapeau-de-soleil-ripstop-bonnie-camouflage-noir\/","title":{"rendered":"Chapeau de soleil Ripstop Bonnie, camouflage noir"},"content":{"rendered":"<p><span style=\"font-weight: 400;\">Chapeau de soleil l\u00e9ger et \u00e0 s\u00e9chage rapide. Id\u00e9al pour les activit\u00e9s de plein air telles que la chasse, la p\u00eache, la randonn\u00e9e, etc. Avec 4 \u0153illets de ventilation. Le large bord prot\u00e8ge du soleil et de la pluie. Se replie pour gagner de la place. Avec un bord cousu et une bande de fermeture sur le pourtour. \u00c9lastique sur le menton avec arr\u00eat de cordon. Ce chapeau de soleil, fabriqu\u00e9 en 65 % nylon et 35 % coton de 210 g\/m\u00b2, peut \u00eatre ferm\u00e9 vers le haut par deux boutons pression.&nbsp;<\/span><\/p>\n<p><b>Description du produit :<\/b><\/p>\n<ul>\n<li><span style=\"font-weight: 400;\">Couleur : noir camouflage&nbsp;<\/span><\/li>\n<li><span style=\"font-weight: 400;\">Mati\u00e8re&nbsp;: Ripstop 65 % nylon, 35 % coton, 210 gsm<\/span><\/li>\n<li><span style=\"font-weight: 400;\">Tailles : S, M, L, XL&nbsp;<\/span><\/li>\n<li><span style=\"font-weight: 400;\">\u00c9lastique sur le menton avec arr\u00eat de cordon&nbsp;<\/span><\/li>\n<li><span style=\"font-weight: 400;\">4 \u0153illets de ventilation avec maille<\/span><\/li>\n<li><span style=\"font-weight: 400;\">Le bord peut \u00eatre fix\u00e9 en haut \u00e0 l&rsquo;aide de deux boutons pression.&nbsp;<\/span><\/li>\n<li><span style=\"font-weight: 400;\">Poids : 102 g.&nbsp;<\/span><\/li>\n<\/ul>\n<p>&nbsp;<\/p>\n","protected":false},"excerpt":{"rendered":"<p><span style=\"font-weight: 400;\">Chapeau de soleil l\u00e9ger et \u00e0 s\u00e9chage rapide. Id\u00e9al pour les activit\u00e9s de plein air telles que la chasse, la p\u00eache, la randonn\u00e9e, etc. Avec 4 \u0153illets de ventilation. Le large bord prot\u00e8ge du soleil et de la pluie. Se replie pour gagner de la place. Avec un bord cousu et une bande de fermeture sur le pourtour. \u00c9lastique sur le menton avec arr\u00eat de cordon. Ce chapeau de soleil, fabriqu\u00e9 en 65 % nylon et 35 % coton de 210 g\/m\u00b2, peut \u00eatre ferm\u00e9 vers le haut par deux boutons pression.&nbsp;<\/span><\/p>\n","protected":false},"featured_media":103148,"comment_status":"closed","ping_status":"closed","template":"","meta":{"inline_featured_image":false},"product_brand":[],"product_cat":[1622],"product_tag":[],"class_list":{"0":"post-103144","1":"product","2":"type-product","3":"status-publish","4":"has-post-thumbnail","6":"product_cat-cappes","8":"first","9":"instock","10":"taxable","11":"shipping-taxable","12":"purchasable","13":"product-type-simple"},"_links":{"self":[{"href":"https:\/\/metal-badge.ch\/fr\/wp-json\/wp\/v2\/product\/103144","targetHints":{"allow":["GET"]}}],"collection":[{"href":"https:\/\/metal-badge.ch\/fr\/wp-json\/wp\/v2\/product"}],"about":[{"href":"https:\/\/metal-badge.ch\/fr\/wp-json\/wp\/v2\/types\/product"}],"replies":[{"embeddable":true,"href":"https:\/\/metal-badge.ch\/fr\/wp-json\/wp\/v2\/comments?post=103144"}],"wp:featuredmedia":[{"embeddable":true,"href":"https:\/\/metal-badge.ch\/fr\/wp-json\/wp\/v2\/media\/103148"}],"wp:attachment":[{"href":"https:\/\/metal-badge.ch\/fr\/wp-json\/wp\/v2\/media?parent=103144"}],"wp:term":[{"taxonomy":"product_brand","embeddable":true,"href":"https:\/\/metal-badge.ch\/fr\/wp-json\/wp\/v2\/product_brand?post=103144"},{"taxonomy":"product_cat","embeddable":true,"href":"https:\/\/metal-badge.ch\/fr\/wp-json\/wp\/v2\/product_cat?post=103144"},{"taxonomy":"product_tag","embeddable":true,"href":"https:\/\/metal-badge.ch\/fr\/wp-json\/wp\/v2\/product_tag?post=103144"}],"curies":[{"name":"wp","href":"https:\/\/api.w.org\/{rel}","templated":true}]}}