{"id":103116,"date":"2021-04-29T06:30:06","date_gmt":"2021-04-29T04:30:06","guid":{"rendered":"https:\/\/shop.metal-badge.ch\/product\/103116\/beret-commando-francais-noir\/"},"modified":"2024-05-08T23:41:04","modified_gmt":"2024-05-08T21:41:04","slug":"beret-commando-francais-noir","status":"publish","type":"product","link":"https:\/\/metal-badge.ch\/fr\/product\/103116\/beret-commando-francais-noir\/","title":{"rendered":"B\u00e9ret commando fran\u00e7ais &#8211; noir"},"content":{"rendered":"<p><span style=\"font-weight: 400;\">B\u00e9ret coup\u00e9 petit sans embl\u00e8me et 100 % coton.<\/span><\/p>\n<p><span style=\"font-weight: 400;\">L\u00e9ger et confortable \u00e0 porter avec un bon ajustement.&nbsp;<\/span><\/p>\n<p><b>Description du produit :<\/b><\/p>\n<ul>\n<li><span style=\"font-weight: 400;\">Couleur : noir<\/span><\/li>\n<li><span style=\"font-weight: 400;\">Mati\u00e8re&nbsp;: 100 % coton.<\/span><\/li>\n<li><span style=\"font-weight: 400;\">Tailles : S (56 cm), M (57 cm), L (58 cm), XL (59 cm), 2XL (60 cm), 3XL (62 cm) &nbsp;&nbsp;<\/span><\/li>\n<\/ul>\n","protected":false},"excerpt":{"rendered":"<p><span style=\"font-weight: 400;\">B\u00e9ret coup\u00e9 petit sans embl\u00e8me et 100 % coton.<\/span><\/p>\n<p><span style=\"font-weight: 400;\">L\u00e9ger et confortable \u00e0 porter avec un bon ajustement.&nbsp;<\/span><\/p>\n","protected":false},"featured_media":103109,"comment_status":"closed","ping_status":"closed","template":"","meta":{"inline_featured_image":false},"product_brand":[],"product_cat":[1622],"product_tag":[],"class_list":{"0":"post-103116","1":"product","2":"type-product","3":"status-publish","4":"has-post-thumbnail","6":"product_cat-cappes","8":"first","9":"instock","10":"taxable","11":"shipping-taxable","12":"purchasable","13":"product-type-simple"},"_links":{"self":[{"href":"https:\/\/metal-badge.ch\/fr\/wp-json\/wp\/v2\/product\/103116","targetHints":{"allow":["GET"]}}],"collection":[{"href":"https:\/\/metal-badge.ch\/fr\/wp-json\/wp\/v2\/product"}],"about":[{"href":"https:\/\/metal-badge.ch\/fr\/wp-json\/wp\/v2\/types\/product"}],"replies":[{"embeddable":true,"href":"https:\/\/metal-badge.ch\/fr\/wp-json\/wp\/v2\/comments?post=103116"}],"wp:featuredmedia":[{"embeddable":true,"href":"https:\/\/metal-badge.ch\/fr\/wp-json\/wp\/v2\/media\/103109"}],"wp:attachment":[{"href":"https:\/\/metal-badge.ch\/fr\/wp-json\/wp\/v2\/media?parent=103116"}],"wp:term":[{"taxonomy":"product_brand","embeddable":true,"href":"https:\/\/metal-badge.ch\/fr\/wp-json\/wp\/v2\/product_brand?post=103116"},{"taxonomy":"product_cat","embeddable":true,"href":"https:\/\/metal-badge.ch\/fr\/wp-json\/wp\/v2\/product_cat?post=103116"},{"taxonomy":"product_tag","embeddable":true,"href":"https:\/\/metal-badge.ch\/fr\/wp-json\/wp\/v2\/product_tag?post=103116"}],"curies":[{"name":"wp","href":"https:\/\/api.w.org\/{rel}","templated":true}]}}