{"id":103104,"date":"2021-04-29T05:46:39","date_gmt":"2021-04-29T03:46:39","guid":{"rendered":"https:\/\/shop.metal-badge.ch\/product\/103104\/carquois-lateral-de-mathews\/"},"modified":"2021-04-29T05:46:39","modified_gmt":"2021-04-29T03:46:39","slug":"carquois-lateral-de-mathews","status":"publish","type":"product","link":"https:\/\/metal-badge.ch\/fr\/product\/103104\/carquois-lateral-de-mathews\/","title":{"rendered":"Carquois lat\u00e9ral de Mathews"},"content":{"rendered":"<p><span style=\"font-weight: 400;\">Joli carquois lat\u00e9ral en nylon robuste de couleur olive avec des compartiments en plastique. Il est divis\u00e9 en 4 compartiments \u00e0 fl\u00e8ches et con\u00e7u pour un total de 15 \u00e0 20 fl\u00e8ches. Le carquois est port\u00e9 sur le c\u00f4t\u00e9 avec une bandouli\u00e8re r\u00e9glable. Pour les autres accessoires, deux poches de fixation sont fix\u00e9es \u00e0 l&rsquo;ext\u00e9rieur. Une grande poche \u00e0 fermeture \u00e9clair de 28 cm x 14 cm et une poche \u00e0 velcro de 13 cm x 13 cm. Ce carquois est adapt\u00e9 aux tireurs droitiers.&nbsp;<\/span><\/p>\n<p><b>Informations du produit :<\/b><\/p>\n<ul>\n<li><span style=\"font-weight: 400;\">Carquois lat\u00e9ral&nbsp;<\/span><\/li>\n<li><span style=\"font-weight: 400;\">Pour 15 \u00e0 20 fl\u00e8ches<\/span><\/li>\n<li><span style=\"font-weight: 400;\">Mati\u00e8re&nbsp;: nylon \/ plastique<\/span><\/li>\n<li><span style=\"font-weight: 400;\">Marque : Mathews<\/span><\/li>\n<li><span style=\"font-weight: 400;\">Poids : 600 g.&nbsp;<\/span><\/li>\n<li><span style=\"font-weight: 400;\">Dimensions : profondeur d&rsquo;env. 45 cm<\/span><\/li>\n<li><span style=\"font-weight: 400;\">Couleur : olive \/ noir <\/span><\/li>\n<\/ul>\n","protected":false},"excerpt":{"rendered":"<p><span style=\"font-weight: 400;\">Joli carquois lat\u00e9ral en nylon robuste de couleur olive avec des compartiments en plastique. Il est divis\u00e9 en 4 compartiments \u00e0 fl\u00e8ches et con\u00e7u pour un total de 15 \u00e0 20 fl\u00e8ches. Le carquois est port\u00e9 sur le c\u00f4t\u00e9 avec une bandouli\u00e8re r\u00e9glable. Pour les autres accessoires, deux poches de fixation sont fix\u00e9es \u00e0 l&rsquo;ext\u00e9rieur. Une grande poche \u00e0 fermeture \u00e9clair de 28 cm x 14 cm et une poche \u00e0 velcro de 13 cm x 13 cm. Ce carquois est adapt\u00e9 aux tireurs droitiers.&nbsp;<\/span><\/p>\n","protected":false},"featured_media":103073,"comment_status":"closed","ping_status":"closed","template":"","meta":{"inline_featured_image":false},"product_brand":[],"product_cat":[1347,1475],"product_tag":[],"class_list":{"0":"post-103104","1":"product","2":"type-product","3":"status-publish","4":"has-post-thumbnail","6":"product_cat-accessoires-militaires-de-chasse","7":"product_cat-tir-a-larc-arbalete-sarbacane","9":"first","10":"instock","11":"taxable","12":"shipping-taxable","13":"purchasable","14":"product-type-simple"},"_links":{"self":[{"href":"https:\/\/metal-badge.ch\/fr\/wp-json\/wp\/v2\/product\/103104","targetHints":{"allow":["GET"]}}],"collection":[{"href":"https:\/\/metal-badge.ch\/fr\/wp-json\/wp\/v2\/product"}],"about":[{"href":"https:\/\/metal-badge.ch\/fr\/wp-json\/wp\/v2\/types\/product"}],"replies":[{"embeddable":true,"href":"https:\/\/metal-badge.ch\/fr\/wp-json\/wp\/v2\/comments?post=103104"}],"wp:featuredmedia":[{"embeddable":true,"href":"https:\/\/metal-badge.ch\/fr\/wp-json\/wp\/v2\/media\/103073"}],"wp:attachment":[{"href":"https:\/\/metal-badge.ch\/fr\/wp-json\/wp\/v2\/media?parent=103104"}],"wp:term":[{"taxonomy":"product_brand","embeddable":true,"href":"https:\/\/metal-badge.ch\/fr\/wp-json\/wp\/v2\/product_brand?post=103104"},{"taxonomy":"product_cat","embeddable":true,"href":"https:\/\/metal-badge.ch\/fr\/wp-json\/wp\/v2\/product_cat?post=103104"},{"taxonomy":"product_tag","embeddable":true,"href":"https:\/\/metal-badge.ch\/fr\/wp-json\/wp\/v2\/product_tag?post=103104"}],"curies":[{"name":"wp","href":"https:\/\/api.w.org\/{rel}","templated":true}]}}