{"id":102970,"date":"2021-04-28T04:34:40","date_gmt":"2021-04-28T02:34:40","guid":{"rendered":"https:\/\/shop.metal-badge.ch\/?post_type=product&#038;p=102970"},"modified":"2021-04-28T04:54:53","modified_gmt":"2021-04-28T02:54:53","slug":"veste-en-daim-velours-marron-2","status":"publish","type":"product","link":"https:\/\/metal-badge.ch\/fr\/product\/102970\/veste-en-daim-velours-marron-2\/","title":{"rendered":"Veste en daim \/ velours marron"},"content":{"rendered":"<p><span style=\"font-weight: 400;\">Veste de sport en cuir de ch\u00e8vre souple \u00e0 grain fin.<\/span><span style=\"font-weight: 400;\"><br \/>\n<\/span><span style=\"font-weight: 400;\">Les vestes en daim sont tr\u00e8s confortables \u00e0 porter par temps chaud car le cuir de ch\u00e8vre est tr\u00e8s poreux. <\/span><span style=\"font-weight: 400;\">Le cuir de ch\u00e8vre est de loin le meilleur type de cuir pour une veste g\u00e9n\u00e9reuse et confortable. Cela est d\u00fb au tissage tr\u00e8s dense des fibres de ce mat\u00e9riau. Cela permet de couper le cuir de ch\u00e8vre tr\u00e8s fin. On peut donc dire que le cuir de ch\u00e8vre velours est l\u00e9ger, fin et durable.<\/span><span style=\"font-weight: 400;\"> La veste en daim est facile \u00e0 nettoyer en la brossant l\u00e9g\u00e8rement et en la secouant.<\/span><\/p>\n<p><b>Informations du produit :<\/b><\/p>\n<ul>\n<li><span style=\"font-weight: 400;\">Mati\u00e8re&nbsp;: Cuir de ch\u00e8vre \/ daim<\/span><\/li>\n<li><span style=\"font-weight: 400;\">Couleur : marron<\/span><\/li>\n<li><span style=\"font-weight: 400;\">Ajustement d\u00e9contract\u00e9<\/span><\/li>\n<li><span style=\"font-weight: 400;\">2 grandes poches int\u00e9rieures<\/span><\/li>\n<li><span style=\"font-weight: 400;\">Deux grandes poches ext\u00e9rieures<\/span><\/li>\n<li><span style=\"font-weight: 400;\">2 poches \u00e0 boutons pression \u00e0 l&rsquo;ext\u00e9rieur&nbsp;&nbsp;&nbsp;<\/span><\/li>\n<li><span style=\"font-weight: 400;\">Fermeture \u00e9clair YKK avec patte de boutonnage cach\u00e9e<\/span><\/li>\n<li><span style=\"font-weight: 400;\">Poignets de manches r\u00e9glables par boutons pression<\/span><\/li>\n<li><span style=\"font-weight: 400;\">Col haut retournable<\/span><\/li>\n<li><span style=\"font-weight: 400;\">Ajustable \u00e0 la taille des deux c\u00f4t\u00e9s par un pli \u00e0 bouton<\/span><\/li>\n<li><span style=\"font-weight: 400;\">Doublure int\u00e9rieure&nbsp;: polyester&nbsp;<\/span><\/li>\n<li><span style=\"font-weight: 400;\">Poids&nbsp;: environ 900 g&nbsp;<\/span><\/li>\n<li><span style=\"font-weight: 400;\">Tailles : S, M, L, XL <\/span><span style=\"font-weight: 400;\"><br \/>\n<\/span><\/li>\n<\/ul>\n<p><span style=\"font-weight: 400;\">Vous pouvez \u00e9galement obtenir des produits surdimensionn\u00e9s ou sur mesure moyennant un suppl\u00e9ment.<\/span><\/p>\n<p>&nbsp;<\/p>\n","protected":false},"excerpt":{"rendered":"<p><span style=\"font-weight: 400;\">Veste de sport en cuir de ch\u00e8vre souple \u00e0 grain fin.<\/span><span style=\"font-weight: 400;\"><br \/>\n<\/span><span style=\"font-weight: 400;\">Les vestes en daim sont tr\u00e8s confortables \u00e0 porter par temps chaud car le cuir de ch\u00e8vre est tr\u00e8s poreux. <\/span><span style=\"font-weight: 400;\">Le cuir de ch\u00e8vre est de loin le meilleur type de cuir pour une veste g\u00e9n\u00e9reuse et confortable. Cela est d\u00fb au tissage tr\u00e8s dense des fibres de ce mat\u00e9riau. Cela permet de couper le cuir de ch\u00e8vre tr\u00e8s fin. On peut donc dire que le cuir de ch\u00e8vre velours est l\u00e9ger, fin et durable.<\/span><span style=\"font-weight: 400;\"> La veste en daim est facile \u00e0 nettoyer en la brossant l\u00e9g\u00e8rement et en la secouant.<\/span><\/p>\n","protected":false},"featured_media":102974,"comment_status":"closed","ping_status":"closed","template":"","meta":{"inline_featured_image":false},"product_brand":[],"product_cat":[1594],"product_tag":[],"class_list":{"0":"post-102970","1":"product","2":"type-product","3":"status-publish","4":"has-post-thumbnail","6":"product_cat-vestes-en-cuir","8":"first","9":"instock","10":"taxable","11":"shipping-taxable","12":"purchasable","13":"product-type-simple"},"_links":{"self":[{"href":"https:\/\/metal-badge.ch\/fr\/wp-json\/wp\/v2\/product\/102970","targetHints":{"allow":["GET"]}}],"collection":[{"href":"https:\/\/metal-badge.ch\/fr\/wp-json\/wp\/v2\/product"}],"about":[{"href":"https:\/\/metal-badge.ch\/fr\/wp-json\/wp\/v2\/types\/product"}],"replies":[{"embeddable":true,"href":"https:\/\/metal-badge.ch\/fr\/wp-json\/wp\/v2\/comments?post=102970"}],"wp:featuredmedia":[{"embeddable":true,"href":"https:\/\/metal-badge.ch\/fr\/wp-json\/wp\/v2\/media\/102974"}],"wp:attachment":[{"href":"https:\/\/metal-badge.ch\/fr\/wp-json\/wp\/v2\/media?parent=102970"}],"wp:term":[{"taxonomy":"product_brand","embeddable":true,"href":"https:\/\/metal-badge.ch\/fr\/wp-json\/wp\/v2\/product_brand?post=102970"},{"taxonomy":"product_cat","embeddable":true,"href":"https:\/\/metal-badge.ch\/fr\/wp-json\/wp\/v2\/product_cat?post=102970"},{"taxonomy":"product_tag","embeddable":true,"href":"https:\/\/metal-badge.ch\/fr\/wp-json\/wp\/v2\/product_tag?post=102970"}],"curies":[{"name":"wp","href":"https:\/\/api.w.org\/{rel}","templated":true}]}}