{"id":102878,"date":"2021-04-27T23:50:14","date_gmt":"2021-04-27T21:50:15","guid":{"rendered":"https:\/\/shop.metal-badge.ch\/?post_type=product&#038;p=102878"},"modified":"2023-09-13T19:28:56","modified_gmt":"2023-09-13T17:28:56","slug":"veste-en-cuir-de-moto-harley-davidson-pour-homme","status":"publish","type":"product","link":"https:\/\/metal-badge.ch\/fr\/product\/102878\/veste-en-cuir-de-moto-harley-davidson-pour-homme\/","title":{"rendered":"Veste en cuir de moto Harley-Davidson pour homme"},"content":{"rendered":"<p>La veste en cuir Harley-Davidson distingue les amateurs de loisirs et de motos du lot. La veste en cuir pour homme est en cuir de vachette v\u00e9ritable et \u00e9quip\u00e9e de fermetures \u00e9clair YKK de grande qualit\u00e9. Cette veste en cuir tr\u00e8s tendance, avec col montant, deux grandes poches int\u00e9rieures, deux poches ext\u00e9rieures \u00e0 fermeture \u00e9clair, ainsi que deux poches \u00e0 boutons-poussoirs offrant de nombreux espaces de rangement pour les gants, le portefeuille, le t\u00e9l\u00e9phone portable et bien plus encore attire tous les regards sur vous La veste en cuir est tr\u00e8s robuste, avec son matelassage et son rembourrage sur l&rsquo;\u00e9paule. Inscription Harley-Davidson cousue \u00e0 l&rsquo;avant et \u00e0 l&rsquo;arri\u00e8re.&nbsp; &nbsp; &nbsp; &nbsp; &nbsp; &nbsp; &nbsp; &nbsp; &nbsp; &nbsp; &nbsp; &nbsp; &nbsp; &nbsp; &nbsp; &nbsp; La veste en cuir r\u00e9sistante est confortable \u00e0 porter et offre une protection \u00e9l\u00e9gante et confortable contre le vent et les intemp\u00e9ries. Nos vestes en cuir pour hommes sont fabriqu\u00e9es \u00e0 partir de mat\u00e9riaux de haute qualit\u00e9, con\u00e7us pour la durabilit\u00e9 et le style.<\/p>\n<p><b>Informations du produit :<\/b><\/p>\n<ul>\n<li><span style=\"font-weight: 400;\">D\u00e9nomination&nbsp;: Veste en cuir Harley-Davidson&nbsp;<\/span><\/li>\n<li><span style=\"font-weight: 400;\">Mati\u00e8re&nbsp;: 100 % cuir de vachette<\/span><\/li>\n<li><span style=\"font-weight: 400;\">Rembourrage : 100 % polyester<\/span><\/li>\n<li><span style=\"font-weight: 400;\">Fente de la manche avec fermeture \u00e9clair<\/span><\/li>\n<li><span style=\"font-weight: 400;\">Rembourrage : 100 % polyester<\/span><\/li>\n<li><span style=\"font-weight: 400;\">Couleur : noir avec des bandes de cuir rouge int\u00e9gr\u00e9es<\/span><\/li>\n<li><span style=\"font-weight: 400;\">Surpiq\u00fbres rembourr\u00e9es joliment incorpor\u00e9es&nbsp;<\/span><\/li>\n<li><span style=\"font-weight: 400;\">Poids&nbsp;: environ 1490 g&nbsp;<\/span><\/li>\n<li><span style=\"font-weight: 400;\">Fermetures \u00e9clair&nbsp;: YKK<\/span><\/li>\n<li><span style=\"font-weight: 400;\">Col montant<\/span><\/li>\n<li><span style=\"font-weight: 400;\">Tr\u00e8s appropri\u00e9 pour les saisons plus fra\u00eeches<\/span><\/li>\n<li><span style=\"font-weight: 400;\">Poches : 2 poches int\u00e9rieures \/ 2 poches ext\u00e9rieures zipp\u00e9es et 2 poches ext\u00e9rieures \u00e0 boutons-pression<\/span><\/li>\n<li><span style=\"font-weight: 400;\">Tailles : S, M, L, XL, 2XL&nbsp;<\/span><\/li>\n<\/ul>\n<p><span style=\"font-weight: 400;\">Vous pouvez \u00e9galement obtenir des produits surdimensionn\u00e9s ou sur mesure moyennant un suppl\u00e9ment.<\/span><\/p>\n<p><b>Tableau des tailles : Small&nbsp;<\/b><\/p>\n<table>\n<tbody>\n<tr>\n<td><b>Tailles :&nbsp;<\/b><\/td>\n<td><b>small&nbsp;<\/b><\/td>\n<td><b>medium<\/b><\/td>\n<td><b>Large<\/b><\/td>\n<td><b>Xlarge&nbsp;<\/b><\/td>\n<td><b>2Xlarge&nbsp;<\/b><\/td>\n<\/tr>\n<tr>\n<td><b>Poitrine :<\/b><\/td>\n<td><span style=\"font-weight: 400;\">56 cm<\/span><\/td>\n<td><span style=\"font-weight: 400;\">59 cm<\/span><\/td>\n<td><span style=\"font-weight: 400;\">61 cm<\/span><\/td>\n<td><span style=\"font-weight: 400;\">64 cm<\/span><\/td>\n<td><span style=\"font-weight: 400;\">66 cm<\/span><\/td>\n<\/tr>\n<tr>\n<td><b>\u00c9paules :<\/b><\/td>\n<td><span style=\"font-weight: 400;\">49 cm<\/span><\/td>\n<td><span style=\"font-weight: 400;\">50 cm<\/span><\/td>\n<td><span style=\"font-weight: 400;\">51 cm<\/span><\/td>\n<td><span style=\"font-weight: 400;\">52 cm<\/span><\/td>\n<td><span style=\"font-weight: 400;\">54 cm<\/span><\/td>\n<\/tr>\n<tr>\n<td><b>Manches :&nbsp;<\/b><\/td>\n<td><span style=\"font-weight: 400;\">65 cm<\/span><\/td>\n<td><span style=\"font-weight: 400;\">66 cm<\/span><\/td>\n<td><span style=\"font-weight: 400;\">67 cm<\/span><\/td>\n<td><span style=\"font-weight: 400;\">69 cm<\/span><\/td>\n<td><span style=\"font-weight: 400;\">70 cm<\/span><\/td>\n<\/tr>\n<tr>\n<td><b>Longueur du dos :&nbsp;<\/b><\/td>\n<td><span style=\"font-weight: 400;\">67 cm<\/span><\/td>\n<td><span style=\"font-weight: 400;\">68 cm<\/span><\/td>\n<td><span style=\"font-weight: 400;\">70 cm<\/span><\/td>\n<td><span style=\"font-weight: 400;\">71 cm<\/span><\/td>\n<td><span style=\"font-weight: 400;\">72 cm&nbsp;<\/span><\/td>\n<\/tr>\n<\/tbody>\n<\/table>\n","protected":false},"excerpt":{"rendered":"<p>La veste en cuir Harley-Davidson distingue les amateurs de loisirs et de motos du lot. La veste en cuir pour homme est en cuir de vachette v\u00e9ritable et \u00e9quip\u00e9e de fermetures \u00e9clair YKK de grande qualit\u00e9. Cette veste en cuir tr\u00e8s tendance, avec col montant, deux grandes poches int\u00e9rieures, deux poches ext\u00e9rieures \u00e0 fermeture \u00e9clair, ainsi que deux poches \u00e0 boutons-poussoirs offrant de nombreux espaces de rangement pour les gants, le portefeuille, le t\u00e9l\u00e9phone portable et bien plus encore attire tous les regards sur vous La veste en cuir est tr\u00e8s robuste, avec son matelassage et son rembourrage sur l&rsquo;\u00e9paule. Inscription Harley-Davidson cousue \u00e0 l&rsquo;avant et \u00e0 l&rsquo;arri\u00e8re.&nbsp;<\/p>\n","protected":false},"featured_media":102882,"comment_status":"closed","ping_status":"closed","template":"","meta":{"inline_featured_image":false},"product_brand":[],"product_cat":[1594],"product_tag":[],"class_list":{"0":"post-102878","1":"product","2":"type-product","3":"status-publish","4":"has-post-thumbnail","6":"product_cat-vestes-en-cuir","8":"first","9":"instock","10":"taxable","11":"shipping-taxable","12":"purchasable","13":"product-type-simple"},"_links":{"self":[{"href":"https:\/\/metal-badge.ch\/fr\/wp-json\/wp\/v2\/product\/102878","targetHints":{"allow":["GET"]}}],"collection":[{"href":"https:\/\/metal-badge.ch\/fr\/wp-json\/wp\/v2\/product"}],"about":[{"href":"https:\/\/metal-badge.ch\/fr\/wp-json\/wp\/v2\/types\/product"}],"replies":[{"embeddable":true,"href":"https:\/\/metal-badge.ch\/fr\/wp-json\/wp\/v2\/comments?post=102878"}],"wp:featuredmedia":[{"embeddable":true,"href":"https:\/\/metal-badge.ch\/fr\/wp-json\/wp\/v2\/media\/102882"}],"wp:attachment":[{"href":"https:\/\/metal-badge.ch\/fr\/wp-json\/wp\/v2\/media?parent=102878"}],"wp:term":[{"taxonomy":"product_brand","embeddable":true,"href":"https:\/\/metal-badge.ch\/fr\/wp-json\/wp\/v2\/product_brand?post=102878"},{"taxonomy":"product_cat","embeddable":true,"href":"https:\/\/metal-badge.ch\/fr\/wp-json\/wp\/v2\/product_cat?post=102878"},{"taxonomy":"product_tag","embeddable":true,"href":"https:\/\/metal-badge.ch\/fr\/wp-json\/wp\/v2\/product_tag?post=102878"}],"curies":[{"name":"wp","href":"https:\/\/api.w.org\/{rel}","templated":true}]}}