{"id":102874,"date":"2021-04-27T23:21:16","date_gmt":"2021-04-27T21:21:16","guid":{"rendered":"https:\/\/shop.metal-badge.ch\/product\/102874\/veste-de-pilote-grise-pour-homme\/"},"modified":"2023-09-13T19:04:33","modified_gmt":"2023-09-13T17:04:33","slug":"veste-de-pilote-grise-pour-homme","status":"publish","type":"product","link":"https:\/\/metal-badge.ch\/fr\/product\/102874\/veste-de-pilote-grise-pour-homme\/","title":{"rendered":"Veste de pilote grise pour homme"},"content":{"rendered":"<p><span style=\"font-weight: 400;\">Cette magnifique veste grise en cuir d&rsquo;agneau souple conviendra aux pilotes amateurs et aux moments de loisirs pour sortir du lot. La veste en cuir pour homme est en cuir v\u00e9ritable et \u00e9quip\u00e9e de fermetures \u00e9clair YKK. Cette veste en cuir tr\u00e8s tendance avec col rond noir en tricot \u00e9lastique, deux grandes poches int\u00e9rieures, deux poches lat\u00e9rales \u00e0 l&rsquo;ext\u00e9rieur et une poche poitrine \u00e0 fermeture \u00e9clair et une poche poitrine \u00e0 bouton-pression avec de nombreux espaces de rangement pour les gants, le portefeuille, le t\u00e9l\u00e9phone portable, et bien d&rsquo;autres choses encore, attire imm\u00e9diatement le regard. <\/span><\/p>\n<p><span style=\"font-weight: 400;\">Avec poignet en tricot \u00e9lastique au bout de l&rsquo;ourlet et des manches. De plus, elle est compl\u00e9t\u00e9e par une poche \u00e0 fermeture \u00e9clair avec porte-stylo sur la manche gauche. Un autocollant portant l&rsquo;inscription \u00ab TEAM Switzerland Suisse Schweiz \u00bb est cousu sur la manche droite. La veste en cuir r\u00e9sistante est confortable \u00e0 porter et offre une protection \u00e9l\u00e9gante et confortable contre le vent et les intemp\u00e9ries. Nos vestes en cuir pour hommes sont fabriqu\u00e9es \u00e0 partir de mat\u00e9riaux de haute qualit\u00e9, con\u00e7us pour la durabilit\u00e9 et le style.&nbsp;<\/span><\/p>\n<p><b>Informations du produit :<\/b><\/p>\n<ul>\n<li><span style=\"font-weight: 400;\">D\u00e9nomination&nbsp;: Veste en cuir de pilote grise&nbsp;&nbsp;&nbsp;<\/span><\/li>\n<li><span style=\"font-weight: 400;\">Mati\u00e8re&nbsp;: 100 % cuir d\u2019agneau<\/span><\/li>\n<li><span style=\"font-weight: 400;\">Poignets, ourlet et col : ourlet tricot\u00e9 \u00e9lastique&nbsp;<\/span><\/li>\n<li><span style=\"font-weight: 400;\">Rembourrage : 100 % polyester<\/span><\/li>\n<li><span style=\"font-weight: 400;\">Couleur : gris&nbsp;&nbsp;<\/span><\/li>\n<li><span style=\"font-weight: 400;\">Poids&nbsp;: environ 850 g&nbsp;&nbsp;<\/span><\/li>\n<li><span style=\"font-weight: 400;\">Fermetures \u00e9clair&nbsp;: YKK<\/span><\/li>\n<li><span style=\"font-weight: 400;\">Tr\u00e8s appropri\u00e9 pour les saisons plus fra\u00eeches<\/span><\/li>\n<li><span style=\"font-weight: 400;\">Poches : 2x grandes poches int\u00e9rieures \/ 2x poches lat\u00e9rales \u00e0 l&rsquo;ext\u00e9rieur \/ 1x poche poitrine \u00e0 fermeture \u00e9clair \/ 1x poche poitrine \u00e0 boutons-pression \/ 1x poche manche \u00e0 fermeture \u00e9clair avec porte-stylo<\/span><\/li>\n<li><span style=\"font-weight: 400;\">Tailles : S, M, L, XL, 2XL&nbsp;<\/span><\/li>\n<\/ul>\n<p><strong>La veste est \u00e9galement disponible sans broderie sur la manche.&nbsp;<\/strong><\/p>\n<p><span style=\"font-weight: 400;\">Vous pouvez \u00e9galement obtenir des produits surdimensionn\u00e9s ou sur mesure moyennant un suppl\u00e9ment.<\/span><\/p>\n<p><b>Tableau des tailles : Small&nbsp;<\/b><\/p>\n<table>\n<tbody>\n<tr>\n<td><b>Tailles :&nbsp;<\/b><\/td>\n<td><b>small&nbsp;<\/b><\/td>\n<td><b>medium<\/b><\/td>\n<td><b>Large<\/b><\/td>\n<td><b>Xlarge&nbsp;<\/b><\/td>\n<td><b>2Xlarge&nbsp;<\/b><\/td>\n<\/tr>\n<tr>\n<td><b>Poitrine :<\/b><\/td>\n<td><span style=\"font-weight: 400;\">56 cm<\/span><\/td>\n<td><span style=\"font-weight: 400;\">59 cm<\/span><\/td>\n<td><span style=\"font-weight: 400;\">61 cm<\/span><\/td>\n<td><span style=\"font-weight: 400;\">64 cm<\/span><\/td>\n<td><span style=\"font-weight: 400;\">66 cm<\/span><\/td>\n<\/tr>\n<tr>\n<td><b>\u00c9paules :<\/b><\/td>\n<td><span style=\"font-weight: 400;\">49 cm<\/span><\/td>\n<td><span style=\"font-weight: 400;\">50 cm<\/span><\/td>\n<td><span style=\"font-weight: 400;\">51 cm<\/span><\/td>\n<td><span style=\"font-weight: 400;\">52 cm<\/span><\/td>\n<td><span style=\"font-weight: 400;\">54 cm<\/span><\/td>\n<\/tr>\n<tr>\n<td><b>Manches :&nbsp;<\/b><\/td>\n<td><span style=\"font-weight: 400;\">65 cm<\/span><\/td>\n<td><span style=\"font-weight: 400;\">66 cm<\/span><\/td>\n<td><span style=\"font-weight: 400;\">67 cm<\/span><\/td>\n<td><span style=\"font-weight: 400;\">69 cm<\/span><\/td>\n<td><span style=\"font-weight: 400;\">70 cm<\/span><\/td>\n<\/tr>\n<tr>\n<td><b>Longueur du dos :&nbsp;<\/b><\/td>\n<td><span style=\"font-weight: 400;\">67 cm<\/span><\/td>\n<td><span style=\"font-weight: 400;\">68 cm<\/span><\/td>\n<td><span style=\"font-weight: 400;\">70 cm<\/span><\/td>\n<td><span style=\"font-weight: 400;\">71 cm<\/span><\/td>\n<td><span style=\"font-weight: 400;\">72 cm&nbsp;<\/span><\/td>\n<\/tr>\n<\/tbody>\n<\/table>\n","protected":false},"excerpt":{"rendered":"<p><span style=\"font-weight: 400;\">Cette magnifique veste grise en cuir d&rsquo;agneau souple conviendra aux pilotes amateurs et aux moments de loisirs pour sortir du lot. La veste en cuir pour homme est en cuir v\u00e9ritable et \u00e9quip\u00e9e de fermetures \u00e9clair YKK. Cette veste en cuir tr\u00e8s tendance avec col rond noir en tricot \u00e9lastique, deux grandes poches int\u00e9rieures, deux poches lat\u00e9rales \u00e0 l&rsquo;ext\u00e9rieur et une poche poitrine \u00e0 fermeture \u00e9clair et une poche poitrine \u00e0 bouton-pression avec de nombreux espaces de rangement pour les gants, le portefeuille, le t\u00e9l\u00e9phone portable, et bien d&rsquo;autres choses encore, attire imm\u00e9diatement le regard.<\/span><\/p>\n<p><strong>La veste est \u00e9galement disponible sans broderie sur la manche.&nbsp;<\/strong><\/p>\n","protected":false},"featured_media":102839,"comment_status":"closed","ping_status":"closed","template":"","meta":{"inline_featured_image":false},"product_brand":[],"product_cat":[1594],"product_tag":[],"class_list":{"0":"post-102874","1":"product","2":"type-product","3":"status-publish","4":"has-post-thumbnail","6":"product_cat-vestes-en-cuir","8":"first","9":"instock","10":"taxable","11":"shipping-taxable","12":"purchasable","13":"product-type-simple"},"_links":{"self":[{"href":"https:\/\/metal-badge.ch\/fr\/wp-json\/wp\/v2\/product\/102874","targetHints":{"allow":["GET"]}}],"collection":[{"href":"https:\/\/metal-badge.ch\/fr\/wp-json\/wp\/v2\/product"}],"about":[{"href":"https:\/\/metal-badge.ch\/fr\/wp-json\/wp\/v2\/types\/product"}],"replies":[{"embeddable":true,"href":"https:\/\/metal-badge.ch\/fr\/wp-json\/wp\/v2\/comments?post=102874"}],"wp:featuredmedia":[{"embeddable":true,"href":"https:\/\/metal-badge.ch\/fr\/wp-json\/wp\/v2\/media\/102839"}],"wp:attachment":[{"href":"https:\/\/metal-badge.ch\/fr\/wp-json\/wp\/v2\/media?parent=102874"}],"wp:term":[{"taxonomy":"product_brand","embeddable":true,"href":"https:\/\/metal-badge.ch\/fr\/wp-json\/wp\/v2\/product_brand?post=102874"},{"taxonomy":"product_cat","embeddable":true,"href":"https:\/\/metal-badge.ch\/fr\/wp-json\/wp\/v2\/product_cat?post=102874"},{"taxonomy":"product_tag","embeddable":true,"href":"https:\/\/metal-badge.ch\/fr\/wp-json\/wp\/v2\/product_tag?post=102874"}],"curies":[{"name":"wp","href":"https:\/\/api.w.org\/{rel}","templated":true}]}}