{"id":102806,"date":"2021-04-27T19:58:41","date_gmt":"2021-04-27T17:58:41","guid":{"rendered":"https:\/\/shop.metal-badge.ch\/?post_type=product&#038;p=102806"},"modified":"2021-04-27T20:10:20","modified_gmt":"2021-04-27T18:10:20","slug":"tapis-isolant-et-de-sommeil-de-camping","status":"publish","type":"product","link":"https:\/\/metal-badge.ch\/fr\/product\/102806\/tapis-isolant-et-de-sommeil-de-camping\/","title":{"rendered":"Tapis isolant et de sommeil de camping"},"content":{"rendered":"<p><span style=\"font-weight: 400;\">Tapis isolant autogonflable avec rev\u00eatement doux. La grande chambre de la surface de couchage se gonfle en ouvrant la valve principale. Cette chambre est automatiquement gonfl\u00e9e en 30 secondes environ. Le matelas peut \u00eatre gonfl\u00e9 un peu plus fort en le regonflant. Fermez la vanne, et c&rsquo;est termin\u00e9 ! Ce matelas a de tr\u00e8s bonnes propri\u00e9t\u00e9s d&rsquo;isolation et prot\u00e8ge du froid et de l&rsquo;humidit\u00e9 du sol. Gr\u00e2ce au matelas isolant int\u00e9gr\u00e9, vous ne sentirez pas les pierres, m\u00eame sur un sol dur, et pourrez bien dormir avec ce matelas. Le matelas est tr\u00e8s lavable et 100 % imperm\u00e9able. Ce matelas en PVC robuste et durable avec matelas int\u00e9gr\u00e9 est id\u00e9al pour les voyages, le camping ou la plage. Livr\u00e9 dans un sac en nylon peu encombrant. Le matelas est plat d&rsquo;un c\u00f4t\u00e9 et moelleux de l&rsquo;autre pour un meilleur confort de sommeil. Choisissez le c\u00f4t\u00e9 qui vous convient le mieux.&nbsp;<\/span><\/p>\n<p><b>Informations du produit :<\/b><\/p>\n<ul>\n<li><span style=\"font-weight: 400;\">Matelas<\/span><\/li>\n<li><span style=\"font-weight: 400;\">Avec sac en nylon&nbsp;<\/span><\/li>\n<li><span style=\"font-weight: 400;\">Autogonflable<\/span><\/li>\n<li><span style=\"font-weight: 400;\">Mati\u00e8re&nbsp;: PVC&nbsp;&nbsp;<\/span><\/li>\n<li><span style=\"font-weight: 400;\">Poids : 1700 g&nbsp;<\/span><\/li>\n<li><span style=\"font-weight: 400;\">Dimensions : 190 cm x 60 cm x 6 cm<\/span><\/li>\n<li><span style=\"font-weight: 400;\">Dimensions pli\u00e9&nbsp;: 64 cm x 13 cm&nbsp;<\/span><\/li>\n<li><span style=\"font-weight: 400;\">Couleur : vert olive&nbsp;<\/span><\/li>\n<\/ul>\n","protected":false},"excerpt":{"rendered":"<p><span style=\"font-weight: 400;\">Tapis isolant autogonflable avec rev\u00eatement doux. La grande chambre de la surface de couchage se gonfle en ouvrant la valve principale. Cette chambre est automatiquement gonfl\u00e9e en 30 secondes environ. Le matelas peut \u00eatre gonfl\u00e9 un peu plus fort en le regonflant. Fermez la vanne, et c&rsquo;est termin\u00e9 !<\/span><\/p>\n","protected":false},"featured_media":102810,"comment_status":"closed","ping_status":"closed","template":"","meta":{"inline_featured_image":false},"product_brand":[],"product_cat":[1435,1694],"product_tag":[],"class_list":{"0":"post-102806","1":"product","2":"type-product","3":"status-publish","4":"has-post-thumbnail","6":"product_cat-camping-voyage","7":"product_cat-sacs-de-couchage-sacs-de-bivouac-hamacs","9":"first","10":"instock","11":"taxable","12":"shipping-taxable","13":"purchasable","14":"product-type-simple"},"_links":{"self":[{"href":"https:\/\/metal-badge.ch\/fr\/wp-json\/wp\/v2\/product\/102806","targetHints":{"allow":["GET"]}}],"collection":[{"href":"https:\/\/metal-badge.ch\/fr\/wp-json\/wp\/v2\/product"}],"about":[{"href":"https:\/\/metal-badge.ch\/fr\/wp-json\/wp\/v2\/types\/product"}],"replies":[{"embeddable":true,"href":"https:\/\/metal-badge.ch\/fr\/wp-json\/wp\/v2\/comments?post=102806"}],"wp:featuredmedia":[{"embeddable":true,"href":"https:\/\/metal-badge.ch\/fr\/wp-json\/wp\/v2\/media\/102810"}],"wp:attachment":[{"href":"https:\/\/metal-badge.ch\/fr\/wp-json\/wp\/v2\/media?parent=102806"}],"wp:term":[{"taxonomy":"product_brand","embeddable":true,"href":"https:\/\/metal-badge.ch\/fr\/wp-json\/wp\/v2\/product_brand?post=102806"},{"taxonomy":"product_cat","embeddable":true,"href":"https:\/\/metal-badge.ch\/fr\/wp-json\/wp\/v2\/product_cat?post=102806"},{"taxonomy":"product_tag","embeddable":true,"href":"https:\/\/metal-badge.ch\/fr\/wp-json\/wp\/v2\/product_tag?post=102806"}],"curies":[{"name":"wp","href":"https:\/\/api.w.org\/{rel}","templated":true}]}}