{"id":102674,"date":"2021-04-27T17:10:24","date_gmt":"2021-04-27T15:10:24","guid":{"rendered":"https:\/\/shop.metal-badge.ch\/?post_type=product&#038;p=102674"},"modified":"2021-04-27T17:21:04","modified_gmt":"2021-04-27T15:21:04","slug":"coussin-gonflable","status":"publish","type":"product","link":"https:\/\/metal-badge.ch\/fr\/product\/102674\/coussin-gonflable\/","title":{"rendered":"Coussin gonflable"},"content":{"rendered":"<p><span style=\"font-weight: 400;\">\u200cCe coussin de voyage pratique convient au camping, aux longs vols ou m\u00eame aux voyages en train et en voiture. Le coussin d&rsquo;air se gonfle tr\u00e8s rapidement en 2 \u00e0 4 respirations gr\u00e2ce \u00e0 la grande valve avec bouton poussoir. En appuyant sur un bouton, l&rsquo;air peut \u00eatre expuls\u00e9 en quelques secondes et l&rsquo;oreiller peut \u00eatre rang\u00e9 dans le sac de rangement. Tr\u00e8s l\u00e9ger, prend peu de place. Le dos du coussin est muni de picots antid\u00e9rapants. La surface est constitu\u00e9e d&rsquo;un mat\u00e9riau doux et pelucheux. La mati\u00e8re externe est respirante, r\u00e9gulatrice d&rsquo;humidit\u00e9 et confortable. Le coussin est \u00e9galement parfaitement \u00e9tanche \u00e0 l&rsquo;air et \u00e0 l&rsquo;eau pour pouvoir l&#8217;emmener \u00e0 la piscine et \u00e0 la plage.&nbsp;<\/span><\/p>\n<p><b>Description du produit&nbsp;:&nbsp;<\/b><\/p>\n<ul>\n<li><span style=\"font-weight: 400;\">Mod\u00e8le : redcamp<\/span><\/li>\n<li><span style=\"font-weight: 400;\">Couleur : brun<\/span><\/li>\n<li><span style=\"font-weight: 400;\">Autogonflant<\/span><\/li>\n<li><span style=\"font-weight: 400;\">Face arri\u00e8re avec picots antid\u00e9rapants<\/span><\/li>\n<li><span style=\"font-weight: 400;\">Poids : 140 g&nbsp;<\/span><\/li>\n<li><span style=\"font-weight: 400;\">Rev\u00eatement : vinyle<\/span><\/li>\n<li><span style=\"font-weight: 400;\">Dimensions : longueur 45 cm x largeur 32 cm x hauteur 15 cm <\/span><\/li>\n<\/ul>\n","protected":false},"excerpt":{"rendered":"<p><span style=\"font-weight: 400;\">\u200cCe coussin de voyage pratique convient au camping, aux longs vols ou m\u00eame aux voyages en train et en voiture. Le coussin d&rsquo;air se gonfle tr\u00e8s rapidement en 2 \u00e0 4 respirations gr\u00e2ce \u00e0 la grande valve avec bouton poussoir. En appuyant sur un bouton, l&rsquo;air peut \u00eatre expuls\u00e9 en quelques secondes et l&rsquo;oreiller peut \u00eatre rang\u00e9 dans le sac de rangement. <\/span><\/p>\n","protected":false},"featured_media":102678,"comment_status":"closed","ping_status":"closed","template":"","meta":{"inline_featured_image":false},"product_brand":[],"product_cat":[1435,1694],"product_tag":[],"class_list":{"0":"post-102674","1":"product","2":"type-product","3":"status-publish","4":"has-post-thumbnail","6":"product_cat-camping-voyage","7":"product_cat-sacs-de-couchage-sacs-de-bivouac-hamacs","9":"first","10":"instock","11":"taxable","12":"shipping-taxable","13":"purchasable","14":"product-type-simple"},"_links":{"self":[{"href":"https:\/\/metal-badge.ch\/fr\/wp-json\/wp\/v2\/product\/102674","targetHints":{"allow":["GET"]}}],"collection":[{"href":"https:\/\/metal-badge.ch\/fr\/wp-json\/wp\/v2\/product"}],"about":[{"href":"https:\/\/metal-badge.ch\/fr\/wp-json\/wp\/v2\/types\/product"}],"replies":[{"embeddable":true,"href":"https:\/\/metal-badge.ch\/fr\/wp-json\/wp\/v2\/comments?post=102674"}],"wp:featuredmedia":[{"embeddable":true,"href":"https:\/\/metal-badge.ch\/fr\/wp-json\/wp\/v2\/media\/102678"}],"wp:attachment":[{"href":"https:\/\/metal-badge.ch\/fr\/wp-json\/wp\/v2\/media?parent=102674"}],"wp:term":[{"taxonomy":"product_brand","embeddable":true,"href":"https:\/\/metal-badge.ch\/fr\/wp-json\/wp\/v2\/product_brand?post=102674"},{"taxonomy":"product_cat","embeddable":true,"href":"https:\/\/metal-badge.ch\/fr\/wp-json\/wp\/v2\/product_cat?post=102674"},{"taxonomy":"product_tag","embeddable":true,"href":"https:\/\/metal-badge.ch\/fr\/wp-json\/wp\/v2\/product_tag?post=102674"}],"curies":[{"name":"wp","href":"https:\/\/api.w.org\/{rel}","templated":true}]}}