{"id":102670,"date":"2021-04-27T16:34:25","date_gmt":"2021-04-27T14:34:25","guid":{"rendered":"https:\/\/shop.metal-badge.ch\/product\/102670\/coussin-de-siege-autogonflable\/"},"modified":"2021-04-27T16:34:25","modified_gmt":"2021-04-27T14:34:25","slug":"coussin-de-siege-autogonflable","status":"publish","type":"product","link":"https:\/\/metal-badge.ch\/fr\/product\/102670\/coussin-de-siege-autogonflable\/","title":{"rendered":"Coussin de si\u00e8ge autogonflable"},"content":{"rendered":"<p><span style=\"font-weight: 400;\">Ce tapis de si\u00e8ge autogonflant avec Mil-Tec est peu encombrant, l\u00e9ger et tr\u00e8s pratique. Le mat\u00e9riau robuste est facile \u00e0 nettoyer et tr\u00e8s doux. En ouvrant la valve, la mousse \u00e0 pores ouverts qui se trouve \u00e0 l&rsquo;int\u00e9rieur se remplit d&rsquo;air. Le dos est muni de picots antid\u00e9rapants. Id\u00e9al pour le camping, la p\u00eache, le jardinage, la randonn\u00e9e ou comme coussin occasionnel pour s&rsquo;asseoir.&nbsp;<\/span><\/p>\n<p><b>Description du produit&nbsp;:&nbsp;<\/b><\/p>\n<ul>\n<li><span style=\"font-weight: 400;\">Mod\u00e8le : redcamp<\/span><\/li>\n<li><span style=\"font-weight: 400;\">Couleur : bleu<\/span><\/li>\n<li><span style=\"font-weight: 400;\">Face arri\u00e8re avec picots antid\u00e9rapants<\/span><\/li>\n<li><span style=\"font-weight: 400;\">Autogonflant<\/span><\/li>\n<li><span style=\"font-weight: 400;\">Poids : 160 g&nbsp;<\/span><\/li>\n<li><span style=\"font-weight: 400;\">Rev\u00eatement : vinyle<\/span><\/li>\n<li><span style=\"font-weight: 400;\">Dimensions : longueur 35 cm x largeur 30 cm x hauteur 10 cm<\/span><\/li>\n<\/ul>\n","protected":false},"excerpt":{"rendered":"<p><span style=\"font-weight: 400;\">Ce tapis de si\u00e8ge autogonflant avec Mil-Tec est peu encombrant, l\u00e9ger et tr\u00e8s pratique. Le mat\u00e9riau robuste est facile \u00e0 nettoyer et tr\u00e8s doux. En ouvrant la valve, la mousse \u00e0 pores ouverts qui se trouve \u00e0 l&rsquo;int\u00e9rieur se remplit d&rsquo;air. Le dos est muni de picots antid\u00e9rapants. Id\u00e9al pour le camping, la p\u00eache, le jardinage, la randonn\u00e9e ou comme coussin occasionnel pour s&rsquo;asseoir.&nbsp;<\/span><\/p>\n","protected":false},"featured_media":102651,"comment_status":"closed","ping_status":"closed","template":"","meta":{"inline_featured_image":false},"product_brand":[],"product_cat":[1435,1694],"product_tag":[],"class_list":{"0":"post-102670","1":"product","2":"type-product","3":"status-publish","4":"has-post-thumbnail","6":"product_cat-camping-voyage","7":"product_cat-sacs-de-couchage-sacs-de-bivouac-hamacs","9":"first","10":"instock","11":"taxable","12":"shipping-taxable","13":"purchasable","14":"product-type-simple"},"_links":{"self":[{"href":"https:\/\/metal-badge.ch\/fr\/wp-json\/wp\/v2\/product\/102670","targetHints":{"allow":["GET"]}}],"collection":[{"href":"https:\/\/metal-badge.ch\/fr\/wp-json\/wp\/v2\/product"}],"about":[{"href":"https:\/\/metal-badge.ch\/fr\/wp-json\/wp\/v2\/types\/product"}],"replies":[{"embeddable":true,"href":"https:\/\/metal-badge.ch\/fr\/wp-json\/wp\/v2\/comments?post=102670"}],"wp:featuredmedia":[{"embeddable":true,"href":"https:\/\/metal-badge.ch\/fr\/wp-json\/wp\/v2\/media\/102651"}],"wp:attachment":[{"href":"https:\/\/metal-badge.ch\/fr\/wp-json\/wp\/v2\/media?parent=102670"}],"wp:term":[{"taxonomy":"product_brand","embeddable":true,"href":"https:\/\/metal-badge.ch\/fr\/wp-json\/wp\/v2\/product_brand?post=102670"},{"taxonomy":"product_cat","embeddable":true,"href":"https:\/\/metal-badge.ch\/fr\/wp-json\/wp\/v2\/product_cat?post=102670"},{"taxonomy":"product_tag","embeddable":true,"href":"https:\/\/metal-badge.ch\/fr\/wp-json\/wp\/v2\/product_tag?post=102670"}],"curies":[{"name":"wp","href":"https:\/\/api.w.org\/{rel}","templated":true}]}}