{"id":102646,"date":"2021-04-27T16:04:09","date_gmt":"2021-04-27T14:04:09","guid":{"rendered":"https:\/\/shop.metal-badge.ch\/?post_type=product&#038;p=102646"},"modified":"2021-06-23T02:32:07","modified_gmt":"2021-06-23T00:32:07","slug":"filtre-au-charbon-interchangeable-pour-masque-de-protection-pm25","status":"publish","type":"product","link":"https:\/\/metal-badge.ch\/fr\/product\/102646\/filtre-au-charbon-interchangeable-pour-masque-de-protection-pm25\/","title":{"rendered":"Filtre au charbon interchangeable pour masque de protection PM2,5\u00a0"},"content":{"rendered":"<p><span style=\"font-weight: 400;\">Le filtre du masque en tissu est constitu\u00e9 de 4 couches diff\u00e9rentes. Une poche est cousue \u00e0 l&rsquo;int\u00e9rieur pour ins\u00e9rer facilement le filtre au charbon PM2,5.&nbsp;Le masque peut \u00eatre port\u00e9 avec ou sans filtre. Une meilleure protection est cependant assur\u00e9e avec le filtre.&nbsp;<\/span><\/p>\n<p><b>Filtre interchangeable \u00e0 charbon actif<\/b><\/p>\n<p><span style=\"font-weight: 400;\">Nos filtres \u00e0 charbon actif sont constitu\u00e9s de cinq couches diff\u00e9rentes et peuvent filtrer des particules de poussi\u00e8re fines de jusqu&rsquo;\u00e0 2,5 microm\u00e8tres (PM &#8211; Particulate Matter). <\/span><span style=\"font-weight: 400;\">Les filtres interchangeables sont produits selon la <\/span><span style=\"font-weight: 400;\">norme GB2626-2006<\/span><span style=\"font-weight: 400;\"> et ont une efficacit\u00e9 de filtrage de 97,8 %.<\/span><span style=\"font-weight: 400;\"> Les filtres sont con\u00e7us pour les masques avec poche int\u00e9rieure de la marque Community<\/span><\/p>\n<p><b>Application<\/b><\/p>\n<p><span style=\"font-weight: 400;\">Lavez-vous les mains avant de manipuler le filtre. Faites glisser le filtre \u00e0 visser dans la poche int\u00e9rieure d\u00e9sign\u00e9e du masque Community. Le filtre peut \u00eatre utilis\u00e9 des deux c\u00f4t\u00e9s. Apr\u00e8s environ 6 \u00e0 8 heures d&rsquo;utilisation, ou lorsque le filtre est mouill\u00e9, il doit \u00eatre \u00e9limin\u00e9 correctement et remplac\u00e9 par un nouveau filtre.<\/span><\/p>\n<p><b>Informations compl\u00e9mentaires<\/b><\/p>\n<ul>\n<li><span style=\"font-weight: 400;\">Produit : filtre de rechange<\/span><\/li>\n<li><span style=\"font-weight: 400;\">Mati\u00e8re : tissu non tiss\u00e9 en charbon actif<\/span><\/li>\n<li><span style=\"font-weight: 400;\">Taille l : 7,5 x H : 12,5 cm<\/span><\/li>\n<li><span style=\"font-weight: 400;\">Unit\u00e9 d&#8217;emballage 5 unit\u00e9s \/ sachet<\/span><\/li>\n<li><span style=\"font-weight: 400;\">Couleur blanc<\/span><\/li>\n<li><span style=\"font-weight: 400;\">V\u00e9rifi\u00e9 par TTTS<\/span><\/li>\n<li><span style=\"font-weight: 400;\">Norme GB 2626-2006<\/span><\/li>\n<\/ul>\n","protected":false},"excerpt":{"rendered":"<p><span style=\"font-weight: 400;\">Le filtre du masque en tissu est constitu\u00e9 de 4 couches diff\u00e9rentes. Une poche est cousue \u00e0 l&rsquo;int\u00e9rieur pour ins\u00e9rer facilement le filtre au charbon PM2,5.&nbsp;Le masque peut \u00eatre port\u00e9 avec ou sans filtre. Une meilleure protection est cependant assur\u00e9e avec le filtre.&nbsp;<\/span><\/p>\n","protected":false},"featured_media":102497,"comment_status":"closed","ping_status":"closed","template":"","meta":{"inline_featured_image":false},"product_brand":[],"product_cat":[1639],"product_tag":[],"class_list":{"0":"post-102646","1":"product","2":"type-product","3":"status-publish","4":"has-post-thumbnail","6":"product_cat-protection-du-visage-masques","8":"first","9":"instock","10":"taxable","11":"shipping-taxable","12":"purchasable","13":"product-type-simple"},"_links":{"self":[{"href":"https:\/\/metal-badge.ch\/fr\/wp-json\/wp\/v2\/product\/102646","targetHints":{"allow":["GET"]}}],"collection":[{"href":"https:\/\/metal-badge.ch\/fr\/wp-json\/wp\/v2\/product"}],"about":[{"href":"https:\/\/metal-badge.ch\/fr\/wp-json\/wp\/v2\/types\/product"}],"replies":[{"embeddable":true,"href":"https:\/\/metal-badge.ch\/fr\/wp-json\/wp\/v2\/comments?post=102646"}],"wp:featuredmedia":[{"embeddable":true,"href":"https:\/\/metal-badge.ch\/fr\/wp-json\/wp\/v2\/media\/102497"}],"wp:attachment":[{"href":"https:\/\/metal-badge.ch\/fr\/wp-json\/wp\/v2\/media?parent=102646"}],"wp:term":[{"taxonomy":"product_brand","embeddable":true,"href":"https:\/\/metal-badge.ch\/fr\/wp-json\/wp\/v2\/product_brand?post=102646"},{"taxonomy":"product_cat","embeddable":true,"href":"https:\/\/metal-badge.ch\/fr\/wp-json\/wp\/v2\/product_cat?post=102646"},{"taxonomy":"product_tag","embeddable":true,"href":"https:\/\/metal-badge.ch\/fr\/wp-json\/wp\/v2\/product_tag?post=102646"}],"curies":[{"name":"wp","href":"https:\/\/api.w.org\/{rel}","templated":true}]}}