{"id":102576,"date":"2021-04-26T10:56:06","date_gmt":"2021-04-26T08:56:07","guid":{"rendered":"https:\/\/shop.metal-badge.ch\/?post_type=product&#038;p=102576"},"modified":"2021-06-23T03:29:53","modified_gmt":"2021-06-23T01:29:53","slug":"masques-en-tissu-textile-lavables-brun-orange","status":"publish","type":"product","link":"https:\/\/metal-badge.ch\/fr\/product\/102576\/masques-en-tissu-textile-lavables-brun-orange\/","title":{"rendered":"Masques en tissu \/ textile lavables &#8211; brun \/ orang\u00e9"},"content":{"rendered":"<p><span style=\"font-weight: 400;\">Les nouveaux masques IF sont \u00e9quip\u00e9s d&rsquo;un filtre \u00e0 carbone PM2.5 int\u00e9gr\u00e9.&nbsp; Le masque en tissu est plus confortable \u00e0 porter qu&rsquo;un masque jetable et encore plus respectueux de l&rsquo;environnement. Respirant et non agressif pour la peau, m\u00eame pour les porteurs de lunettes. Menton et nez pr\u00e9form\u00e9s pour un ajustement parfait garanti. 1 filtre est d\u00e9j\u00e0 ins\u00e9r\u00e9 dans le masque. <strong>Un jeu de 5 filtres est \u00e9galement inclus dans la livraison.<\/strong> Les masques sont lavables \u00e0 60\u00b0 degr\u00e9s et r\u00e9utilisables sans perte de qualit\u00e9. La taille est r\u00e9glable au niveau des oreilles.&nbsp;<\/span><\/p>\n<p><strong>\u00c0 partir de 200 unit\u00e9s, nous pouvons livrer ces masques avec le logo de votre entreprise ou avec une impression sp\u00e9ciale pour le m\u00eame prix, sur demande du client. Contactez-nous !<\/strong><\/p>\n<p><span style=\"font-weight: 400;\">Les masques en tissu ne sont pas des produits m\u00e9dicaux mais sont test\u00e9s et approuv\u00e9s selon la norme ISO 14184. Gr\u00e2ce \u00e0 leur filtre, offrent une protection contre les infections. Ils peuvent \u00eatre class\u00e9s comme des masques FFP2.&nbsp;<\/span><\/p>\n<p><span style=\"font-weight: 400;\">Le port d&rsquo;un masque procure plus de bien-\u00eatre lors que vous \u00eates hors de chez vous et montre que vous faites attention aux autres.&nbsp;<\/span><\/p>\n<p><b>Informations du produit :&nbsp;<\/b><\/p>\n<ul>\n<li><span style=\"font-weight: 400;\">D\u00e9nomination : masque en tissu r\u00e9utilisable&nbsp;<\/span><\/li>\n<li><span style=\"font-weight: 400;\">Mati\u00e8re&nbsp;: 80 % coton \/ 20 % polyester&nbsp;<\/span><\/li>\n<li><span style=\"font-weight: 400;\">Couleurs : Diff\u00e9rents motifs et couleurs disponibles&nbsp;<\/span><\/li>\n<li><span style=\"font-weight: 400;\">Boucles pour les oreilles r\u00e9glables en longueur avec des bandes \u00e9lastiques souples &#8211; pas d&rsquo;effet de frottement, et adapt\u00e9es \u00e0 tout type de tour de t\u00eate gr\u00e2ce \u00e0 la possibilit\u00e9 de les r\u00e9gler<\/span><\/li>\n<li><span style=\"font-weight: 400;\">Ajustement agr\u00e9able, tr\u00e8s confortable<\/span><\/li>\n<li><span style=\"font-weight: 400;\">Conception ergonomique, id\u00e9ale pour le port de lunettes<\/span><\/li>\n<li><span style=\"font-weight: 400;\">Menton et nez pr\u00e9form\u00e9s pour un ajustement parfait<\/span><\/li>\n<li><span style=\"font-weight: 400;\">Lavable et r\u00e9utilisable &#8211; peut \u00e9galement \u00eatre lav\u00e9 \u00e0 haute temp\u00e9rature (60 \u00b0C) pour tuer les germes.<\/span><\/li>\n<li><span style=\"font-weight: 400;\">Dimensions du masque : Hauteur 12 cm \/ Largeur 22 cm<\/span><\/li>\n<li><span style=\"font-weight: 400;\">Filtre : Filtre \u00e0 charbon actif PM2,5&nbsp;<\/span><\/li>\n<li><span style=\"font-weight: 400;\">Filtre facile \u00e0 changer<\/span><\/li>\n<li><span style=\"font-weight: 400;\">Dimensions des cartouches de filtre : Largeur&nbsp;: 8 cm \/ Longueur : 12 cm<\/span><\/li>\n<li><span style=\"font-weight: 400;\">Filtres de rechange : ensemble de 5 filtres compris dans la livraison<\/span><\/li>\n<\/ul>\n<p><b>Filtre au charbon interchangeable pour masque de protection PM2,5&nbsp;<\/b><\/p>\n<p><span style=\"font-weight: 400;\">Le filtre du masque en tissu est constitu\u00e9 de 4 couches diff\u00e9rentes. Une poche est cousue \u00e0 l&rsquo;int\u00e9rieur pour ins\u00e9rer facilement le filtre au charbon PM2,5.&nbsp;Le masque peut \u00eatre port\u00e9 avec ou sans filtre. Une meilleure protection est cependant assur\u00e9e avec le filtre.&nbsp;<\/span><\/p>\n<p><b>Filtre interchangeable \u00e0 charbon actif<\/b><\/p>\n<p><span style=\"font-weight: 400;\">Nos filtres \u00e0 charbon actif sont constitu\u00e9s de cinq couches diff\u00e9rentes et peuvent filtrer des particules de poussi\u00e8re fines de jusqu&rsquo;\u00e0 2,5 microm\u00e8tres (PM &#8211; Particulate Matter). <\/span><span style=\"font-weight: 400;\">Les filtres interchangeables sont produits selon la <\/span><span style=\"font-weight: 400;\">norme GB2626-2006<\/span><span style=\"font-weight: 400;\"> et ont une efficacit\u00e9 de filtrage de 97,8 %.<\/span><span style=\"font-weight: 400;\"> Les filtres sont con\u00e7us pour les masques avec poche int\u00e9rieure de la marque Community<\/span><\/p>\n<p><b>Application<\/b><\/p>\n<p><span style=\"font-weight: 400;\">Lavez-vous les mains avant de manipuler le filtre. Faites glisser le filtre \u00e0 visser dans la poche int\u00e9rieure d\u00e9sign\u00e9e du masque Community. Le filtre peut \u00eatre utilis\u00e9 des deux c\u00f4t\u00e9s. Apr\u00e8s environ 6 \u00e0 8 heures d&rsquo;utilisation, ou lorsque le filtre est mouill\u00e9, il doit \u00eatre \u00e9limin\u00e9 correctement et remplac\u00e9 par un nouveau filtre.<\/span><\/p>\n<p><b>Informations compl\u00e9mentaires<\/b><\/p>\n<ul>\n<li><span style=\"font-weight: 400;\">Produit : filtre de rechange<\/span><\/li>\n<li><span style=\"font-weight: 400;\">Mati\u00e8re : tissu non tiss\u00e9 en charbon actif<\/span><\/li>\n<li><span style=\"font-weight: 400;\">Taille l : 7,5 x H : 12,5 cm<\/span><\/li>\n<li><span style=\"font-weight: 400;\">Unit\u00e9 d&#8217;emballage 5 unit\u00e9s \/ sachet<\/span><\/li>\n<li><span style=\"font-weight: 400;\">Couleur blanc<\/span><\/li>\n<li><span style=\"font-weight: 400;\">V\u00e9rifi\u00e9 par TTTS<\/span><\/li>\n<li><span style=\"font-weight: 400;\">Norme GB 2626-2006<\/span><\/li>\n<\/ul>\n","protected":false},"excerpt":{"rendered":"<p><span style=\"font-weight: 400;\">Les nouveaux masques IF sont \u00e9quip\u00e9s d&rsquo;un filtre \u00e0 carbone PM2.5 int\u00e9gr\u00e9.&nbsp; Le masque en tissu est plus confortable \u00e0 porter qu&rsquo;un masque jetable et encore plus respectueux de l&rsquo;environnement. Respirant et non agressif pour la peau, m\u00eame pour les porteurs de lunettes. Menton et nez pr\u00e9form\u00e9s pour un ajustement parfait garanti. 1 filtre est d\u00e9j\u00e0 ins\u00e9r\u00e9 dans le masque. <strong>Un jeu de 5 filtres est \u00e9galement inclus dans la livraison.<\/strong> Les masques sont lavables \u00e0 60\u00b0 degr\u00e9s et r\u00e9utilisables sans perte de qualit\u00e9. La taille est r\u00e9glable au niveau des oreilles.&nbsp;<\/span><\/p>\n<p><strong>\u00c0 partir de 200 unit\u00e9s, nous pouvons livrer ces masques avec le logo de votre entreprise ou avec une impression sp\u00e9ciale pour le m\u00eame prix, sur demande du client. Contactez-nous !<\/strong><\/p>\n","protected":false},"featured_media":102580,"comment_status":"closed","ping_status":"closed","template":"","meta":{"inline_featured_image":false},"product_brand":[],"product_cat":[1639],"product_tag":[],"class_list":{"0":"post-102576","1":"product","2":"type-product","3":"status-publish","4":"has-post-thumbnail","6":"product_cat-protection-du-visage-masques","8":"first","9":"instock","10":"taxable","11":"shipping-taxable","12":"purchasable","13":"product-type-simple"},"_links":{"self":[{"href":"https:\/\/metal-badge.ch\/fr\/wp-json\/wp\/v2\/product\/102576","targetHints":{"allow":["GET"]}}],"collection":[{"href":"https:\/\/metal-badge.ch\/fr\/wp-json\/wp\/v2\/product"}],"about":[{"href":"https:\/\/metal-badge.ch\/fr\/wp-json\/wp\/v2\/types\/product"}],"replies":[{"embeddable":true,"href":"https:\/\/metal-badge.ch\/fr\/wp-json\/wp\/v2\/comments?post=102576"}],"wp:featuredmedia":[{"embeddable":true,"href":"https:\/\/metal-badge.ch\/fr\/wp-json\/wp\/v2\/media\/102580"}],"wp:attachment":[{"href":"https:\/\/metal-badge.ch\/fr\/wp-json\/wp\/v2\/media?parent=102576"}],"wp:term":[{"taxonomy":"product_brand","embeddable":true,"href":"https:\/\/metal-badge.ch\/fr\/wp-json\/wp\/v2\/product_brand?post=102576"},{"taxonomy":"product_cat","embeddable":true,"href":"https:\/\/metal-badge.ch\/fr\/wp-json\/wp\/v2\/product_cat?post=102576"},{"taxonomy":"product_tag","embeddable":true,"href":"https:\/\/metal-badge.ch\/fr\/wp-json\/wp\/v2\/product_tag?post=102576"}],"curies":[{"name":"wp","href":"https:\/\/api.w.org\/{rel}","templated":true}]}}