{"id":102312,"date":"2021-04-19T21:06:34","date_gmt":"2021-04-19T19:06:34","guid":{"rendered":"https:\/\/shop.metal-badge.ch\/?post_type=product&#038;p=102312"},"modified":"2022-03-07T11:39:35","modified_gmt":"2022-03-07T10:39:35","slug":"veste-et-pantalon-de-pluie-davertissement-jaune-vif-en-471-reflechissante-3m","status":"publish","type":"product","link":"https:\/\/metal-badge.ch\/fr\/product\/102312\/veste-et-pantalon-de-pluie-davertissement-jaune-vif-en-471-reflechissante-3m\/","title":{"rendered":"Veste et pantalon de pluie d&rsquo;avertissement jaune vif EN 471 r\u00e9fl\u00e9chissante 3M"},"content":{"rendered":"<p><strong>Veste de pluie d&rsquo;avertissement jaune vif EN 471 r\u00e9fl\u00e9chissante 3M<\/strong><\/p>\n<p><span style=\"font-weight: 400;\">Cette veste de pluie d&rsquo;avertissement jaune fluo \u00ab haute visibilit\u00e9 \u00bb avec les bandes r\u00e9fl\u00e9chissantes 3M Scotchlite conformes \u00e0 la norme EN 471 offre non seulement une protection contre la pluie et le vent, mais aussi un confort et une s\u00e9curit\u00e9 maximum. La veste est \u00e9quip\u00e9e d&rsquo;une doublure en maille \/ filet absorbant la sueur. \u00c0 l&rsquo;ext\u00e9rieur, elle est \u00e9quip\u00e9e d&rsquo;une grande poche de chaque c\u00f4t\u00e9 \u00e0 droite et \u00e0 gauche. Une poche pour t\u00e9l\u00e9phone portable avec fermeture velcro et une fen\u00eatre pour les cartes d&rsquo;identit\u00e9 est \u00e9galement disponible sur la droite. L&rsquo;\u00e9paule droite a une boucle radio en nylon. La veste est 100 % imperm\u00e9able et enduite de PU. Un cordon de serrage se trouve sous la veste. Une capuche \u00e0 enroulement avec visi\u00e8re et cordon \u00e9lastique pour le r\u00e9glage ainsi qu&rsquo;un grand col pliable avec velcro sont \u00e9galement pr\u00e9sents. La fermeture \u00e9clair avant est recouverte d&rsquo;une patte de boutonnage. Les ourlets des manches sont ici prolong\u00e9s par une extr\u00e9mit\u00e9 \u00e9lastique et par une fermeture \u00e0 bouton en compl\u00e9ment.&nbsp;&nbsp;&nbsp;<\/span><\/p>\n<p><b>Description du produit&nbsp;:<\/b><\/p>\n<ul>\n<li><span style=\"font-weight: 400;\">Mod\u00e8le C890&nbsp;<\/span><\/li>\n<li style=\"font-weight: 400;\" aria-level=\"1\"><span style=\"font-weight: 400;\">Poche pour t\u00e9l\u00e9phone portable \u00e0 droite avec fermeture velcro \/ hauteur 15 cm x largeur 8 cm<\/span><\/li>\n<li style=\"font-weight: 400;\" aria-level=\"1\"><span style=\"font-weight: 400;\">1 fen\u00eatre d&rsquo;identification sur la poitrine \u00e0 gauche pour le badge d\u2019identification&nbsp;<\/span><\/li>\n<li style=\"font-weight: 400;\" aria-level=\"1\"><span style=\"font-weight: 400;\">2 grandes poches ext\u00e9rieures refermables 19 cm x 19 cm&nbsp;<\/span><\/li>\n<li style=\"font-weight: 400;\" aria-level=\"1\"><span style=\"font-weight: 400;\">100 % imperm\u00e9able \u00e0 l&rsquo;eau et recouvert de PU&nbsp;&nbsp;<\/span><\/li>\n<li style=\"font-weight: 400;\" aria-level=\"1\"><span style=\"font-weight: 400;\">\u00c9paule droite, sangle radio en nylon.<\/span><\/li>\n<li style=\"font-weight: 400;\" aria-level=\"1\"><span style=\"font-weight: 400;\">Col droit haut avec fermeture velcro<\/span><\/li>\n<li style=\"font-weight: 400;\" aria-level=\"1\"><span style=\"font-weight: 400;\">Capuche \u00e0 enroulement avec visi\u00e8re, cordon \u00e9lastique de r\u00e9glage&nbsp;<\/span><\/li>\n<li style=\"font-weight: 400;\" aria-level=\"1\"><span style=\"font-weight: 400;\">Fermeture \u00e9clair \u00e0 double sens avec patte de boutonnage<\/span><\/li>\n<li style=\"font-weight: 400;\" aria-level=\"1\"><span style=\"font-weight: 400;\">Doublure int\u00e9rieure en filet absorbant la sueur&nbsp;<\/span><\/li>\n<li style=\"font-weight: 400;\" aria-level=\"1\"><span style=\"font-weight: 400;\">Ourlet des manches \u00e9lastiqu\u00e9s rallong\u00e9s avec fermeture velcro&nbsp;<\/span><\/li>\n<li style=\"font-weight: 400;\" aria-level=\"1\"><span style=\"font-weight: 400;\">1 bande r\u00e9fl\u00e9chissante (5 cm de large) passant verticalement sur l&rsquo;\u00e9paule<\/span><\/li>\n<li style=\"font-weight: 400;\" aria-level=\"1\"><span style=\"font-weight: 400;\">2 bandes r\u00e9fl\u00e9chissantes (5 cm de large) autour de la taille et des manches<\/span><\/li>\n<li style=\"font-weight: 400;\" aria-level=\"1\"><span style=\"font-weight: 400;\">Faible solubilit\u00e9 due au contraste de l&rsquo;ourlet<\/span><\/li>\n<li style=\"font-weight: 400;\" aria-level=\"1\"><span style=\"font-weight: 400;\">Certifi\u00e9e EN ISO 20471&nbsp;<\/span><\/li>\n<li style=\"font-weight: 400;\" aria-level=\"1\"><span style=\"font-weight: 400;\">Mati\u00e8re&nbsp;: 100 % polyester Oxford rev\u00eatu PU<\/span><\/li>\n<li style=\"font-weight: 400;\" aria-level=\"1\"><span style=\"font-weight: 400;\">Couleur :&nbsp; jaune fluo<\/span><\/li>\n<li style=\"font-weight: 400;\" aria-level=\"1\"><span style=\"font-weight: 400;\">Poids : 600 g.&nbsp;<\/span><\/li>\n<li style=\"font-weight: 400;\" aria-level=\"1\"><span style=\"font-weight: 400;\">Bandes r\u00e9fl\u00e9chissantes Scotchlite 3M de 5 cm de large&nbsp;<\/span><\/li>\n<li style=\"font-weight: 400;\" aria-level=\"1\"><span style=\"font-weight: 400;\">Tailles : S, M, L, XL, XXL&nbsp;<\/span><\/li>\n<\/ul>\n<p>&nbsp;<\/p>\n<p class=\"s3\"><strong><span class=\"s2\">Pantalon de pluie d&rsquo;avertissement jaune vif EN 471 r\u00e9fl\u00e9chissant 3M <\/span><\/strong><\/p>\n<p class=\"s3\"><span class=\"s4\">Ce pantalon de pluie d&rsquo;avertissement jaune fluo \u00ab haute visibilit\u00e9 \u00bb avec les bandes r\u00e9fl\u00e9chissantes 3M <\/span><span class=\"s4\">Scotchlite<\/span><span class=\"s4\"> conformes \u00e0 la norme EN 471 <\/span><span class=\"s4\">offre<\/span><span class=\"s4\"> non seulement une protection contre la pluie et le vent, mais aussi un confort et une s\u00e9curit\u00e9 maximum. <\/span><span class=\"s4\">Le <\/span><span class=\"s4\">pantalon<\/span><span class=\"s4\"> est <\/span><span class=\"s4\">\u00e9quip\u00e9<\/span><span class=\"s4\">d&rsquo;une doublure en maille \/ filet absorbant la sueur. Le pantalon est 100 % imperm\u00e9able et enduit de PU. Au bas de l&rsquo;ourlet, le pantalon de pluie est \u00e9quip\u00e9 de deux boutons pression pour le r\u00e9glage. La ceinture est munie d&rsquo;une fermeture \u00e9lastique et d&rsquo;un cordon de serrage suppl\u00e9mentaire. &nbsp; <\/span><\/p>\n<p class=\"s3\"><strong><span class=\"s2\">Description du produit&nbsp;:<\/span><\/strong><\/p>\n<ul>\n<li class=\"s3\"><span class=\"s4\">Mod\u00e8le C890 <\/span><\/li>\n<li class=\"s6\"><span class=\"s4\">100 % <\/span><span class=\"s4\">imperm\u00e9able<\/span><span class=\"s4\"> \u00e0 <\/span><span class=\"s4\">l&rsquo;eau<\/span><span class=\"s4\"> et <\/span><span class=\"s4\">recouvert<\/span><span class=\"s4\"> de PU &nbsp;<\/span><\/li>\n<li class=\"s6\"><span class=\"s4\">Doublure <\/span><span class=\"s4\">int\u00e9rieure<\/span> <span class=\"s4\">en<\/span><span class=\"s4\"> filet <\/span><span class=\"s4\">absorbant<\/span><span class=\"s4\"> la <\/span><span class=\"s4\">sueur<\/span><\/li>\n<li class=\"s6\"><span class=\"s4\">Ceinture avec \u00e9lastique et cordon de serrage <\/span><\/li>\n<li class=\"s6\"><span class=\"s5\">&nbsp;<\/span><span class=\"s4\">Au bas de l&rsquo;ourlet, les jambes du pantalon sont munies de deux boutons pression pour ajuster<\/span><\/li>\n<li class=\"s6\"><span class=\"s4\">1 bande r\u00e9fl\u00e9chissante (5 cm de large) horizontale 3M<\/span><\/li>\n<li class=\"s6\"><span class=\"s4\">Faible<\/span> <span class=\"s4\">solubilit\u00e9<\/span><span class=\"s4\"> due <\/span><span class=\"s4\">au<\/span><span class=\"s4\"> contraste de l&rsquo;ourlet<\/span><\/li>\n<li class=\"s6\"><span class=\"s4\">Certifi\u00e9e EN ISO 20471 <\/span><\/li>\n<li class=\"s6\"><span class=\"s4\">Mati\u00e8re&nbsp;: 100 % polyester Oxford rev\u00eatu PU<\/span><\/li>\n<li class=\"s6\"><span class=\"s4\">Couleur : &nbsp;jaune fluo<\/span><\/li>\n<li class=\"s6\"><span class=\"s4\">Poids : 400 g <\/span><\/li>\n<li class=\"s6\"><span class=\"s4\">Bandes r\u00e9fl\u00e9chissantes <\/span><span class=\"s4\">Scotchlite<\/span><span class=\"s4\"> 3M de 5 cm de large <\/span><\/li>\n<li class=\"s6\"><span class=\"s4\">Tailles<\/span><span class=\"s4\"> :<\/span><span class=\"s4\"> S, L, M, XL, XXL &nbsp;<\/span><\/li>\n<\/ul>\n<p><b>Comme toujours, une excellente qualit\u00e9 \u00e0 des prix justes<\/b><\/p>\n","protected":false},"excerpt":{"rendered":"<p><span style=\"font-weight: 400;\">Cette veste de pluie d&rsquo;avertissement jaune fluo \u00ab haute visibilit\u00e9 \u00bb avec les bandes r\u00e9fl\u00e9chissantes 3M Scotchlite conformes \u00e0 la norme EN 471 offre non seulement une protection contre la pluie et le vent, mais aussi un confort et une s\u00e9curit\u00e9 maximum.<\/span><\/p>\n","protected":false},"featured_media":102324,"comment_status":"closed","ping_status":"closed","template":"","meta":{"inline_featured_image":false},"product_brand":[],"product_cat":[1606],"product_tag":[],"class_list":{"0":"post-102312","1":"product","2":"type-product","3":"status-publish","4":"has-post-thumbnail","6":"product_cat-vetements-haute-visibilite-et-lumineux","8":"first","9":"instock","10":"taxable","11":"shipping-taxable","12":"purchasable","13":"product-type-simple"},"_links":{"self":[{"href":"https:\/\/metal-badge.ch\/fr\/wp-json\/wp\/v2\/product\/102312","targetHints":{"allow":["GET"]}}],"collection":[{"href":"https:\/\/metal-badge.ch\/fr\/wp-json\/wp\/v2\/product"}],"about":[{"href":"https:\/\/metal-badge.ch\/fr\/wp-json\/wp\/v2\/types\/product"}],"replies":[{"embeddable":true,"href":"https:\/\/metal-badge.ch\/fr\/wp-json\/wp\/v2\/comments?post=102312"}],"wp:featuredmedia":[{"embeddable":true,"href":"https:\/\/metal-badge.ch\/fr\/wp-json\/wp\/v2\/media\/102324"}],"wp:attachment":[{"href":"https:\/\/metal-badge.ch\/fr\/wp-json\/wp\/v2\/media?parent=102312"}],"wp:term":[{"taxonomy":"product_brand","embeddable":true,"href":"https:\/\/metal-badge.ch\/fr\/wp-json\/wp\/v2\/product_brand?post=102312"},{"taxonomy":"product_cat","embeddable":true,"href":"https:\/\/metal-badge.ch\/fr\/wp-json\/wp\/v2\/product_cat?post=102312"},{"taxonomy":"product_tag","embeddable":true,"href":"https:\/\/metal-badge.ch\/fr\/wp-json\/wp\/v2\/product_tag?post=102312"}],"curies":[{"name":"wp","href":"https:\/\/api.w.org\/{rel}","templated":true}]}}