{"id":102228,"date":"2021-04-19T19:03:39","date_gmt":"2021-04-19T17:03:39","guid":{"rendered":"https:\/\/shop.metal-badge.ch\/?post_type=product&#038;p=102228"},"modified":"2022-03-07T11:24:45","modified_gmt":"2022-03-07T10:24:45","slug":"parka-veste-davertissement-reflechissante-2-couleurs-en-471-3m","status":"publish","type":"product","link":"https:\/\/metal-badge.ch\/fr\/product\/102228\/parka-veste-davertissement-reflechissante-2-couleurs-en-471-3m\/","title":{"rendered":"Parka, veste d&rsquo;avertissement r\u00e9fl\u00e9chissante 2 couleurs EN 471 3M"},"content":{"rendered":"<p><span style=\"font-weight: 400;\">Cette veste d&rsquo;avertissement moderne aux couleurs jaune et bleu fonc\u00e9 \u00ab haute visibilit\u00e9 \u00bb avec les bandes r\u00e9fl\u00e9chissantes 3M Scotchlite conformes \u00e0 la norme EN 471 offre non seulement une protection contre la pluie, le froid et le vent, mais aussi un confort et une s\u00e9curit\u00e9 maximum. Une veste avec de nombreux extras. <\/span><\/p>\n<p><span style=\"font-weight: 400;\">La veste int\u00e9rieure matelass\u00e9e peut \u00eatre enlev\u00e9e. Les manches peuvent \u00e9galement \u00eatre retir\u00e9es au moyen d&rsquo;une fermeture \u00e9clair pour donner un gilet. La veste ext\u00e9rieure peut donc \u00e9galement \u00eatre port\u00e9e par temps chaud. La veste ext\u00e9rieure est 100 % imperm\u00e9able et peut \u00e9galement \u00eatre utilis\u00e9e comme veste de pluie. La veste ext\u00e9rieure est \u00e9quip\u00e9e de deux grandes poches ext\u00e9rieures qui sont ferm\u00e9es par des boutons pression, et de deux poches lat\u00e9rales suppl\u00e9mentaires. Une poche \u00e0 velcro pour t\u00e9l\u00e9phone portable se trouve \u00e0 hauteur de velcro, sur le c\u00f4t\u00e9 droit. Une capuche avec un cordon \u00e9lastique est cach\u00e9e dans le col, elle peut \u00eatre enroul\u00e9e avec du velcro \u00e0 l&rsquo;arri\u00e8re. La veste ext\u00e9rieure et le gilet sont \u00e9quip\u00e9s d&rsquo;un col montant. La fermeture \u00e9clair avant est recouverte d&rsquo;une patte de boutonnage. Un cordon \u00e9lastique permet d&rsquo;ajuster encore mieux la veste ext\u00e9rieure \u00e0 la taille du porteur.&nbsp;<\/span><\/p>\n<p><b>Description du produit&nbsp;:&nbsp;<\/b><\/p>\n<ul>\n<li style=\"font-weight: 400;\" aria-level=\"1\"><span style=\"font-weight: 400;\">Poche pour t\u00e9l\u00e9phone portable \u00e0 droite avec velcro<\/span><\/li>\n<li style=\"font-weight: 400;\" aria-level=\"1\"><span style=\"font-weight: 400;\">2 grandes poches ext\u00e9rieures sur la jambe avec bouton pression 21 cm x 21 cm&nbsp;<\/span><\/li>\n<li style=\"font-weight: 400;\" aria-level=\"1\"><span style=\"font-weight: 400;\">2 grandes poches ext\u00e9rieures lat\u00e9rales<\/span><\/li>\n<li style=\"font-weight: 400;\" aria-level=\"1\"><span style=\"font-weight: 400;\">2 poches int\u00e9rieures<\/span><\/li>\n<li style=\"font-weight: 400;\" aria-level=\"1\"><span style=\"font-weight: 400;\">100 % imperm\u00e9able, peut \u00e9galement \u00eatre utilis\u00e9 comme imperm\u00e9able&nbsp;<\/span><\/li>\n<li style=\"font-weight: 400;\" aria-level=\"1\"><span style=\"font-weight: 400;\">Col droit avec boutons pression<\/span><\/li>\n<li style=\"font-weight: 400;\" aria-level=\"1\"><span style=\"font-weight: 400;\">Capuche cach\u00e9e dans le col avec cordon \u00e9lastique&nbsp;<\/span><\/li>\n<li style=\"font-weight: 400;\" aria-level=\"1\"><span style=\"font-weight: 400;\">Fermeture \u00e0 glissi\u00e8re avec panneau de boutons<\/span><\/li>\n<li style=\"font-weight: 400;\" aria-level=\"1\"><span style=\"font-weight: 400;\">La veste int\u00e9rieure peut \u00eatre retir\u00e9e de la veste ext\u00e9rieure<\/span><\/li>\n<li style=\"font-weight: 400;\" aria-level=\"1\"><span style=\"font-weight: 400;\">Doublure matelass\u00e9e pour le froid<\/span><\/li>\n<li style=\"font-weight: 400;\" aria-level=\"1\"><span style=\"font-weight: 400;\">Manches amovibles, transformable en gilet en un rien de temps<\/span><\/li>\n<li style=\"font-weight: 400;\" aria-level=\"1\"><span style=\"font-weight: 400;\">Ourlet des manches avec poignets \u00e9lastiques<\/span><\/li>\n<li style=\"font-weight: 400;\" aria-level=\"1\"><span style=\"font-weight: 400;\">1 bande r\u00e9fl\u00e9chissante (5 cm de large) passant verticalement sur l&rsquo;\u00e9paule<\/span><\/li>\n<li style=\"font-weight: 400;\" aria-level=\"1\"><span style=\"font-weight: 400;\">2 bandes r\u00e9fl\u00e9chissantes (5 cm de large) autour de la taille et des manches<\/span><\/li>\n<li style=\"font-weight: 400;\" aria-level=\"1\"><span style=\"font-weight: 400;\">Faible solubilit\u00e9 due au contraste de l&rsquo;ourlet<\/span><\/li>\n<li style=\"font-weight: 400;\" aria-level=\"1\"><span style=\"font-weight: 400;\">Veste ext\u00e9rieure, taille \u00e9quip\u00e9e d&rsquo;un cordon de serrage pour une meilleure adaptation<\/span><\/li>\n<li style=\"font-weight: 400;\" aria-level=\"1\"><span style=\"font-weight: 400;\">Certifi\u00e9e EN ISO 20471&nbsp;<\/span><\/li>\n<li style=\"font-weight: 400;\" aria-level=\"1\"><span style=\"font-weight: 400;\">Mati\u00e8re&nbsp;: Polyester Oxford rev\u00eatu PU&nbsp;<\/span><\/li>\n<li style=\"font-weight: 400;\" aria-level=\"1\"><span style=\"font-weight: 400;\">Couleur :&nbsp; citron \/ bleu fonc\u00e9<\/span><\/li>\n<li style=\"font-weight: 400;\" aria-level=\"1\"><span style=\"font-weight: 400;\">Poids : 1300 g.&nbsp;<\/span><\/li>\n<li style=\"font-weight: 400;\" aria-level=\"1\"><span style=\"font-weight: 400;\">Bandes r\u00e9fl\u00e9chissantes Scotchlite 3M de 5 cm de large&nbsp;<\/span><\/li>\n<li style=\"font-weight: 400;\" aria-level=\"1\"><span style=\"font-weight: 400;\">Tailles : S, M, L, XL&nbsp;<\/span><\/li>\n<\/ul>\n<p><b>Comme toujours, une excellente qualit\u00e9 \u00e0 des prix justes<\/b><\/p>\n<p>&nbsp;<\/p>\n","protected":false},"excerpt":{"rendered":"<p>Cette veste d&rsquo;avertissement moderne aux couleurs jaune et bleu fonc\u00e9 \u00ab haute visibilit\u00e9 \u00bb avec les bandes r\u00e9fl\u00e9chissantes 3M Scotchlite conformes \u00e0 la norme EN 471 offre non seulement une protection contre la pluie, le froid et le vent, mais aussi un confort et une s\u00e9curit\u00e9 maximum. Une veste avec de nombreux extras.<\/p>\n","protected":false},"featured_media":102232,"comment_status":"closed","ping_status":"closed","template":"","meta":{"inline_featured_image":false},"product_brand":[],"product_cat":[1606,1602],"product_tag":[],"class_list":{"0":"post-102228","1":"product","2":"type-product","3":"status-publish","4":"has-post-thumbnail","6":"product_cat-vetements-haute-visibilite-et-lumineux","7":"product_cat-vestes-en-softshell-pantalons-et-vetements-haute-visibilite","9":"first","10":"instock","11":"taxable","12":"shipping-taxable","13":"purchasable","14":"product-type-simple"},"_links":{"self":[{"href":"https:\/\/metal-badge.ch\/fr\/wp-json\/wp\/v2\/product\/102228","targetHints":{"allow":["GET"]}}],"collection":[{"href":"https:\/\/metal-badge.ch\/fr\/wp-json\/wp\/v2\/product"}],"about":[{"href":"https:\/\/metal-badge.ch\/fr\/wp-json\/wp\/v2\/types\/product"}],"replies":[{"embeddable":true,"href":"https:\/\/metal-badge.ch\/fr\/wp-json\/wp\/v2\/comments?post=102228"}],"wp:featuredmedia":[{"embeddable":true,"href":"https:\/\/metal-badge.ch\/fr\/wp-json\/wp\/v2\/media\/102232"}],"wp:attachment":[{"href":"https:\/\/metal-badge.ch\/fr\/wp-json\/wp\/v2\/media?parent=102228"}],"wp:term":[{"taxonomy":"product_brand","embeddable":true,"href":"https:\/\/metal-badge.ch\/fr\/wp-json\/wp\/v2\/product_brand?post=102228"},{"taxonomy":"product_cat","embeddable":true,"href":"https:\/\/metal-badge.ch\/fr\/wp-json\/wp\/v2\/product_cat?post=102228"},{"taxonomy":"product_tag","embeddable":true,"href":"https:\/\/metal-badge.ch\/fr\/wp-json\/wp\/v2\/product_tag?post=102228"}],"curies":[{"name":"wp","href":"https:\/\/api.w.org\/{rel}","templated":true}]}}