{"id":102221,"date":"2021-04-19T07:39:56","date_gmt":"2021-04-19T05:39:56","guid":{"rendered":"https:\/\/shop.metal-badge.ch\/product\/102221\/parka-veste-bomber-davertissement-reflechissante-2-couleurs-en-471-3m\/"},"modified":"2022-03-07T11:21:13","modified_gmt":"2022-03-07T10:21:13","slug":"parka-veste-bomber-davertissement-reflechissante-2-couleurs-en-471-3m-jaune-fluo-bleu-fonce","status":"publish","type":"product","link":"https:\/\/metal-badge.ch\/fr\/product\/102221\/parka-veste-bomber-davertissement-reflechissante-2-couleurs-en-471-3m-jaune-fluo-bleu-fonce\/","title":{"rendered":"Parka, veste bomber d&rsquo;avertissement r\u00e9fl\u00e9chissante 2 couleurs EN 471 3M &#8211; jaune fluo \/ bleu fonc\u00e9"},"content":{"rendered":"<p><span style=\"font-weight: 400;\">Cette veste d&rsquo;avertissement moderne aux couleurs jaune citron et bleu fonc\u00e9 \u00ab haute visibilit\u00e9 \u00bb avec les bandes r\u00e9fl\u00e9chissantes 3M Scotchlite conformes \u00e0 la norme EN 471 offre non seulement une protection contre la pluie, le froid et le vent, mais aussi un confort et une s\u00e9curit\u00e9 maximum. La veste pour l&rsquo;hiver avec de nombreux d\u00e9tails. Int\u00e9rieur \u00e9quip\u00e9 d&rsquo;une doublure matelass\u00e9e chaude. La veste est 100 % imperm\u00e9able et poss\u00e8de deux grandes poches qui peuvent \u00eatre ferm\u00e9es par des boutons pression. Une poche \u00e0 velcro pour t\u00e9l\u00e9phone portable se trouve \u00e0 hauteur de velcro, sur le c\u00f4t\u00e9 droit. Une capuche avec un cordon \u00e9lastique est cach\u00e9e dans le col, elle peut \u00eatre enroul\u00e9e avec du velcro \u00e0 l&rsquo;arri\u00e8re. La fermeture \u00e9clair \u00e0 double direction avant est recouverte d&rsquo;une patte de boutonnage.&nbsp;<\/span><\/p>\n<p><b>Description du produit&nbsp;:&nbsp;<\/b><\/p>\n<ul>\n<li style=\"font-weight: 400;\" aria-level=\"1\"><span style=\"font-weight: 400;\">Poche pour t\u00e9l\u00e9phone portable \u00e0 droite avec velcro<\/span><\/li>\n<li style=\"font-weight: 400;\" aria-level=\"1\"><span style=\"font-weight: 400;\">Mod\u00e8le : HV-301&nbsp;<\/span><\/li>\n<li style=\"font-weight: 400;\" aria-level=\"1\"><span style=\"font-weight: 400;\">1 anneau en plastique \u00e0 l&rsquo;ext\u00e9rieur sous la poche du t\u00e9l\u00e9phone portable pour les cl\u00e9s, etc.&nbsp;<\/span><\/li>\n<li style=\"font-weight: 400;\" aria-level=\"1\"><span style=\"font-weight: 400;\">1 fen\u00eatre d&rsquo;identification sur la poitrine \u00e0 gauche pour le badge d\u2019identification&nbsp;<\/span><\/li>\n<li style=\"font-weight: 400;\" aria-level=\"1\"><span style=\"font-weight: 400;\">2 grandes poches ext\u00e9rieures sur la jambe avec bouton pression 21 cm x 21 cm&nbsp;<\/span><\/li>\n<li style=\"font-weight: 400;\" aria-level=\"1\"><span style=\"font-weight: 400;\">1 grande poche int\u00e9rieure<\/span><\/li>\n<li style=\"font-weight: 400;\" aria-level=\"1\"><span style=\"font-weight: 400;\">1 poche int\u00e9rieure divis\u00e9e pour les articles d&rsquo;\u00e9criture<\/span><\/li>\n<li style=\"font-weight: 400;\" aria-level=\"1\"><span style=\"font-weight: 400;\">100 % imperm\u00e9able, peut \u00e9galement \u00eatre utilis\u00e9 comme imperm\u00e9able&nbsp;<\/span><\/li>\n<li style=\"font-weight: 400;\" aria-level=\"1\"><span style=\"font-weight: 400;\">Col droit avec boutons pression<\/span><\/li>\n<li style=\"font-weight: 400;\" aria-level=\"1\"><span style=\"font-weight: 400;\">Capuche cach\u00e9e dans le col avec cordon \u00e9lastique&nbsp;<\/span><\/li>\n<li style=\"font-weight: 400;\" aria-level=\"1\"><span style=\"font-weight: 400;\">Fermeture \u00e9clair \u00e0 double sens avec patte de boutonnage<\/span><\/li>\n<li style=\"font-weight: 400;\" aria-level=\"1\"><span style=\"font-weight: 400;\">Doublure int\u00e9rieure chaude matelass\u00e9e<\/span><\/li>\n<li style=\"font-weight: 400;\" aria-level=\"1\"><span style=\"font-weight: 400;\">Ourlet des manches \u00e9lastiqu\u00e9s avec velcro<\/span><\/li>\n<li style=\"font-weight: 400;\" aria-level=\"1\"><span style=\"font-weight: 400;\">1 bande r\u00e9fl\u00e9chissante (5 cm de large) passant verticalement sur l&rsquo;\u00e9paule<\/span><\/li>\n<li style=\"font-weight: 400;\" aria-level=\"1\"><span style=\"font-weight: 400;\">2 bandes r\u00e9fl\u00e9chissantes (5 cm de large) autour de la taille et des manches<\/span><\/li>\n<li style=\"font-weight: 400;\" aria-level=\"1\"><span style=\"font-weight: 400;\">Faible solubilit\u00e9 due au contraste de l&rsquo;ourlet<\/span><\/li>\n<li style=\"font-weight: 400;\" aria-level=\"1\"><span style=\"font-weight: 400;\">Certifi\u00e9e EN ISO 20471&nbsp;<\/span><\/li>\n<li style=\"font-weight: 400;\" aria-level=\"1\"><span style=\"font-weight: 400;\">Mati\u00e8re&nbsp;: Polyester 300 D Oxford rev\u00eatu PU<\/span><\/li>\n<li style=\"font-weight: 400;\" aria-level=\"1\"><span style=\"font-weight: 400;\">Couleur :&nbsp; jaune fluo \/ bleu fonc\u00e9<\/span><\/li>\n<li style=\"font-weight: 400;\" aria-level=\"1\"><span style=\"font-weight: 400;\">Poids : 1000 g.&nbsp;<\/span><\/li>\n<li style=\"font-weight: 400;\" aria-level=\"1\"><span style=\"font-weight: 400;\">Bandes r\u00e9fl\u00e9chissantes Scotchlite 3M de 5 cm de large&nbsp;<\/span><\/li>\n<li style=\"font-weight: 400;\" aria-level=\"1\"><span style=\"font-weight: 400;\">Tailles : S, M, L, XL&nbsp;<\/span><\/li>\n<\/ul>\n<p><b>Comme toujours, une excellente qualit\u00e9 \u00e0 des prix justes<\/b><\/p>\n","protected":false},"excerpt":{"rendered":"<p><span style=\"font-weight: 400;\">Cette veste d&rsquo;avertissement moderne aux couleurs jaune citron et bleu fonc\u00e9 \u00ab haute visibilit\u00e9 \u00bb avec les bandes r\u00e9fl\u00e9chissantes 3M Scotchlite conformes \u00e0 la norme EN 471 offre non seulement une protection contre la pluie, le froid et le vent, mais aussi un confort et une s\u00e9curit\u00e9 maximum. <\/span><\/p>\n","protected":false},"featured_media":102182,"comment_status":"closed","ping_status":"closed","template":"","meta":{"inline_featured_image":false},"product_brand":[],"product_cat":[1606,1602],"product_tag":[],"class_list":{"0":"post-102221","1":"product","2":"type-product","3":"status-publish","4":"has-post-thumbnail","6":"product_cat-vetements-haute-visibilite-et-lumineux","7":"product_cat-vestes-en-softshell-pantalons-et-vetements-haute-visibilite","9":"first","10":"instock","11":"taxable","12":"shipping-taxable","13":"purchasable","14":"product-type-simple"},"_links":{"self":[{"href":"https:\/\/metal-badge.ch\/fr\/wp-json\/wp\/v2\/product\/102221","targetHints":{"allow":["GET"]}}],"collection":[{"href":"https:\/\/metal-badge.ch\/fr\/wp-json\/wp\/v2\/product"}],"about":[{"href":"https:\/\/metal-badge.ch\/fr\/wp-json\/wp\/v2\/types\/product"}],"replies":[{"embeddable":true,"href":"https:\/\/metal-badge.ch\/fr\/wp-json\/wp\/v2\/comments?post=102221"}],"wp:featuredmedia":[{"embeddable":true,"href":"https:\/\/metal-badge.ch\/fr\/wp-json\/wp\/v2\/media\/102182"}],"wp:attachment":[{"href":"https:\/\/metal-badge.ch\/fr\/wp-json\/wp\/v2\/media?parent=102221"}],"wp:term":[{"taxonomy":"product_brand","embeddable":true,"href":"https:\/\/metal-badge.ch\/fr\/wp-json\/wp\/v2\/product_brand?post=102221"},{"taxonomy":"product_cat","embeddable":true,"href":"https:\/\/metal-badge.ch\/fr\/wp-json\/wp\/v2\/product_cat?post=102221"},{"taxonomy":"product_tag","embeddable":true,"href":"https:\/\/metal-badge.ch\/fr\/wp-json\/wp\/v2\/product_tag?post=102221"}],"curies":[{"name":"wp","href":"https:\/\/api.w.org\/{rel}","templated":true}]}}