{"id":102036,"date":"2021-04-19T03:06:54","date_gmt":"2021-04-19T01:06:54","guid":{"rendered":"https:\/\/shop.metal-badge.ch\/?post_type=product&#038;p=102036"},"modified":"2021-04-19T03:16:03","modified_gmt":"2021-04-19T01:16:03","slug":"briquet-electronique-usb-a-double-arc-briquet-a-plasma-orange","status":"publish","type":"product","link":"https:\/\/metal-badge.ch\/fr\/product\/102036\/briquet-electronique-usb-a-double-arc-briquet-a-plasma-orange\/","title":{"rendered":"Briquet \u00e9lectronique USB \u00e0 double arc, briquet \u00e0 plasma &#8211; orange"},"content":{"rendered":"<p><span style=\"font-weight: 400;\">Un briquet pour toutes les situations, parce qu&rsquo;il vous donne du feu \u00e0 tout moment et en tout lieu. Et lorsque la batterie est d\u00e9charg\u00e9e, il suffit de la recharger via USB, comme&nbsp; un smartphone ! &nbsp; &nbsp; &nbsp; &nbsp; &nbsp; &nbsp; &nbsp; <\/span><\/p>\n<p><span style=\"font-weight: 400;\">Le briquet USB \u00e9tanche, qui fonctionne m\u00eame dans des conditions humides. En appuyant sur un bouton, il cr\u00e9e un arc chaud de 600 degr\u00e9s, qui est absolument insensible au vent et aux contraintes m\u00e9caniques. Pour tous ceux qui veulent se pr\u00e9parer pour une prochaine fin du monde, ce briquet est indispensable. Pr\u00eat \u00e0 l&#8217;emploi \u00e0 tout moment et en tout lieu : \u00e0 l&rsquo;abri de l&rsquo;influence du vent et du temps. Un briquet pour toutes les situations, parce qu&rsquo;il vous donne du feu \u00e0 tout moment et en tout lieu. Parfait pour le camping, la randonn\u00e9e, la p\u00eache, les voyages, etc.<\/span><\/p>\n<p><b>Informations du produit :&nbsp;<\/b><\/p>\n<ul>\n<li><span style=\"font-weight: 400;\">Respectueux de l&rsquo;environnement et \u00e9conomique gr\u00e2ce \u00e0 la batterie<\/span><\/li>\n<li><span style=\"font-weight: 400;\">Dur\u00e9e de chargement d\u2019environ 1 h&nbsp;<\/span><\/li>\n<li><span style=\"font-weight: 400;\">Peut \u00eatre recharg\u00e9 par USB via un ordinateur portable, une batterie externe, etc.<\/span><\/li>\n<li><span style=\"font-weight: 400;\">S\u00fbr et facile \u00e0 utiliser<\/span><\/li>\n<li><span style=\"font-weight: 400;\">Jusqu&rsquo;\u00e0 150 allumages par charge de batterie<\/span><span style=\"font-weight: 400;\"><br \/>\n<\/span><\/li>\n<li><span style=\"font-weight: 400;\">Batterie LiPo int\u00e9gr\u00e9e de 220 mAh<\/span><span style=\"font-weight: 400;\"><br \/>\n<\/span><\/li>\n<li><span style=\"font-weight: 400;\">Insensible au vent et aux intemp\u00e9ries gr\u00e2ce au double arc crois\u00e9<\/span><span style=\"font-weight: 400;\"><br \/>\n<\/span><\/li>\n<li><span style=\"font-weight: 400;\">\u00c9conomie d&rsquo;\u00e9nergie gr\u00e2ce \u00e0 l&rsquo;arr\u00eat automatique apr\u00e8s 10 secondes Bo\u00eetier \u00e9tanche avec couvercle pour l&rsquo;unit\u00e9 d&rsquo;allumage : IP56<\/span><span style=\"font-weight: 400;\"><br \/>\n<\/span><\/li>\n<li><span style=\"font-weight: 400;\">Couleur : orange<\/span><span style=\"font-weight: 400;\"><br \/>\n<\/span><\/li>\n<li><span style=\"font-weight: 400;\">Dimensions : 47 x 69 x 18 mm<\/span><span style=\"font-weight: 400;\"><br \/>\n<\/span><\/li>\n<li><span style=\"font-weight: 400;\">Poids : 50 g&nbsp;<\/span><\/li>\n<li><span style=\"font-weight: 400;\">Comprend : C\u00e2ble de chargement USB et cordon de suspension avec fermeture rapide<\/span><\/li>\n<li><span style=\"font-weight: 400;\">Bo\u00eete cadeau<\/span><\/li>\n<\/ul>\n","protected":false},"excerpt":{"rendered":"<p>Un briquet pour toutes les situations, parce qu&rsquo;il vous donne du feu \u00e0 tout moment et en tout lieu. Et lorsque la batterie est d\u00e9charg\u00e9e, il suffit de la recharger via USB, comme&nbsp; un smartphone ! &nbsp; &nbsp; &nbsp; &nbsp; &nbsp; &nbsp; &nbsp; Le briquet USB \u00e9tanche, qui fonctionne m\u00eame dans des conditions humides. En [&hellip;]<\/p>\n","protected":false},"featured_media":102040,"comment_status":"closed","ping_status":"closed","template":"","meta":{"inline_featured_image":false},"product_brand":[],"product_cat":[1279],"product_tag":[1777],"class_list":{"0":"post-102036","1":"product","2":"type-product","3":"status-publish","4":"has-post-thumbnail","6":"product_cat-briquets-au-gaz","7":"product_tag-camping-voyage","9":"first","10":"instock","11":"taxable","12":"shipping-taxable","13":"purchasable","14":"product-type-simple"},"_links":{"self":[{"href":"https:\/\/metal-badge.ch\/fr\/wp-json\/wp\/v2\/product\/102036","targetHints":{"allow":["GET"]}}],"collection":[{"href":"https:\/\/metal-badge.ch\/fr\/wp-json\/wp\/v2\/product"}],"about":[{"href":"https:\/\/metal-badge.ch\/fr\/wp-json\/wp\/v2\/types\/product"}],"replies":[{"embeddable":true,"href":"https:\/\/metal-badge.ch\/fr\/wp-json\/wp\/v2\/comments?post=102036"}],"wp:featuredmedia":[{"embeddable":true,"href":"https:\/\/metal-badge.ch\/fr\/wp-json\/wp\/v2\/media\/102040"}],"wp:attachment":[{"href":"https:\/\/metal-badge.ch\/fr\/wp-json\/wp\/v2\/media?parent=102036"}],"wp:term":[{"taxonomy":"product_brand","embeddable":true,"href":"https:\/\/metal-badge.ch\/fr\/wp-json\/wp\/v2\/product_brand?post=102036"},{"taxonomy":"product_cat","embeddable":true,"href":"https:\/\/metal-badge.ch\/fr\/wp-json\/wp\/v2\/product_cat?post=102036"},{"taxonomy":"product_tag","embeddable":true,"href":"https:\/\/metal-badge.ch\/fr\/wp-json\/wp\/v2\/product_tag?post=102036"}],"curies":[{"name":"wp","href":"https:\/\/api.w.org\/{rel}","templated":true}]}}