{"id":101813,"date":"2021-04-18T07:32:39","date_gmt":"2021-04-18T05:32:40","guid":{"rendered":"https:\/\/shop.metal-badge.ch\/?post_type=product&#038;p=101813"},"modified":"2021-04-18T07:41:32","modified_gmt":"2021-04-18T05:41:32","slug":"jumelles-de-chasse-7x50-olive-prismes-bk-4","status":"publish","type":"product","link":"https:\/\/metal-badge.ch\/fr\/product\/101813\/jumelles-de-chasse-7x50-olive-prismes-bk-4\/","title":{"rendered":"Jumelles de chasse 7&#215;50 olive, prismes BK-4"},"content":{"rendered":"<p><span style=\"font-weight: 400;\">Voyez dans le d\u00e9tail des objets tr\u00e8s \u00e9loign\u00e9s ! Que ce soit en voyage, lors d\u2019un \u00e9v\u00e9nement sportif, dans la nature ou en haute mer, ces jumelles s&rsquo;adaptent \u00e0 la perfection \u00e0 un style de vie actif. <\/span><span style=\"font-weight: 400;\">Ces jumelles sont un produit extr\u00eamement polyvalent : elles sont \u00e9tanches, pratiques et \u00e0 finition haut de gamme. <\/span><b>D\u00e9terminez votre position :<\/b><span style=\"font-weight: 400;\"> Gr\u00e2ce \u00e0 la boussole num\u00e9rique avec affichage sur l&rsquo;\u00e9cran, vous savez au degr\u00e9 pr\u00e8s dans quelle direction vous regardez.<\/span><\/p>\n<p><span style=\"font-weight: 400;\">Avec les \u0153illetons r\u00e9glables et bloquables, l\u2019\u00e9cart entre les yeux peut \u00eatre ajust\u00e9 pour l\u2019observation avec ou sans lunettes. La correction dioptrique est int\u00e9gr\u00e9e. R\u00e9alisation avec des prismes BK4,&nbsp;Les jumelles 7&#215;50 sont une version \u00e0 puissance collectrice de luminosit\u00e9 \u00e9lev\u00e9e, qui fournit une image plus claire, notamment au cr\u00e9puscule.&nbsp;Elles sont \u00e9quip\u00e9es de capuchons de lentille en caoutchouc qui s&rsquo;ouvrent et se ferment facilement et peuvent \u00eatre enti\u00e8rement retir\u00e9s en une seule \u00e9tape si n\u00e9cessaire.&nbsp;Id\u00e9al pour l&rsquo;observation des oiseaux et de la nature, la chasse, les voyages et les sports ainsi que les activit\u00e9s aquatiques et la voile.<\/span><span style=\"font-weight: 400;\"><br \/>\n<\/span><span style=\"font-weight: 400;\"><br \/>\n<\/span><b>Informations du produit :<\/b><\/p>\n<ul>\n<li><span style=\"font-weight: 400;\">Agrandissement : 7 x<\/span><span style=\"font-weight: 400;\"><br \/>\n<\/span><\/li>\n<li><span style=\"font-weight: 400;\">Diam\u00e8tre de la lentille : 50 mm<\/span><span style=\"font-weight: 400;\"><br \/>\n<\/span><\/li>\n<li><span style=\"font-weight: 400;\">Pupille de sortie : 7,1 mm<\/span><\/li>\n<li><span style=\"font-weight: 400;\">Champ de vision FOV :&nbsp; 131 \/ 1000m <\/span><span style=\"font-weight: 400;\"><br \/>\n<\/span><\/li>\n<li><span style=\"font-weight: 400;\">Angle du champ de vision : 6,0\u00b0<\/span><\/li>\n<li><span style=\"font-weight: 400;\">\u00c9chelle de calcul de la distance sur l&rsquo;objectif<\/span><\/li>\n<li><span style=\"font-weight: 400;\">Alimentation \u00e9lectrique : 1 pile de type CR2 (incluse)<\/span><\/li>\n<li><span style=\"font-weight: 400;\">Une \u00e9chelle int\u00e9gr\u00e9e pour faciliter le calcul de la distance et de la taille<\/span><\/li>\n<li><span style=\"font-weight: 400;\">Plage de temp\u00e9ratures&nbsp;: -40 \u00e0 +85 \u00b0C<\/span><span style=\"font-weight: 400;\"><br \/>\n<\/span><\/li>\n<li><span style=\"font-weight: 400;\">\u00e9tanche<\/span><\/li>\n<li><span style=\"font-weight: 400;\">Couleur du rev\u00eatement : vert<\/span><\/li>\n<li><span style=\"font-weight: 400;\">Charge de gaz : Azote&nbsp;<\/span><\/li>\n<li><span style=\"font-weight: 400;\">Distance entre les yeux : 50 mm&nbsp;<\/span><\/li>\n<li><span style=\"font-weight: 400;\">Plage de r\u00e9glage de la nettet\u00e9 : 4 m\u00e8tres&nbsp;<\/span><\/li>\n<li><span style=\"font-weight: 400;\">Syst\u00e8me de prismes : Porro<\/span><\/li>\n<li><span style=\"font-weight: 400;\">Prismes et syst\u00e8me de lentilles en BAK-4 de haute qualit\u00e9<\/span><span style=\"font-weight: 400;\"><br \/>\n<\/span><\/li>\n<li><span style=\"font-weight: 400;\">Compensation des dioptries<\/span><span style=\"font-weight: 400;\"><br \/>\n<\/span><\/li>\n<li><span style=\"font-weight: 400;\">Corps des jumelles robuste et blind\u00e9 en caoutchouc<\/span><span style=\"font-weight: 400;\"><br \/>\n<\/span><\/li>\n<li><span style=\"font-weight: 400;\">Couleur : vert olive<\/span><span style=\"font-weight: 400;\"><br \/>\n<\/span><\/li>\n<li><span style=\"font-weight: 400;\">Dimensions pli\u00e9es&nbsp; 14,5 (L) x 18,5 (l) x 6,5 (H) cm<\/span><span style=\"font-weight: 400;\"><br \/>\n<\/span><\/li>\n<li><span style=\"font-weight: 400;\">Dimensions ouvertes : 14,5 (L) x 19,5 (l) x 6,5 (H) cm<\/span><span style=\"font-weight: 400;\"><br \/>\n<\/span><\/li>\n<li><span style=\"font-weight: 400;\">Contenu de la livraison&nbsp;: jumelles, sangle de transport, chiffon de nettoyage, sac en nylon, bouchon d&rsquo;objectif<\/span><\/li>\n<li><span style=\"font-weight: 400;\">Garantie : 2 ans&nbsp;<\/span><\/li>\n<li><span style=\"font-weight: 400;\">Poids : 890 g<\/span><\/li>\n<\/ul>\n","protected":false},"excerpt":{"rendered":"<p>Voyez dans le d\u00e9tail des objets tr\u00e8s \u00e9loign\u00e9s ! Que ce soit en voyage, lors d\u2019un \u00e9v\u00e9nement sportif, dans la nature ou en haute mer, ces jumelles s&rsquo;adaptent \u00e0 la perfection \u00e0 un style de vie actif. Ces jumelles sont un produit extr\u00eamement polyvalent : elles sont \u00e9tanches, pratiques et \u00e0 finition haut de gamme. [&hellip;]<\/p>\n","protected":false},"featured_media":101817,"comment_status":"closed","ping_status":"closed","template":"","meta":{"inline_featured_image":false},"product_brand":[],"product_cat":[1339],"product_tag":[1773],"class_list":{"0":"post-101813","1":"product","2":"type-product","3":"status-publish","4":"has-post-thumbnail","6":"product_cat-jumelles-appareils-de-vision-nocturne","7":"product_tag-chasse-peche","9":"first","10":"instock","11":"taxable","12":"shipping-taxable","13":"purchasable","14":"product-type-simple"},"_links":{"self":[{"href":"https:\/\/metal-badge.ch\/fr\/wp-json\/wp\/v2\/product\/101813","targetHints":{"allow":["GET"]}}],"collection":[{"href":"https:\/\/metal-badge.ch\/fr\/wp-json\/wp\/v2\/product"}],"about":[{"href":"https:\/\/metal-badge.ch\/fr\/wp-json\/wp\/v2\/types\/product"}],"replies":[{"embeddable":true,"href":"https:\/\/metal-badge.ch\/fr\/wp-json\/wp\/v2\/comments?post=101813"}],"wp:featuredmedia":[{"embeddable":true,"href":"https:\/\/metal-badge.ch\/fr\/wp-json\/wp\/v2\/media\/101817"}],"wp:attachment":[{"href":"https:\/\/metal-badge.ch\/fr\/wp-json\/wp\/v2\/media?parent=101813"}],"wp:term":[{"taxonomy":"product_brand","embeddable":true,"href":"https:\/\/metal-badge.ch\/fr\/wp-json\/wp\/v2\/product_brand?post=101813"},{"taxonomy":"product_cat","embeddable":true,"href":"https:\/\/metal-badge.ch\/fr\/wp-json\/wp\/v2\/product_cat?post=101813"},{"taxonomy":"product_tag","embeddable":true,"href":"https:\/\/metal-badge.ch\/fr\/wp-json\/wp\/v2\/product_tag?post=101813"}],"curies":[{"name":"wp","href":"https:\/\/api.w.org\/{rel}","templated":true}]}}