{"id":101734,"date":"2021-04-17T08:55:44","date_gmt":"2021-04-17T06:55:45","guid":{"rendered":"https:\/\/shop.metal-badge.ch\/?post_type=product&#038;p=101734"},"modified":"2021-04-17T09:03:47","modified_gmt":"2021-04-17T07:03:47","slug":"jumelles-de-chasse-10x42-olive-prismes-bk-4","status":"publish","type":"product","link":"https:\/\/metal-badge.ch\/fr\/product\/101734\/jumelles-de-chasse-10x42-olive-prismes-bk-4\/","title":{"rendered":"Jumelles de chasse 10&#215;42 olive, prismes BK-4"},"content":{"rendered":"<p><span style=\"font-weight: 400;\">Voyez dans le d\u00e9tail des objets tr\u00e8s \u00e9loign\u00e9s ! Que ce soit en voyage, lors d\u2019un \u00e9v\u00e9nement sportif, dans la nature ou en haute mer, ces jumelles s&rsquo;adaptent \u00e0 la perfection \u00e0 un style de vie actif. <\/span><span style=\"font-weight: 400;\">Ces jumelles sont un produit extr\u00eamement polyvalent : elles sont \u00e9tanches, pratiques et \u00e0 finition haut de gamme.<\/span><\/p>\n<p><span style=\"font-weight: 400;\">Avec les \u0153illetons r\u00e9glables et bloquables, l\u2019\u00e9cart entre les yeux peut \u00eatre ajust\u00e9 pour l\u2019observation avec ou sans lunettes. La correction dioptrique est int\u00e9gr\u00e9e. R\u00e9alisation avec des prismes BK4,&nbsp;Les jumelles 10&#215;42 sont une version \u00e0 puissance collectrice de luminosit\u00e9 \u00e9lev\u00e9e, qui fournit une image plus claire, notamment au cr\u00e9puscule.&nbsp;Elles sont \u00e9quip\u00e9es de capuchons de lentille en caoutchouc qui s&rsquo;ouvrent et se ferment facilement et peuvent \u00eatre enti\u00e8rement retir\u00e9s en une seule \u00e9tape si n\u00e9cessaire.&nbsp;Id\u00e9al pour l&rsquo;observation des oiseaux et de la nature, la chasse, les voyages et les sports ainsi que les activit\u00e9s aquatiques et la voile.<\/span><span style=\"font-weight: 400;\"><br \/>\n<\/span><span style=\"font-weight: 400;\"><br \/>\n<\/span><b>Informations du produit :<\/b><\/p>\n<ul>\n<li><span style=\"font-weight: 400;\">Agrandissement : 10x<\/span><span style=\"font-weight: 400;\"><br \/>\n<\/span><\/li>\n<li><span style=\"font-weight: 400;\">Diam\u00e8tre de la lentille&nbsp;: 42 mm<\/span><span style=\"font-weight: 400;\"><br \/>\n<\/span><\/li>\n<li><span style=\"font-weight: 400;\">Pupille de sortie : 5,25 mm<\/span><\/li>\n<li><span style=\"font-weight: 400;\">Champ de vision FOV : 105 \/ 1000m <\/span><span style=\"font-weight: 400;\"><br \/>\n<\/span><\/li>\n<li><span style=\"font-weight: 400;\">Angle du champ de vision : 6.0\u00b0<\/span><span style=\"font-weight: 400;\"><br \/>\n<\/span><\/li>\n<li><span style=\"font-weight: 400;\">\u00e9tanche<\/span><\/li>\n<li><span style=\"font-weight: 400;\">Couleur du rev\u00eatement : vert<\/span><\/li>\n<li><span style=\"font-weight: 400;\">Charge de gaz : Azote&nbsp;<\/span><\/li>\n<li><span style=\"font-weight: 400;\">Distance entre les yeux : 21,5 mm&nbsp;<\/span><\/li>\n<li><span style=\"font-weight: 400;\">Plage de r\u00e9glage de la nettet\u00e9 : De 6 m\u00e8tres \u00e0 l\u2019infini<\/span><\/li>\n<li><span style=\"font-weight: 400;\">Prismes en toit et syst\u00e8me de lentilles en BAK-4 de haute qualit\u00e9<\/span><span style=\"font-weight: 400;\"><br \/>\n<\/span><\/li>\n<li><span style=\"font-weight: 400;\">Mise au point par la molette centrale<\/span><\/li>\n<li><span style=\"font-weight: 400;\">Compensation des dioptries<\/span><\/li>\n<li><span style=\"font-weight: 400;\">Corps des jumelles robuste et blind\u00e9 en caoutchouc<\/span><\/li>\n<li><span style=\"font-weight: 400;\">Couleur : vert olive<\/span><\/li>\n<li><span style=\"font-weight: 400;\">Dimensions pli\u00e9es :&nbsp; 15,5 (L) x 12,5 (l) x 6,0 (H) cm<\/span><span style=\"font-weight: 400;\"><br \/>\n<\/span><\/li>\n<li><span style=\"font-weight: 400;\">Dimensions ouvertes : 15,0 (L) x 13,5 (l) x 5,5 (H) cm<\/span><span style=\"font-weight: 400;\"><br \/>\n<\/span><\/li>\n<li><span style=\"font-weight: 400;\">Contenu de la livraison&nbsp;: jumelles, sangle de transport, chiffon de nettoyage, sac en nylon, bouchon d&rsquo;objectif<\/span><\/li>\n<li><span style=\"font-weight: 400;\">Garantie : 2 ans&nbsp;<\/span><\/li>\n<li><span style=\"font-weight: 400;\">Poids : 594 g<\/span><\/li>\n<\/ul>\n<p>&nbsp;<\/p>\n","protected":false},"excerpt":{"rendered":"<p>Voyez dans le d\u00e9tail des objets tr\u00e8s \u00e9loign\u00e9s ! Que ce soit en voyage, lors d\u2019un \u00e9v\u00e9nement sportif, dans la nature ou en haute mer, ces jumelles s&rsquo;adaptent \u00e0 la perfection \u00e0 un style de vie actif. Ces jumelles sont un produit extr\u00eamement polyvalent : elles sont \u00e9tanches, pratiques et \u00e0 finition haut de gamme. [&hellip;]<\/p>\n","protected":false},"featured_media":101742,"comment_status":"closed","ping_status":"closed","template":"","meta":{"inline_featured_image":false},"product_brand":[],"product_cat":[1339],"product_tag":[1773],"class_list":{"0":"post-101734","1":"product","2":"type-product","3":"status-publish","4":"has-post-thumbnail","6":"product_cat-jumelles-appareils-de-vision-nocturne","7":"product_tag-chasse-peche","9":"first","10":"instock","11":"taxable","12":"shipping-taxable","13":"purchasable","14":"product-type-simple"},"_links":{"self":[{"href":"https:\/\/metal-badge.ch\/fr\/wp-json\/wp\/v2\/product\/101734","targetHints":{"allow":["GET"]}}],"collection":[{"href":"https:\/\/metal-badge.ch\/fr\/wp-json\/wp\/v2\/product"}],"about":[{"href":"https:\/\/metal-badge.ch\/fr\/wp-json\/wp\/v2\/types\/product"}],"replies":[{"embeddable":true,"href":"https:\/\/metal-badge.ch\/fr\/wp-json\/wp\/v2\/comments?post=101734"}],"wp:featuredmedia":[{"embeddable":true,"href":"https:\/\/metal-badge.ch\/fr\/wp-json\/wp\/v2\/media\/101742"}],"wp:attachment":[{"href":"https:\/\/metal-badge.ch\/fr\/wp-json\/wp\/v2\/media?parent=101734"}],"wp:term":[{"taxonomy":"product_brand","embeddable":true,"href":"https:\/\/metal-badge.ch\/fr\/wp-json\/wp\/v2\/product_brand?post=101734"},{"taxonomy":"product_cat","embeddable":true,"href":"https:\/\/metal-badge.ch\/fr\/wp-json\/wp\/v2\/product_cat?post=101734"},{"taxonomy":"product_tag","embeddable":true,"href":"https:\/\/metal-badge.ch\/fr\/wp-json\/wp\/v2\/product_tag?post=101734"}],"curies":[{"name":"wp","href":"https:\/\/api.w.org\/{rel}","templated":true}]}}