{"id":101638,"date":"2021-04-17T07:09:35","date_gmt":"2021-04-17T05:09:36","guid":{"rendered":"https:\/\/shop.metal-badge.ch\/?post_type=product&#038;p=101638"},"modified":"2021-04-19T05:12:58","modified_gmt":"2021-04-19T03:12:58","slug":"bottes-de-pecheur-cuissardes","status":"publish","type":"product","link":"https:\/\/metal-badge.ch\/fr\/product\/101638\/bottes-de-pecheur-cuissardes\/","title":{"rendered":"Bottes de p\u00eacheur &#8211; Cuissardes"},"content":{"rendered":"<p><span style=\"font-weight: 400;\">Ces bottes sont des cuissardes tr\u00e8s l\u00e9g\u00e8res pour le printemps, l&rsquo;\u00e9t\u00e9 et l&rsquo;automne. Contrairement aux cuissardes en n\u00e9opr\u00e8ne, le poids des mod\u00e8les en nylon est nettement inf\u00e9rieur et moins chaud que le n\u00e9opr\u00e8ne, ce qui \u00e9vite de transpirer dans le pantalon. Le mat\u00e9riau en nylon est tr\u00e8s r\u00e9sistant et les coutures sont fix\u00e9es par un bandeau suppl\u00e9mentaire \u00e0 l&rsquo;int\u00e9rieur. Une \u00e9tanch\u00e9it\u00e9 de 100 % est donc assur\u00e9e. Il y a une poche de poitrine ext\u00e9rieure dans laquelle de petits accessoires peuvent \u00eatre rang\u00e9s. Gr\u00e2ce \u00e0 la semelle antid\u00e9rapante et au profil adh\u00e9rent, vous trouverez toujours un bon support. Ces cuissardes sont \u00e9quip\u00e9es d&rsquo;une tige en nylon r\u00e9glable et d&rsquo;une fermeture rapide. Les bretelles r\u00e9glables sont \u00e9quip\u00e9es d&rsquo;attaches rapides et d&rsquo;un \u00e9lastique au niveau du dos, et peuvent donc \u00eatre ajust\u00e9es \u00e0 la taille de la personne qui les porte.&nbsp;&nbsp;&nbsp;<\/span><\/p>\n<p><b>Description du produit&nbsp;:&nbsp;<\/b><\/p>\n<ul>\n<li><span style=\"font-weight: 400;\">CHN-81205M<\/span><span style=\"font-weight: 400;\"><br \/>\n<\/span><\/li>\n<li><span style=\"font-weight: 400;\">Mat\u00e9riau :<\/span><span style=\"font-weight: 400;\"> 70 D Nylon PVC <\/span><span style=\"font-weight: 400;\"><br \/>\n<\/span><\/li>\n<li><span style=\"font-weight: 400;\">Hauteur : hauteur de poitrine&nbsp;<\/span><\/li>\n<li><span style=\"font-weight: 400;\">Couleur : camouflage&nbsp;<\/span><\/li>\n<li><span style=\"font-weight: 400;\">Tissu renforc\u00e9 de 300 deniers pour toujours avoir la sensation d&rsquo;\u00eatre au sec<\/span><\/li>\n<li><span style=\"font-weight: 400;\">Ceinture en nylon imperm\u00e9able r\u00e9glable avec fermeture \u00e0 d\u00e9clenchement rapide<\/span><\/li>\n<li><span style=\"font-weight: 400;\">Bretelles d&rsquo;accueil imperm\u00e9ables r\u00e9glables avec fermeture \u00e0 d\u00e9clenchement rapide et dos \u00e9lastiqu\u00e9 pour le confort et l&rsquo;extensibilit\u00e9.<\/span><\/li>\n<li><span style=\"font-weight: 400;\">Sur le devant, il y a une poche avec une couverture en velcro pour les cl\u00e9s, les cartes d&rsquo;identit\u00e9, etc.<\/span><\/li>\n<li><span style=\"font-weight: 400;\">Poche \u00e0 l&rsquo;avant hauteur 14 cm x largeur 20 cm&nbsp;<\/span><\/li>\n<li><span style=\"font-weight: 400;\">100 % polyester avec rev\u00eatement en PVC<\/span><\/li>\n<li><span style=\"font-weight: 400;\">Semelle profil\u00e9e de 2,5 cm d&rsquo;\u00e9paisseur<\/span><\/li>\n<li><span style=\"font-weight: 400;\">Poids : 2,3 kg&nbsp;<\/span><\/li>\n<li><span style=\"font-weight: 400;\">Le mat\u00e9riau est r\u00e9sistant au froid jusqu&rsquo;\u00e0 -50\u00ba C<\/span><\/li>\n<\/ul>\n","protected":false},"excerpt":{"rendered":"<p>Ces bottes sont des cuissardes tr\u00e8s l\u00e9g\u00e8res pour le printemps, l&rsquo;\u00e9t\u00e9 et l&rsquo;automne. Contrairement aux cuissardes en n\u00e9opr\u00e8ne, le poids des mod\u00e8les en nylon est nettement inf\u00e9rieur et moins chaud que le n\u00e9opr\u00e8ne, ce qui \u00e9vite de transpirer dans le pantalon. Le mat\u00e9riau en nylon est tr\u00e8s r\u00e9sistant et les coutures sont fix\u00e9es par un [&hellip;]<\/p>\n","protected":false},"featured_media":101642,"comment_status":"closed","ping_status":"closed","template":"","meta":{"inline_featured_image":false},"product_brand":[],"product_cat":[1435,2197],"product_tag":[1773],"class_list":{"0":"post-101638","1":"product","2":"type-product","3":"status-publish","4":"has-post-thumbnail","6":"product_cat-camping-voyage","7":"product_cat-chaussuresetbottes","8":"product_tag-chasse-peche","10":"first","11":"instock","12":"taxable","13":"shipping-taxable","14":"purchasable","15":"product-type-simple"},"_links":{"self":[{"href":"https:\/\/metal-badge.ch\/fr\/wp-json\/wp\/v2\/product\/101638","targetHints":{"allow":["GET"]}}],"collection":[{"href":"https:\/\/metal-badge.ch\/fr\/wp-json\/wp\/v2\/product"}],"about":[{"href":"https:\/\/metal-badge.ch\/fr\/wp-json\/wp\/v2\/types\/product"}],"replies":[{"embeddable":true,"href":"https:\/\/metal-badge.ch\/fr\/wp-json\/wp\/v2\/comments?post=101638"}],"wp:featuredmedia":[{"embeddable":true,"href":"https:\/\/metal-badge.ch\/fr\/wp-json\/wp\/v2\/media\/101642"}],"wp:attachment":[{"href":"https:\/\/metal-badge.ch\/fr\/wp-json\/wp\/v2\/media?parent=101638"}],"wp:term":[{"taxonomy":"product_brand","embeddable":true,"href":"https:\/\/metal-badge.ch\/fr\/wp-json\/wp\/v2\/product_brand?post=101638"},{"taxonomy":"product_cat","embeddable":true,"href":"https:\/\/metal-badge.ch\/fr\/wp-json\/wp\/v2\/product_cat?post=101638"},{"taxonomy":"product_tag","embeddable":true,"href":"https:\/\/metal-badge.ch\/fr\/wp-json\/wp\/v2\/product_tag?post=101638"}],"curies":[{"name":"wp","href":"https:\/\/api.w.org\/{rel}","templated":true}]}}