{"id":101634,"date":"2021-04-17T06:48:43","date_gmt":"2021-04-17T04:48:43","guid":{"rendered":"https:\/\/shop.metal-badge.ch\/product\/101634\/bottes-montantes-de-peche\/"},"modified":"2021-04-19T05:10:49","modified_gmt":"2021-04-19T03:10:49","slug":"bottes-montantes-de-peche","status":"publish","type":"product","link":"https:\/\/metal-badge.ch\/fr\/product\/101634\/bottes-montantes-de-peche\/","title":{"rendered":"Bottes montantes de p\u00eache"},"content":{"rendered":"<p><span style=\"font-weight: 400;\">Qu&rsquo;il est agr\u00e9able de p\u00eacher ainsi &#8211; Bonne p\u00eache !<\/span><\/p>\n<p><span style=\"font-weight: 400;\">Des cuissardes l\u00e9g\u00e8res et confortables avec une bande de fermeture de ceinture stable et une semelle profil\u00e9e antid\u00e9rapante. Id\u00e9ales dans les eaux jusqu&rsquo;\u00e0 70 cm de profondeur, ces bottes montantes offrent une grande libert\u00e9 de mouvement et des pieds secs. Couleur : olive&nbsp;<\/span><\/p>\n<p><span style=\"font-weight: 400;\">Bottes fabriqu\u00e9es en 100 % polychlorure, tige en 100 % nylon, int\u00e9rieur enduit de 100 % polychlorure.&nbsp;<\/span><\/p>\n<p><b>Description du produit&nbsp;:&nbsp;<\/b><\/p>\n<ul>\n<li><span style=\"font-weight: 400;\">CHN-81201<\/span><span style=\"font-weight: 400;\"><br \/>\n<\/span><\/li>\n<li><span style=\"font-weight: 400;\">Mat\u00e9riau : 70 D Nylon PVC <\/span><span style=\"font-weight: 400;\"><br \/>\n<\/span><\/li>\n<li><span style=\"font-weight: 400;\">Hauteur : 80 cm<\/span><\/li>\n<li><span style=\"font-weight: 400;\">Couleur : olive&nbsp;<\/span><\/li>\n<li><span style=\"font-weight: 400;\">100 % polyester avec rev\u00eatement en PVC<\/span><\/li>\n<li><span style=\"font-weight: 400;\">Semelle profil\u00e9e de 2,5 cm d&rsquo;\u00e9paisseur<\/span><\/li>\n<li><span style=\"font-weight: 400;\">Poids : 1,2 kg&nbsp;<\/span><\/li>\n<li><span style=\"font-weight: 400;\">Le mat\u00e9riau est r\u00e9sistant au froid jusqu&rsquo;\u00e0 -50\u00ba C<\/span><\/li>\n<\/ul>\n<p>&nbsp;<\/p>\n","protected":false},"excerpt":{"rendered":"<p>Qu&rsquo;il est agr\u00e9able de p\u00eacher ainsi &#8211; Bonne p\u00eache ! Des cuissardes l\u00e9g\u00e8res et confortables avec une bande de fermeture de ceinture stable et une semelle profil\u00e9e antid\u00e9rapante. Id\u00e9ales dans les eaux jusqu&rsquo;\u00e0 70 cm de profondeur, ces bottes montantes offrent une grande libert\u00e9 de mouvement et des pieds secs. Couleur : olive&nbsp; Bottes fabriqu\u00e9es [&hellip;]<\/p>\n","protected":false},"featured_media":101627,"comment_status":"closed","ping_status":"closed","template":"","meta":{"inline_featured_image":false},"product_brand":[],"product_cat":[1435,2197],"product_tag":[1773],"class_list":{"0":"post-101634","1":"product","2":"type-product","3":"status-publish","4":"has-post-thumbnail","6":"product_cat-camping-voyage","7":"product_cat-chaussuresetbottes","8":"product_tag-chasse-peche","10":"first","11":"instock","12":"taxable","13":"shipping-taxable","14":"purchasable","15":"product-type-simple"},"_links":{"self":[{"href":"https:\/\/metal-badge.ch\/fr\/wp-json\/wp\/v2\/product\/101634","targetHints":{"allow":["GET"]}}],"collection":[{"href":"https:\/\/metal-badge.ch\/fr\/wp-json\/wp\/v2\/product"}],"about":[{"href":"https:\/\/metal-badge.ch\/fr\/wp-json\/wp\/v2\/types\/product"}],"replies":[{"embeddable":true,"href":"https:\/\/metal-badge.ch\/fr\/wp-json\/wp\/v2\/comments?post=101634"}],"wp:featuredmedia":[{"embeddable":true,"href":"https:\/\/metal-badge.ch\/fr\/wp-json\/wp\/v2\/media\/101627"}],"wp:attachment":[{"href":"https:\/\/metal-badge.ch\/fr\/wp-json\/wp\/v2\/media?parent=101634"}],"wp:term":[{"taxonomy":"product_brand","embeddable":true,"href":"https:\/\/metal-badge.ch\/fr\/wp-json\/wp\/v2\/product_brand?post=101634"},{"taxonomy":"product_cat","embeddable":true,"href":"https:\/\/metal-badge.ch\/fr\/wp-json\/wp\/v2\/product_cat?post=101634"},{"taxonomy":"product_tag","embeddable":true,"href":"https:\/\/metal-badge.ch\/fr\/wp-json\/wp\/v2\/product_tag?post=101634"}],"curies":[{"name":"wp","href":"https:\/\/api.w.org\/{rel}","templated":true}]}}