{"id":101581,"date":"2021-04-16T09:18:22","date_gmt":"2021-04-16T07:18:22","guid":{"rendered":"https:\/\/shop.metal-badge.ch\/product\/101581\/douche-exterieure-et-de-camping-avec-batterie\/"},"modified":"2023-07-19T17:00:14","modified_gmt":"2023-07-19T15:00:14","slug":"douche-exterieure-et-de-camping-avec-batterie","status":"publish","type":"product","link":"https:\/\/metal-badge.ch\/fr\/product\/101581\/douche-exterieure-et-de-camping-avec-batterie\/","title":{"rendered":"Douche ext\u00e9rieure et de camping avec batterie"},"content":{"rendered":"<p><span style=\"font-weight: 400;\">La douche de camping \u00e9lectrique avec batterie convainc principalement parce qu&rsquo;elle est absolument flexible dans son utilisation. Il vous faut seulement emporter un r\u00e9servoir d&rsquo;eau. Comme la batterie doit \u00eatre recharg\u00e9e sans cesse, elle est moins adapt\u00e9e pour un montage fixe. Elle peut \u00eatre utilis\u00e9e dans le jardin, en camping, lors de festivals et dans de nombreux autres endroits. Avec une batterie pleine, la performance est suffisante pour une dur\u00e9e d&rsquo;utilisation jusqu&rsquo;\u00e0 60 minutes. La batterie peut \u00eatre charg\u00e9e facilement avec un chargeur USB. Cette douche de camping est \u00e9quip\u00e9e d&rsquo;une puissante pompe submersible, qui apporte toujours une pression suffisante \u00e0 la pomme de douche. Bien entendu, il est possible de r\u00e9gler la pomme de douche. Il suffit d&rsquo;immerger le corps de la pompe charg\u00e9e dans de l&rsquo;eau propre et de placer la pomme de douche avec le tuyau \u00e0 la bonne hauteur. Et d\u00e8s que vous allumez la douche, l&rsquo;eau coule !<\/span><\/p>\n<p><b>Informations du produit :&nbsp;<\/b><\/p>\n<ul>\n<li><span style=\"font-weight: 400;\">Mod\u00e8le : Douche de camping GFS&nbsp;<\/span><\/li>\n<li><span style=\"font-weight: 400;\">Couleur : Orange<\/span><\/li>\n<li><span style=\"font-weight: 400;\">Longueur du tuyau&nbsp;: env. 1.80 m&nbsp;<\/span><\/li>\n<li><span style=\"font-weight: 400;\">D\u00e9bit : env. 2,5 L\/min<\/span><\/li>\n<li><span style=\"font-weight: 400;\">Batterie au lithium-ion : 2200 mAh<\/span><\/li>\n<li><span style=\"font-weight: 400;\">Tension&nbsp;: 3,7 V.<\/span><\/li>\n<li><span style=\"font-weight: 400;\">Dur\u00e9e de fonctionnement&nbsp;: 50-60 minutes avec charge compl\u00e8te<\/span><\/li>\n<li><span style=\"font-weight: 400;\">Dur\u00e9e de chargement : env. 3-4 heures<\/span><\/li>\n<li><span style=\"font-weight: 400;\">Interrupteur de puissance \u00e9tanche&nbsp;<\/span><\/li>\n<li><span style=\"font-weight: 400;\">Rechargeable via un c\u00e2ble USB et une prise de courant<\/span><\/li>\n<li><span style=\"font-weight: 400;\">Poids : 690 g&nbsp;<\/span><\/li>\n<li><span style=\"font-weight: 400;\">Dimensions&nbsp;: 63 x 84 x 150 mm<\/span><\/li>\n<\/ul>\n<p><b>Contenu&nbsp;:&nbsp;<\/b><\/p>\n<ul>\n<li><span style=\"font-weight: 400;\">Pompe \u00e0 batterie mobile avec douche \/ pomme de douche&nbsp;<\/span><\/li>\n<li><span style=\"font-weight: 400;\">Tube 180 cm<\/span><\/li>\n<li><span style=\"font-weight: 400;\">Crochet en plastique<\/span><\/li>\n<li><span style=\"font-weight: 400;\">C\u00e2ble de chargement USB<\/span><\/li>\n<li><span style=\"font-weight: 400;\">Prise USB<\/span><\/li>\n<li><span style=\"font-weight: 400;\">Ventouse<\/span><\/li>\n<\/ul>\n<p><strong>Nous proposons un seau pliant assorti \u00e0 cette douche, voir lien suivant.<\/strong><\/p>\n","protected":false},"excerpt":{"rendered":"<p>La douche de camping \u00e9lectrique avec batterie convainc principalement parce qu&rsquo;elle est absolument flexible dans son utilisation. Il vous faut seulement emporter un r\u00e9servoir d&rsquo;eau. Comme la batterie doit \u00eatre recharg\u00e9e sans cesse, elle est moins adapt\u00e9e pour un montage fixe. Elle peut \u00eatre utilis\u00e9e dans le jardin, en camping, lors de festivals et dans [&hellip;]<\/p>\n","protected":false},"featured_media":101554,"comment_status":"closed","ping_status":"closed","template":"","meta":{"inline_featured_image":false},"product_brand":[],"product_cat":[1435],"product_tag":[1777,1765],"class_list":{"0":"post-101581","1":"product","2":"type-product","3":"status-publish","4":"has-post-thumbnail","6":"product_cat-camping-voyage","7":"product_tag-camping-voyage","8":"product_tag-sport-outdoor-fr","10":"first","11":"instock","12":"taxable","13":"shipping-taxable","14":"purchasable","15":"product-type-simple"},"_links":{"self":[{"href":"https:\/\/metal-badge.ch\/fr\/wp-json\/wp\/v2\/product\/101581","targetHints":{"allow":["GET"]}}],"collection":[{"href":"https:\/\/metal-badge.ch\/fr\/wp-json\/wp\/v2\/product"}],"about":[{"href":"https:\/\/metal-badge.ch\/fr\/wp-json\/wp\/v2\/types\/product"}],"replies":[{"embeddable":true,"href":"https:\/\/metal-badge.ch\/fr\/wp-json\/wp\/v2\/comments?post=101581"}],"wp:featuredmedia":[{"embeddable":true,"href":"https:\/\/metal-badge.ch\/fr\/wp-json\/wp\/v2\/media\/101554"}],"wp:attachment":[{"href":"https:\/\/metal-badge.ch\/fr\/wp-json\/wp\/v2\/media?parent=101581"}],"wp:term":[{"taxonomy":"product_brand","embeddable":true,"href":"https:\/\/metal-badge.ch\/fr\/wp-json\/wp\/v2\/product_brand?post=101581"},{"taxonomy":"product_cat","embeddable":true,"href":"https:\/\/metal-badge.ch\/fr\/wp-json\/wp\/v2\/product_cat?post=101581"},{"taxonomy":"product_tag","embeddable":true,"href":"https:\/\/metal-badge.ch\/fr\/wp-json\/wp\/v2\/product_tag?post=101581"}],"curies":[{"name":"wp","href":"https:\/\/api.w.org\/{rel}","templated":true}]}}