{"id":101525,"date":"2021-04-16T08:27:14","date_gmt":"2021-04-16T06:27:15","guid":{"rendered":"https:\/\/shop.metal-badge.ch\/?post_type=product&#038;p=101525"},"modified":"2021-04-16T08:32:51","modified_gmt":"2021-04-16T06:32:51","slug":"gants-antiderapants-ss-1102-noir","status":"publish","type":"product","link":"https:\/\/metal-badge.ch\/fr\/product\/101525\/gants-antiderapants-ss-1102-noir\/","title":{"rendered":"Gants antid\u00e9rapants SS-1102 noir"},"content":{"rendered":"<p><span style=\"font-weight: 400;\">Ces gants r\u00e9sistants au vent et aux intemp\u00e9ries sont id\u00e9aux pour le sport ou l&rsquo;entra\u00eenement au tir pendant l&rsquo;hiver. Avec une paume en silicone caoutchout\u00e9e pour une prise en main antid\u00e9rapante, ces gants respirants conservent leur forme tout en offrant une totale libert\u00e9 de mouvement avec un ajustement parfait. Les gants sont fabriqu\u00e9s avec 90 % de polyester et 10 % de spandex.&nbsp;&nbsp;&nbsp;<\/span><\/p>\n<p><b>Informations du produit :&nbsp;<\/b><\/p>\n<ul>\n<li><span style=\"font-weight: 400;\">Mod\u00e8le : SS-1102&nbsp;<\/span><\/li>\n<li><span style=\"font-weight: 400;\">Mati\u00e8re&nbsp;: 90 % polyester, 10 % \u00e9lasthanne&nbsp;<\/span><\/li>\n<li><span style=\"font-weight: 400;\">Surface de la main : silicone antid\u00e9rapant pour une bonne prise en main<\/span><\/li>\n<li><span style=\"font-weight: 400;\">Couleur : noir<\/span><span style=\"font-weight: 400;\"><br \/>\n<\/span><\/li>\n<li><span style=\"font-weight: 400;\">Excellent ajustement<\/span><\/li>\n<li><span style=\"font-weight: 400;\">Tailles : S \u2013 2XL<\/span><\/li>\n<\/ul>\n","protected":false},"excerpt":{"rendered":"<p>Ces gants r\u00e9sistants au vent et aux intemp\u00e9ries sont id\u00e9aux pour le sport ou l&rsquo;entra\u00eenement au tir pendant l&rsquo;hiver. Avec une paume en silicone caoutchout\u00e9e pour une prise en main antid\u00e9rapante, ces gants respirants conservent leur forme tout en offrant une totale libert\u00e9 de mouvement avec un ajustement parfait. Les gants sont fabriqu\u00e9s avec 90 [&hellip;]<\/p>\n","protected":false},"featured_media":101529,"comment_status":"closed","ping_status":"closed","template":"","meta":{"inline_featured_image":false},"product_brand":[],"product_cat":[1643],"product_tag":[],"class_list":{"0":"post-101525","1":"product","2":"type-product","3":"status-publish","4":"has-post-thumbnail","6":"product_cat-gants-gants-dintervention","8":"first","9":"instock","10":"taxable","11":"shipping-taxable","12":"purchasable","13":"product-type-simple"},"_links":{"self":[{"href":"https:\/\/metal-badge.ch\/fr\/wp-json\/wp\/v2\/product\/101525","targetHints":{"allow":["GET"]}}],"collection":[{"href":"https:\/\/metal-badge.ch\/fr\/wp-json\/wp\/v2\/product"}],"about":[{"href":"https:\/\/metal-badge.ch\/fr\/wp-json\/wp\/v2\/types\/product"}],"replies":[{"embeddable":true,"href":"https:\/\/metal-badge.ch\/fr\/wp-json\/wp\/v2\/comments?post=101525"}],"wp:featuredmedia":[{"embeddable":true,"href":"https:\/\/metal-badge.ch\/fr\/wp-json\/wp\/v2\/media\/101529"}],"wp:attachment":[{"href":"https:\/\/metal-badge.ch\/fr\/wp-json\/wp\/v2\/media?parent=101525"}],"wp:term":[{"taxonomy":"product_brand","embeddable":true,"href":"https:\/\/metal-badge.ch\/fr\/wp-json\/wp\/v2\/product_brand?post=101525"},{"taxonomy":"product_cat","embeddable":true,"href":"https:\/\/metal-badge.ch\/fr\/wp-json\/wp\/v2\/product_cat?post=101525"},{"taxonomy":"product_tag","embeddable":true,"href":"https:\/\/metal-badge.ch\/fr\/wp-json\/wp\/v2\/product_tag?post=101525"}],"curies":[{"name":"wp","href":"https:\/\/api.w.org\/{rel}","templated":true}]}}