{"id":101517,"date":"2021-04-16T08:09:49","date_gmt":"2021-04-16T06:09:49","guid":{"rendered":"https:\/\/shop.metal-badge.ch\/?post_type=product&#038;p=101517"},"modified":"2021-04-16T08:20:11","modified_gmt":"2021-04-16T06:20:11","slug":"gants-resistants-aux-coupures-kevlar-en-388-ss-1009","status":"publish","type":"product","link":"https:\/\/metal-badge.ch\/fr\/product\/101517\/gants-resistants-aux-coupures-kevlar-en-388-ss-1009\/","title":{"rendered":"Gants r\u00e9sistants aux coupures KEVLAR EN 388 &#8211; SS-1009"},"content":{"rendered":"<p><span style=\"font-weight: 400;\">Gants de protection contre les coupures, fabriqu\u00e9s en fil KEVLAR fin sans couture, selon la norme EN 388, niveau 5, en noir. Les paumes, les doigts, le pouce et les articulations sont renforc\u00e9s en cuir de ch\u00e8vre. Le fil de Kevlar est ignifuge et ne se carbonise qu&rsquo;\u00e0 des temp\u00e9ratures de 400 degr\u00e9s Celsius. La largeur du poignet peut \u00eatre ajust\u00e9e \u00e0 l&rsquo;aide de fermetures velcro pour assurer un ajustement parfait.<\/span><span style=\"font-weight: 400;\"><\/p>\n<p><\/span><\/p>\n<p><b>Informations du produit :&nbsp;<\/b><\/p>\n<ul>\n<li><span style=\"font-weight: 400;\">Mod\u00e8le : SS-1009&nbsp;<\/span><\/li>\n<li><span style=\"font-weight: 400;\">Mati\u00e8re&nbsp;: Kevlar et cuir de ch\u00e8vre&nbsp;<\/span><\/li>\n<li><span style=\"font-weight: 400;\">Kevlar : selon la norme EN 388, gants de protection contre les coupures et r\u00e9sistant aux flammes&nbsp;<\/span><\/li>\n<li><span style=\"font-weight: 400;\">Les paumes, les doigts, le pouce et les articulations sont rev\u00eatus en cuir de ch\u00e8vre<\/span><\/li>\n<li><span style=\"font-weight: 400;\">pour une meilleure tenue et sont antid\u00e9rapants&nbsp;<\/span><\/li>\n<li><span style=\"font-weight: 400;\">Couleur : noir&nbsp;<\/span><span style=\"font-weight: 400;\">Fermeture du poignet avec velcro<\/span><\/li>\n<li><span style=\"font-weight: 400;\">Ajustement parfait<\/span><\/li>\n<li><span style=\"font-weight: 400;\">Tailles : S \u2013 2XL<\/span><\/li>\n<\/ul>\n","protected":false},"excerpt":{"rendered":"<p>Gants de protection contre les coupures, fabriqu\u00e9s en fil KEVLAR fin sans couture, selon la norme EN 388, niveau 5, en noir. Les paumes, les doigts, le pouce et les articulations sont renforc\u00e9s en cuir de ch\u00e8vre. Le fil de Kevlar est ignifuge et ne se carbonise qu&rsquo;\u00e0 des temp\u00e9ratures de 400 degr\u00e9s Celsius. La [&hellip;]<\/p>\n","protected":false},"featured_media":101521,"comment_status":"closed","ping_status":"closed","template":"","meta":{"inline_featured_image":false},"product_brand":[],"product_cat":[1643],"product_tag":[],"class_list":{"0":"post-101517","1":"product","2":"type-product","3":"status-publish","4":"has-post-thumbnail","6":"product_cat-gants-gants-dintervention","8":"first","9":"instock","10":"taxable","11":"shipping-taxable","12":"purchasable","13":"product-type-simple"},"_links":{"self":[{"href":"https:\/\/metal-badge.ch\/fr\/wp-json\/wp\/v2\/product\/101517","targetHints":{"allow":["GET"]}}],"collection":[{"href":"https:\/\/metal-badge.ch\/fr\/wp-json\/wp\/v2\/product"}],"about":[{"href":"https:\/\/metal-badge.ch\/fr\/wp-json\/wp\/v2\/types\/product"}],"replies":[{"embeddable":true,"href":"https:\/\/metal-badge.ch\/fr\/wp-json\/wp\/v2\/comments?post=101517"}],"wp:featuredmedia":[{"embeddable":true,"href":"https:\/\/metal-badge.ch\/fr\/wp-json\/wp\/v2\/media\/101521"}],"wp:attachment":[{"href":"https:\/\/metal-badge.ch\/fr\/wp-json\/wp\/v2\/media?parent=101517"}],"wp:term":[{"taxonomy":"product_brand","embeddable":true,"href":"https:\/\/metal-badge.ch\/fr\/wp-json\/wp\/v2\/product_brand?post=101517"},{"taxonomy":"product_cat","embeddable":true,"href":"https:\/\/metal-badge.ch\/fr\/wp-json\/wp\/v2\/product_cat?post=101517"},{"taxonomy":"product_tag","embeddable":true,"href":"https:\/\/metal-badge.ch\/fr\/wp-json\/wp\/v2\/product_tag?post=101517"}],"curies":[{"name":"wp","href":"https:\/\/api.w.org\/{rel}","templated":true}]}}