{"id":101244,"date":"2021-04-12T06:16:59","date_gmt":"2021-04-12T04:16:59","guid":{"rendered":"https:\/\/shop.metal-badge.ch\/?post_type=product&#038;p=101244"},"modified":"2021-04-12T08:55:24","modified_gmt":"2021-04-12T06:55:24","slug":"bouchons-de-protection-auditive-en-mousse-pu-jaune","status":"publish","type":"product","link":"https:\/\/metal-badge.ch\/fr\/product\/101244\/bouchons-de-protection-auditive-en-mousse-pu-jaune\/","title":{"rendered":"Bouchons de protection auditive en mousse PU &#8211; Jaune"},"content":{"rendered":"<p><span style=\"font-weight: 400;\">S&rsquo;il n&rsquo;est pas possible d&rsquo;\u00e9viter un environnement bruyant, les bouchons d&rsquo;oreille sont le bon choix. Ces bouchons d&rsquo;oreille de haute qualit\u00e9 conviennent aussi bien pour une utilisation rapide que pour une utilisation prolong\u00e9e. Champ d&rsquo;application : <\/span><span style=\"font-weight: 400;\">construction, a\u00e9roports, concerts, atelier de r\u00e9paration de voitures, m\u00e9tallurgie, artisanat, sylviculture, jardinage, loisirs, etc. Fabriqu\u00e9 en mousse de PU, design conique brevet\u00e9 pour un ajustement parfait et un grand confort de port. Les bouchons d&rsquo;oreille sont faciles \u00e0 former et \u00e0 ins\u00e9rer. Lavables et r\u00e9utilisables, ils sont livr\u00e9s dans une bo\u00eete de rangement pratique.<\/span><\/p>\n<p><b>Informations du produit :&nbsp;<\/b><\/p>\n<ul>\n<li><span style=\"font-weight: 400;\">Mati\u00e8re&nbsp;: Mousse PU&nbsp;<\/span><\/li>\n<li><span style=\"font-weight: 400;\">Forme : Conique<\/span><\/li>\n<li><span style=\"font-weight: 400;\">Poids : 20 g avec bo\u00eete&nbsp;&nbsp;<\/span><\/li>\n<li><span style=\"font-weight: 400;\">Couleur : jaune<\/span><\/li>\n<li><span style=\"font-weight: 400;\">Dimensions : longueur 2.5 cm&nbsp;<\/span><\/li>\n<li><span style=\"font-weight: 400;\">Diam\u00e8tre d&rsquo;environ 1.4 cm&nbsp;<\/span><\/li>\n<li><span style=\"font-weight: 400;\">Fourni dans une petite bo\u00eete d\u2019emballage<\/span><\/li>\n<li><span style=\"font-weight: 400;\">Prot\u00e8ge jusqu\u2019\u00e0 150 db<\/span><\/li>\n<\/ul>\n<p><strong>Pour les commandes plus importantes \u00e0 partir de 1000 pi\u00e8ces, veuillez nous contacter pour demander une r\u00e9duction.<\/strong><\/p>\n<p>&nbsp;<\/p>\n<p>&nbsp;<\/p>\n<p>&nbsp;<\/p>\n","protected":false},"excerpt":{"rendered":"<p>S&rsquo;il n&rsquo;est pas possible d&rsquo;\u00e9viter un environnement bruyant, les bouchons d&rsquo;oreille sont le bon choix. Ces bouchons d&rsquo;oreille de haute qualit\u00e9 conviennent aussi bien pour une utilisation rapide que pour une utilisation prolong\u00e9e. Champ d&rsquo;application : construction, a\u00e9roports, concerts, atelier de r\u00e9paration de voitures, m\u00e9tallurgie, artisanat, sylviculture, jardinage, loisirs, etc. Fabriqu\u00e9 en mousse de PU, [&hellip;]<\/p>\n","protected":false},"featured_media":100431,"comment_status":"closed","ping_status":"closed","template":"","meta":{"inline_featured_image":false},"product_brand":[],"product_cat":[1702],"product_tag":[1773,1781],"class_list":{"0":"post-101244","1":"product","2":"type-product","3":"status-publish","4":"has-post-thumbnail","6":"product_cat-protection-auditive-bouchons-doreille","7":"product_tag-chasse-peche","8":"product_tag-police-securite","10":"first","11":"instock","12":"taxable","13":"shipping-taxable","14":"purchasable","15":"product-type-simple"},"_links":{"self":[{"href":"https:\/\/metal-badge.ch\/fr\/wp-json\/wp\/v2\/product\/101244","targetHints":{"allow":["GET"]}}],"collection":[{"href":"https:\/\/metal-badge.ch\/fr\/wp-json\/wp\/v2\/product"}],"about":[{"href":"https:\/\/metal-badge.ch\/fr\/wp-json\/wp\/v2\/types\/product"}],"replies":[{"embeddable":true,"href":"https:\/\/metal-badge.ch\/fr\/wp-json\/wp\/v2\/comments?post=101244"}],"wp:featuredmedia":[{"embeddable":true,"href":"https:\/\/metal-badge.ch\/fr\/wp-json\/wp\/v2\/media\/100431"}],"wp:attachment":[{"href":"https:\/\/metal-badge.ch\/fr\/wp-json\/wp\/v2\/media?parent=101244"}],"wp:term":[{"taxonomy":"product_brand","embeddable":true,"href":"https:\/\/metal-badge.ch\/fr\/wp-json\/wp\/v2\/product_brand?post=101244"},{"taxonomy":"product_cat","embeddable":true,"href":"https:\/\/metal-badge.ch\/fr\/wp-json\/wp\/v2\/product_cat?post=101244"},{"taxonomy":"product_tag","embeddable":true,"href":"https:\/\/metal-badge.ch\/fr\/wp-json\/wp\/v2\/product_tag?post=101244"}],"curies":[{"name":"wp","href":"https:\/\/api.w.org\/{rel}","templated":true}]}}