{"id":101240,"date":"2021-04-12T05:15:28","date_gmt":"2021-04-12T03:15:28","guid":{"rendered":"https:\/\/shop.metal-badge.ch\/product\/101240\/lunettes-de-protection-pour-motocyclistes-lunettes-daviateur-retro-resistantes-au-vent\/"},"modified":"2021-04-12T06:10:37","modified_gmt":"2021-04-12T04:10:37","slug":"lunettes-de-protection-pour-motocyclistes-lunettes-daviateur-retro-resistantes-au-vent-teintes","status":"publish","type":"product","link":"https:\/\/metal-badge.ch\/fr\/product\/101240\/lunettes-de-protection-pour-motocyclistes-lunettes-daviateur-retro-resistantes-au-vent-teintes\/","title":{"rendered":"Lunettes de protection pour motocyclistes, lunettes d&rsquo;aviateur r\u00e9tro r\u00e9sistantes au vent &#8211; teint\u00e9s\u00a0"},"content":{"rendered":"<p><span style=\"font-weight: 400;\">Lunettes de pilote, pour oldtimer ou moto dans un style r\u00e9tro. Lunettes d&rsquo;aviateur classiques avec une monture ergonomique en plastique ABS de haute qualit\u00e9, en finition noire, et un rembourrage facial extra doux et bien ajust\u00e9. La taille de l&rsquo;\u00e9lastique est r\u00e9glable. Couleur : chrome avec verres bruns ou chrome avec verres teint\u00e9s. Les lunettes peuvent \u00eatre pli\u00e9es et donc facilement rang\u00e9es dans la poche d\u2019une veste.&nbsp;<\/span><\/p>\n<p><b>Informations du produit :<\/b><\/p>\n<ul>\n<li><span style=\"font-weight: 400;\">Mati\u00e8re&nbsp;: monture en plastique ABS<\/span><\/li>\n<li><span style=\"font-weight: 400;\">Verre : Polyacrylique<\/span><\/li>\n<li><span style=\"font-weight: 400;\">Couleur des verres : teint\u00e9s&nbsp;<\/span><\/li>\n<li><span style=\"font-weight: 400;\">Cadre : chrom\u00e9&nbsp;<\/span><\/li>\n<li><span style=\"font-weight: 400;\">Rembourrage en cuir artificiel (polyur\u00e9thane)<\/span><\/li>\n<li><span style=\"font-weight: 400;\">Tr\u00e8s faible poids, seulement 52 g.&nbsp;<\/span><\/li>\n<li><span style=\"font-weight: 400;\">Sangle de retenue \u00e9lastique, r\u00e9glable<\/span><\/li>\n<li><span style=\"font-weight: 400;\">Design classique pour cabrio, motocycliste<\/span><\/li>\n<li><span style=\"font-weight: 400;\">Rembourrage souple&nbsp;<\/span><\/li>\n<li><span style=\"font-weight: 400;\">Rev\u00eatement antibu\u00e9e&nbsp;<\/span><\/li>\n<li><span style=\"font-weight: 400;\">Dimensions : 20 cm de large x 9 cm de haut&nbsp;<\/span><\/li>\n<\/ul>\n<p><strong>Nous r\u00e9alisons d&rsquo;autres couleurs de verre sur demande <\/strong><\/p>\n","protected":false},"excerpt":{"rendered":"<p>Lunettes de pilote, pour oldtimer ou moto dans un style r\u00e9tro. Lunettes d&rsquo;aviateur classiques avec une monture ergonomique en plastique ABS de haute qualit\u00e9, en finition noire, et un rembourrage facial extra doux et bien ajust\u00e9. La taille de l&rsquo;\u00e9lastique est r\u00e9glable. Couleur : chrome avec verres bruns ou chrome avec verres teint\u00e9s. Les lunettes [&hellip;]<\/p>\n","protected":false},"featured_media":101221,"comment_status":"closed","ping_status":"closed","template":"","meta":{"inline_featured_image":false},"product_brand":[],"product_cat":[1115],"product_tag":[],"class_list":{"0":"post-101240","1":"product","2":"type-product","3":"status-publish","4":"has-post-thumbnail","6":"product_cat-lunettes-de-protection-lunettes-de-soleil","8":"first","9":"instock","10":"taxable","11":"shipping-taxable","12":"purchasable","13":"product-type-simple"},"_links":{"self":[{"href":"https:\/\/metal-badge.ch\/fr\/wp-json\/wp\/v2\/product\/101240","targetHints":{"allow":["GET"]}}],"collection":[{"href":"https:\/\/metal-badge.ch\/fr\/wp-json\/wp\/v2\/product"}],"about":[{"href":"https:\/\/metal-badge.ch\/fr\/wp-json\/wp\/v2\/types\/product"}],"replies":[{"embeddable":true,"href":"https:\/\/metal-badge.ch\/fr\/wp-json\/wp\/v2\/comments?post=101240"}],"wp:featuredmedia":[{"embeddable":true,"href":"https:\/\/metal-badge.ch\/fr\/wp-json\/wp\/v2\/media\/101221"}],"wp:attachment":[{"href":"https:\/\/metal-badge.ch\/fr\/wp-json\/wp\/v2\/media?parent=101240"}],"wp:term":[{"taxonomy":"product_brand","embeddable":true,"href":"https:\/\/metal-badge.ch\/fr\/wp-json\/wp\/v2\/product_brand?post=101240"},{"taxonomy":"product_cat","embeddable":true,"href":"https:\/\/metal-badge.ch\/fr\/wp-json\/wp\/v2\/product_cat?post=101240"},{"taxonomy":"product_tag","embeddable":true,"href":"https:\/\/metal-badge.ch\/fr\/wp-json\/wp\/v2\/product_tag?post=101240"}],"curies":[{"name":"wp","href":"https:\/\/api.w.org\/{rel}","templated":true}]}}