{"id":101200,"date":"2021-04-12T03:18:46","date_gmt":"2021-04-12T01:18:47","guid":{"rendered":"https:\/\/shop.metal-badge.ch\/?post_type=product&#038;p=101200"},"modified":"2021-04-12T08:10:26","modified_gmt":"2021-04-12T06:10:26","slug":"sac-a-boisson-pour-systeme-a-boisson-2-5-l","status":"publish","type":"product","link":"https:\/\/metal-badge.ch\/fr\/product\/101200\/sac-a-boisson-pour-systeme-a-boisson-2-5-l\/","title":{"rendered":"Sac \u00e0 boisson pour syst\u00e8me \u00e0 boisson 2.5 L"},"content":{"rendered":"<p><span style=\"font-weight: 400;\">Syst\u00e8me de boisson pour sacs \u00e0 dos en polyur\u00e9thane hygi\u00e9nique approuv\u00e9 FDA. Le mat\u00e9riau est extr\u00eamement robuste et peut \u00eatre \u00e9tir\u00e9 jusqu&rsquo;\u00e0 6 fois sa surface sans se d\u00e9chirer. Le grand bouchon \u00e0 vis permet de remplir ou de nettoyer facilement la poche de boisson. Tube de boisson extra long, sans saveur, avec valve d&rsquo;occlusion. Il est dans un mat\u00e9riau multicouche qui r\u00e9siste parfaitement \u00e0 l&rsquo;entortillement. Le tube peut \u00eatre facilement viss\u00e9 \u00e0 la poche de boisson avec le bouchon \u00e0 vis.&nbsp; Fonctionne \u00e9galement pour d&rsquo;autres sacs \u00e0 dos. Avec notre sac \u00e0 dos, il suffit d&rsquo;ins\u00e9rer la poche de boisson dans le compartiment int\u00e9rieur.<\/span><span style=\"font-weight: 400;\"><br \/>\n<\/span><span style=\"font-weight: 400;\"><br \/>\n<\/span><b>Description du produit&nbsp;:<\/b><span style=\"font-weight: 400;\"><br \/>\n<\/span><\/p>\n<ul>\n<li><span style=\"font-weight: 400;\">Type : Poche de boisson \/ syst\u00e8me de boisson<\/span><span style=\"font-weight: 400;\"><br \/>\n<\/span><\/li>\n<li><span style=\"font-weight: 400;\">Valve de morsure avec bouchon<\/span><span style=\"font-weight: 400;\"><br \/>\n<\/span><\/li>\n<li><span style=\"font-weight: 400;\">Mati\u00e8re : TPU <\/span><span style=\"font-weight: 400;\"><br \/>\n<\/span><\/li>\n<li><span style=\"font-weight: 400;\">Dimensions : hauteur 44 cm x largeur 18,5 cm<\/span><span style=\"font-weight: 400;\"><br \/>\n<\/span><\/li>\n<li><span style=\"font-weight: 400;\">Volume : 2,5 L<\/span><span style=\"font-weight: 400;\"><br \/>\n<\/span><\/li>\n<li><span style=\"font-weight: 400;\">Couleur :&nbsp; bleu<\/span><span style=\"font-weight: 400;\"><br \/>\n<\/span><\/li>\n<li><span style=\"font-weight: 400;\">Durable<\/span><span style=\"font-weight: 400;\"><br \/>\n<\/span><\/li>\n<li><span style=\"font-weight: 400;\">Nettoyage facile<\/span><span style=\"font-weight: 400;\"><br \/>\n<\/span><\/li>\n<li><span style=\"font-weight: 400;\">Ouverture avec grand bouchon \u00e0 vis avec poign\u00e9e de transport Longueur du tuyau 100 cm<\/span><span style=\"font-weight: 400;\"><br \/>\n<\/span><\/li>\n<li><span style=\"font-weight: 400;\">Tuyau amovible avec bouchon \u00e0 vis <\/span><span style=\"font-weight: 400;\"><br \/>\n<\/span><\/li>\n<li><span style=\"font-weight: 400;\">Facile \u00e0 remplir<\/span><span style=\"font-weight: 400;\"><br \/>\n<\/span><\/li>\n<li><span style=\"font-weight: 400;\">\u00c9tanche<\/span><span style=\"font-weight: 400;\"><br \/>\n<\/span><\/li>\n<li><span style=\"font-weight: 400;\">Convient \u00e0 tous les sacs \u00e0 dos<\/span><span style=\"font-weight: 400;\"><br \/>\n<\/span><\/li>\n<\/ul>\n","protected":false},"excerpt":{"rendered":"<p>Syst\u00e8me de boisson pour sacs \u00e0 dos en polyur\u00e9thane hygi\u00e9nique approuv\u00e9 FDA. Le mat\u00e9riau est extr\u00eamement robuste et peut \u00eatre \u00e9tir\u00e9 jusqu&rsquo;\u00e0 6 fois sa surface sans se d\u00e9chirer. Le grand bouchon \u00e0 vis permet de remplir ou de nettoyer facilement la poche de boisson. Tube de boisson extra long, sans saveur, avec valve d&rsquo;occlusion. [&hellip;]<\/p>\n","protected":false},"featured_media":101204,"comment_status":"closed","ping_status":"closed","template":"","meta":{"inline_featured_image":false},"product_brand":[],"product_cat":[1435,1255],"product_tag":[1777,1765],"class_list":{"0":"post-101200","1":"product","2":"type-product","3":"status-publish","4":"has-post-thumbnail","6":"product_cat-camping-voyage","7":"product_cat-sacs-a-dos-et-systemes-de-boisson","8":"product_tag-camping-voyage","9":"product_tag-sport-outdoor-fr","11":"first","12":"instock","13":"taxable","14":"shipping-taxable","15":"purchasable","16":"product-type-simple"},"_links":{"self":[{"href":"https:\/\/metal-badge.ch\/fr\/wp-json\/wp\/v2\/product\/101200","targetHints":{"allow":["GET"]}}],"collection":[{"href":"https:\/\/metal-badge.ch\/fr\/wp-json\/wp\/v2\/product"}],"about":[{"href":"https:\/\/metal-badge.ch\/fr\/wp-json\/wp\/v2\/types\/product"}],"replies":[{"embeddable":true,"href":"https:\/\/metal-badge.ch\/fr\/wp-json\/wp\/v2\/comments?post=101200"}],"wp:featuredmedia":[{"embeddable":true,"href":"https:\/\/metal-badge.ch\/fr\/wp-json\/wp\/v2\/media\/101204"}],"wp:attachment":[{"href":"https:\/\/metal-badge.ch\/fr\/wp-json\/wp\/v2\/media?parent=101200"}],"wp:term":[{"taxonomy":"product_brand","embeddable":true,"href":"https:\/\/metal-badge.ch\/fr\/wp-json\/wp\/v2\/product_brand?post=101200"},{"taxonomy":"product_cat","embeddable":true,"href":"https:\/\/metal-badge.ch\/fr\/wp-json\/wp\/v2\/product_cat?post=101200"},{"taxonomy":"product_tag","embeddable":true,"href":"https:\/\/metal-badge.ch\/fr\/wp-json\/wp\/v2\/product_tag?post=101200"}],"curies":[{"name":"wp","href":"https:\/\/api.w.org\/{rel}","templated":true}]}}