{"id":101118,"date":"2021-04-09T09:38:06","date_gmt":"2021-04-09T07:41:02","guid":{"rendered":"https:\/\/shop.metal-badge.ch\/?post_type=product&#038;p=101118"},"modified":"2021-04-12T09:34:08","modified_gmt":"2021-04-12T07:34:08","slug":"ceinture-resistante-camouflage-avec-boucle-3-points","status":"publish","type":"product","link":"https:\/\/metal-badge.ch\/fr\/product\/101118\/ceinture-resistante-camouflage-avec-boucle-3-points\/","title":{"rendered":"Ceinture r\u00e9sistante camouflage avec boucle 3 points"},"content":{"rendered":"<p><span style=\"font-weight: 400;\">Ceinture 3 points couleur camouflage, un produit de qualit\u00e9 en nylon 1000 deniers, pour vous accompagner dans toutes vos missions.<\/span><span style=\"font-weight: 400;\"> \u00c9quip\u00e9e d&rsquo;une boucle de s\u00e9curit\u00e9 \u00e0 trois points ind\u00e9chirable. Pour ouvrir la boucle, il faut appuyer simultan\u00e9ment sur les 3 s\u00e9curit\u00e9s de la boucle. Avec une largeur de 50 mm, elle s&rsquo;adapte aux ceintures de confort et aux couplages. Le tissu est hydrofuge et donc prot\u00e9g\u00e9 contre la pluie et l&rsquo;humidit\u00e9. La ceinture est tr\u00e8s confortable \u00e0 porter.<\/span><span style=\"font-weight: 400;\"><br \/>\n<\/span><span style=\"font-weight: 400;\"><br \/>\n<\/span><b>Informations du produit :<\/b><span style=\"font-weight: 400;\"><br \/>\n<\/span><\/p>\n<ul>\n<li><span style=\"font-weight: 400;\">Ceinture de service<\/span><span style=\"font-weight: 400;\"><br \/>\n<\/span><\/li>\n<li><span style=\"font-weight: 400;\">Couleur : camouflage<\/span><span style=\"font-weight: 400;\"><br \/>\n<\/span><\/li>\n<li><span style=\"font-weight: 400;\">Largeur : 5 cm<\/span><span style=\"font-weight: 400;\"><br \/>\n<\/span><\/li>\n<li><span style=\"font-weight: 400;\">Longueur max. : 120 cm, peut \u00eatre r\u00e9gl\u00e9e plus courte<\/span><span style=\"font-weight: 400;\"><br \/>\n<\/span><\/li>\n<li><span style=\"font-weight: 400;\">Mati\u00e8re : Nylon 1000 D<\/span><span style=\"font-weight: 400;\"><br \/>\n<\/span><\/li>\n<li><span style=\"font-weight: 400;\">Boucle : Plastiques<\/span><span style=\"font-weight: 400;\"><br \/>\n<\/span><\/li>\n<li><span style=\"font-weight: 400;\">Boucle \u00e0 triple s\u00e9curit\u00e9<\/span><span style=\"font-weight: 400;\"><br \/>\n<\/span><\/li>\n<li><span style=\"font-weight: 400;\">Poids : 145 g<\/span><\/li>\n<\/ul>\n","protected":false},"excerpt":{"rendered":"<p>Ceinture 3 points couleur camouflage, un produit de qualit\u00e9 en nylon 1000 deniers, pour vous accompagner dans toutes vos missions. \u00c9quip\u00e9e d&rsquo;une boucle de s\u00e9curit\u00e9 \u00e0 trois points ind\u00e9chirable. Pour ouvrir la boucle, il faut appuyer simultan\u00e9ment sur les 3 s\u00e9curit\u00e9s de la boucle. Avec une largeur de 50 mm, elle s&rsquo;adapte aux ceintures de [&hellip;]<\/p>\n","protected":false},"featured_media":101107,"comment_status":"closed","ping_status":"closed","template":"","meta":{"inline_featured_image":false},"product_brand":[],"product_cat":[1646],"product_tag":[1781],"class_list":{"0":"post-101118","1":"product","2":"type-product","3":"status-publish","4":"has-post-thumbnail","6":"product_cat-ceintures-a-inserer","7":"product_tag-police-securite","9":"first","10":"instock","11":"taxable","12":"shipping-taxable","13":"purchasable","14":"product-type-simple"},"_links":{"self":[{"href":"https:\/\/metal-badge.ch\/fr\/wp-json\/wp\/v2\/product\/101118","targetHints":{"allow":["GET"]}}],"collection":[{"href":"https:\/\/metal-badge.ch\/fr\/wp-json\/wp\/v2\/product"}],"about":[{"href":"https:\/\/metal-badge.ch\/fr\/wp-json\/wp\/v2\/types\/product"}],"replies":[{"embeddable":true,"href":"https:\/\/metal-badge.ch\/fr\/wp-json\/wp\/v2\/comments?post=101118"}],"wp:featuredmedia":[{"embeddable":true,"href":"https:\/\/metal-badge.ch\/fr\/wp-json\/wp\/v2\/media\/101107"}],"wp:attachment":[{"href":"https:\/\/metal-badge.ch\/fr\/wp-json\/wp\/v2\/media?parent=101118"}],"wp:term":[{"taxonomy":"product_brand","embeddable":true,"href":"https:\/\/metal-badge.ch\/fr\/wp-json\/wp\/v2\/product_brand?post=101118"},{"taxonomy":"product_cat","embeddable":true,"href":"https:\/\/metal-badge.ch\/fr\/wp-json\/wp\/v2\/product_cat?post=101118"},{"taxonomy":"product_tag","embeddable":true,"href":"https:\/\/metal-badge.ch\/fr\/wp-json\/wp\/v2\/product_tag?post=101118"}],"curies":[{"name":"wp","href":"https:\/\/api.w.org\/{rel}","templated":true}]}}