{"id":101023,"date":"2021-04-08T05:55:53","date_gmt":"2021-04-08T03:55:54","guid":{"rendered":"https:\/\/shop.metal-badge.ch\/?post_type=product&#038;p=101023"},"modified":"2021-04-13T16:15:52","modified_gmt":"2021-04-13T14:15:52","slug":"sac-fonctionnel-molle-tqb-008-noir","status":"publish","type":"product","link":"https:\/\/metal-badge.ch\/fr\/product\/101023\/sac-fonctionnel-molle-tqb-008-noir\/","title":{"rendered":"Sac fonctionnel Molle TQB-008 &#8211; Noir"},"content":{"rendered":"<p><span style=\"font-weight: 400;\">Toujours un acc\u00e8s rapide \u00e0 votre \u00e9quipement.<\/span><\/p>\n<p><span style=\"font-weight: 400;\">Sac Molle robuste, l\u00e9ger et fonctionnel, avec de nombreuses possibilit\u00e9s de rangement et une fermeture \u00e9clair sur toute la longueur. Nous avons en stock ces sacs Molle dans diff\u00e9rents designs et couleurs. Les sacs fonctionnels peuvent \u00eatre port\u00e9s \u00e0 la ceinture ou attach\u00e9s \u00e0 des sacs \u00e0 dos, des gilets et des sacs avec le syst\u00e8me Molle. Les pochettes Molle sont fabriqu\u00e9es en tissu polyester \/ nylon r\u00e9sistant.&nbsp;&nbsp;&nbsp;&nbsp;<\/span><\/p>\n<p><b>Informations du produit :&nbsp;<\/b><\/p>\n<ul>\n<li><span style=\"font-weight: 400;\">D\u00e9nomination&nbsp;: Sac fonctionnel Molle TQB-008&nbsp;<\/span><\/li>\n<li><span style=\"font-weight: 400;\">R\u00e9sistant aux intemp\u00e9ries, robuste&nbsp;&nbsp;<\/span><\/li>\n<li><span style=\"font-weight: 400;\">Couleur : noir<\/span><\/li>\n<li><span style=\"font-weight: 400;\">Fermeture \u00e9clair sur le pourtour<\/span><\/li>\n<li><span style=\"font-weight: 400;\">Syst\u00e8me Molle<\/span><\/li>\n<li><span style=\"font-weight: 400;\">1 compartiment principal&nbsp;&nbsp;<\/span><\/li>\n<li><span style=\"font-weight: 400;\">Dimensions : 10 cm de large x 20 cm de haut x 6 cm de profondeur<\/span><\/li>\n<li><span style=\"font-weight: 400;\">Poids : 110 g.&nbsp;<\/span><\/li>\n<li><span style=\"font-weight: 400;\">Mati\u00e8re&nbsp;: Tissu sup\u00e9rieur en polyester 600D \/ tissu int\u00e9rieur en nylon <\/span><\/li>\n<\/ul>\n","protected":false},"excerpt":{"rendered":"<p>Toujours un acc\u00e8s rapide \u00e0 votre \u00e9quipement. Sac Molle robuste, l\u00e9ger et fonctionnel, avec de nombreuses possibilit\u00e9s de rangement et une fermeture \u00e9clair sur toute la longueur. Nous avons en stock ces sacs Molle dans diff\u00e9rents designs et couleurs. Les sacs fonctionnels peuvent \u00eatre port\u00e9s \u00e0 la ceinture ou attach\u00e9s \u00e0 des sacs \u00e0 dos, [&hellip;]<\/p>\n","protected":false},"featured_media":101027,"comment_status":"closed","ping_status":"closed","template":"","meta":{"inline_featured_image":false},"product_brand":[],"product_cat":[1646,1059,2291],"product_tag":[1769,1781],"class_list":{"0":"post-101023","1":"product","2":"type-product","3":"status-publish","4":"has-post-thumbnail","6":"product_cat-ceintures-a-inserer","7":"product_cat-sacs","8":"product_cat-sacs-modulaires","9":"product_tag-army-survival-fr","10":"product_tag-police-securite","12":"first","13":"instock","14":"taxable","15":"shipping-taxable","16":"purchasable","17":"product-type-simple"},"_links":{"self":[{"href":"https:\/\/metal-badge.ch\/fr\/wp-json\/wp\/v2\/product\/101023","targetHints":{"allow":["GET"]}}],"collection":[{"href":"https:\/\/metal-badge.ch\/fr\/wp-json\/wp\/v2\/product"}],"about":[{"href":"https:\/\/metal-badge.ch\/fr\/wp-json\/wp\/v2\/types\/product"}],"replies":[{"embeddable":true,"href":"https:\/\/metal-badge.ch\/fr\/wp-json\/wp\/v2\/comments?post=101023"}],"wp:featuredmedia":[{"embeddable":true,"href":"https:\/\/metal-badge.ch\/fr\/wp-json\/wp\/v2\/media\/101027"}],"wp:attachment":[{"href":"https:\/\/metal-badge.ch\/fr\/wp-json\/wp\/v2\/media?parent=101023"}],"wp:term":[{"taxonomy":"product_brand","embeddable":true,"href":"https:\/\/metal-badge.ch\/fr\/wp-json\/wp\/v2\/product_brand?post=101023"},{"taxonomy":"product_cat","embeddable":true,"href":"https:\/\/metal-badge.ch\/fr\/wp-json\/wp\/v2\/product_cat?post=101023"},{"taxonomy":"product_tag","embeddable":true,"href":"https:\/\/metal-badge.ch\/fr\/wp-json\/wp\/v2\/product_tag?post=101023"}],"curies":[{"name":"wp","href":"https:\/\/api.w.org\/{rel}","templated":true}]}}