{"id":100814,"date":"2021-04-07T05:16:54","date_gmt":"2021-04-07T06:30:19","guid":{"rendered":"https:\/\/shop.metal-badge.ch\/?post_type=product&#038;p=100814"},"modified":"2021-04-27T05:32:40","modified_gmt":"2021-04-27T03:32:40","slug":"molle-fonctionnel-snb-002-marron","status":"publish","type":"product","link":"https:\/\/metal-badge.ch\/fr\/product\/100814\/molle-fonctionnel-snb-002-marron\/","title":{"rendered":"Molle fonctionnel SNB-002 &#8211; Marron"},"content":{"rendered":"<p><span style=\"font-weight: 400;\">Toujours un acc\u00e8s rapide \u00e0 votre \u00e9quipement.<\/span><\/p>\n<p><span style=\"font-weight: 400;\">Sac Molle robuste, l\u00e9ger et fonctionnel, avec de nombreuses possibilit\u00e9s de rangement et une double fermeture \u00e9clair sur toute la longueur. Nous avons en stock ces sacs Molle dans diff\u00e9rents designs et couleurs. Les sacs fonctionnels peuvent \u00eatre port\u00e9s \u00e0 la ceinture ou attach\u00e9s \u00e0 des sacs \u00e0 dos, des gilets d\u2019intervention et des sacs avec le syst\u00e8me Molle. Les pochettes Molle sont fabriqu\u00e9es en tissu polyester \/ nylon r\u00e9sistant.&nbsp;&nbsp;&nbsp;&nbsp;<\/span><\/p>\n<p><b>Informations du produit :&nbsp;<\/b><\/p>\n<ul>\n<li><span style=\"font-weight: 400;\">D\u00e9nomination&nbsp;: Sac fonctionnel Molle SNB-002&nbsp;<\/span><\/li>\n<li><span style=\"font-weight: 400;\">R\u00e9sistant aux intemp\u00e9ries, robuste&nbsp;&nbsp;<\/span><\/li>\n<li><span style=\"font-weight: 400;\">Couleur : marron<\/span><\/li>\n<li><span style=\"font-weight: 400;\">Double fermeture \u00e9clair sur le pourtour<\/span><\/li>\n<li><span style=\"font-weight: 400;\">3 bandes velcro \u00e0 l\u2019ext\u00e9rieur<\/span><\/li>\n<li><span style=\"font-weight: 400;\">Syst\u00e8me Molle<\/span><\/li>\n<li><span style=\"font-weight: 400;\">Compartiment ext\u00e9rieur \u00e0 fermeture \u00e9clair<\/span><\/li>\n<li><span style=\"font-weight: 400;\">2 grands compartiments \u00e0 l&rsquo;int\u00e9rieur&nbsp;<\/span><\/li>\n<li><span style=\"font-weight: 400;\">2 anneaux en D&nbsp;<\/span><\/li>\n<li><span style=\"font-weight: 400;\">Cordon \u00e9lastique ajustable \u00e0 l&rsquo;int\u00e9rieur<\/span><\/li>\n<li><span style=\"font-weight: 400;\">Bandes \u00e9lastiques \u00e0 l&rsquo;int\u00e9rieur pour divers petits objets, outils&nbsp;<\/span><\/li>\n<li><span style=\"font-weight: 400;\">Dimensions : longueur 20 cm x hauteur 19 cm&nbsp; x profondeur 5 cm<\/span><\/li>\n<li><span style=\"font-weight: 400;\">Poids : 155 g.&nbsp;<\/span><\/li>\n<li><span style=\"font-weight: 400;\">Mati\u00e8re&nbsp;: Tissu sup\u00e9rieur en polyester 600D \/ tissu int\u00e9rieur en nylon <\/span><\/li>\n<\/ul>\n<p>&nbsp;<\/p>\n","protected":false},"excerpt":{"rendered":"<p>Toujours un acc\u00e8s rapide \u00e0 votre \u00e9quipement. Sac Molle robuste, l\u00e9ger et fonctionnel, avec de nombreuses possibilit\u00e9s de rangement et une double fermeture \u00e9clair sur toute la longueur. Nous avons en stock ces sacs Molle dans diff\u00e9rents designs et couleurs. Les sacs fonctionnels peuvent \u00eatre port\u00e9s \u00e0 la ceinture ou attach\u00e9s \u00e0 des sacs \u00e0 [&hellip;]<\/p>\n","protected":false},"featured_media":100787,"comment_status":"closed","ping_status":"closed","template":"","meta":{"inline_featured_image":false},"product_brand":[],"product_cat":[1646,1059,2291],"product_tag":[1769,1781],"class_list":{"0":"post-100814","1":"product","2":"type-product","3":"status-publish","4":"has-post-thumbnail","6":"product_cat-ceintures-a-inserer","7":"product_cat-sacs","8":"product_cat-sacs-modulaires","9":"product_tag-army-survival-fr","10":"product_tag-police-securite","12":"first","13":"instock","14":"taxable","15":"shipping-taxable","16":"purchasable","17":"product-type-simple"},"_links":{"self":[{"href":"https:\/\/metal-badge.ch\/fr\/wp-json\/wp\/v2\/product\/100814","targetHints":{"allow":["GET"]}}],"collection":[{"href":"https:\/\/metal-badge.ch\/fr\/wp-json\/wp\/v2\/product"}],"about":[{"href":"https:\/\/metal-badge.ch\/fr\/wp-json\/wp\/v2\/types\/product"}],"replies":[{"embeddable":true,"href":"https:\/\/metal-badge.ch\/fr\/wp-json\/wp\/v2\/comments?post=100814"}],"wp:featuredmedia":[{"embeddable":true,"href":"https:\/\/metal-badge.ch\/fr\/wp-json\/wp\/v2\/media\/100787"}],"wp:attachment":[{"href":"https:\/\/metal-badge.ch\/fr\/wp-json\/wp\/v2\/media?parent=100814"}],"wp:term":[{"taxonomy":"product_brand","embeddable":true,"href":"https:\/\/metal-badge.ch\/fr\/wp-json\/wp\/v2\/product_brand?post=100814"},{"taxonomy":"product_cat","embeddable":true,"href":"https:\/\/metal-badge.ch\/fr\/wp-json\/wp\/v2\/product_cat?post=100814"},{"taxonomy":"product_tag","embeddable":true,"href":"https:\/\/metal-badge.ch\/fr\/wp-json\/wp\/v2\/product_tag?post=100814"}],"curies":[{"name":"wp","href":"https:\/\/api.w.org\/{rel}","templated":true}]}}