{"id":100596,"date":"2021-04-06T17:20:39","date_gmt":"2021-04-06T15:20:39","guid":{"rendered":"https:\/\/shop.metal-badge.ch\/?post_type=product&#038;p=100596"},"modified":"2022-10-29T23:27:59","modified_gmt":"2022-10-29T21:27:59","slug":"ceinturon-50-mm-en-nylon-noir-avec-fermeture-rapide","status":"publish","type":"product","link":"https:\/\/metal-badge.ch\/fr\/product\/100596\/ceinturon-50-mm-en-nylon-noir-avec-fermeture-rapide\/","title":{"rendered":"Ceinturon 50 mm en nylon noir avec fermeture rapide"},"content":{"rendered":"<p><span style=\"font-weight: 400;\">Ceinture tactique en nylon noir avec boucle \u00e0 fermeture rapide \u00e0 trois points, qui garantit une ouverture et une fermeture rapides et faciles.<\/span><\/p>\n<p><span style=\"font-weight: 400;\">La ceinture est disponible en 3 longueurs : petite 115 cm \/ moyenne 125 cm \/ grande 135 cm ; la ceinture peut \u00eatre r\u00e9gl\u00e9e individuellement. De plus, 4 porte-ceintures sont inclus. La livraison comprend \u00e9galement la ceinture inf\u00e9rieure, qui est reli\u00e9e \u00e0 la ceinture sup\u00e9rieure par du velcro. Ainsi, la ceinture sup\u00e9rieure ne peut pas glisser ; elle est parfaitement ajust\u00e9e et ne limite pas la libert\u00e9 de mouvement. En plus de la ceinture, 5 poches de ceinture peuvent \u00eatre achet\u00e9es. Les poches sont toutes \u00e9quip\u00e9es de velcros et de boutons pression. Ainsi, la fixation s\u00fbre et rapide des sacs \u00e0 la ceinture est garantie.&nbsp;&nbsp;<\/span><\/p>\n<p><b>Informations du produit :&nbsp;<\/b><\/p>\n<ul>\n<li><span style=\"font-weight: 400;\">Mod\u00e8le :<\/span> <span style=\"font-weight: 400;\">Ceinturon noir avec ceinture inf\u00e9rieure&nbsp;<\/span><\/li>\n<li><span style=\"font-weight: 400;\">Mati\u00e8re&nbsp;: 100 % nylon 1000 D&nbsp;<\/span><\/li>\n<li><span style=\"font-weight: 400;\">Double couture<\/span><\/li>\n<li><span style=\"font-weight: 400;\">Attache rapide \u00e0 trois points<\/span><\/li>\n<li><span style=\"font-weight: 400;\">Tr\u00e8s robuste et durable<\/span><\/li>\n<li><span style=\"font-weight: 400;\">Couleur : noir&nbsp;<\/span><\/li>\n<li><span style=\"font-weight: 400;\">Poids : 385 g&nbsp;<\/span><\/li>\n<li><span style=\"font-weight: 400;\">Dimensions : largeur 50 mm.<\/span><\/li>\n<li><span style=\"font-weight: 400;\">Dimensions, longueur max. : petit 115 cm \/ moyen 125 cm \/ long 135 cm<\/span><span style=\"font-weight: 400;\"> &nbsp; &nbsp; &nbsp; La ceinture peut \u00eatre raccourcie et ajust\u00e9e \u00e0 l&rsquo;aide du velcro.&nbsp;<\/span><\/li>\n<li><span style=\"font-weight: 400;\">Prix, ceinture uniquement : 29.-, sous-ceinture incluse&nbsp;<\/span><\/li>\n<li><span style=\"font-weight: 400;\">Prix de la ceinture et des 5 poches : 59.-, ceinture avec le lot de 5 poches&nbsp;<\/span><\/li>\n<li><span style=\"font-weight: 400;\">Prix, poches uniquement : 35.- uniquement le lot de 5 poches<\/span><\/li>\n<\/ul>\n<p><b>En option suppl\u00e9mentaire :&nbsp;<\/b><\/p>\n<p><span style=\"font-weight: 400;\">En plus de la ceinture, il est possible de commander un lot de 5 poches, qui peuvent \u00eatre dispos\u00e9es selon les besoins, individuellement. Les sacs peuvent \u00eatre achet\u00e9s sous forme de lot de 5 ou avec la ceinture.&nbsp;<\/span><\/p>\n<p><b>Les sacs<\/b><\/p>\n<ul>\n<li><span style=\"font-weight: 400;\">Mat\u00e9riau des sacs : PVC polypropyl\u00e8ne<\/span><\/li>\n<li><span style=\"font-weight: 400;\">Poche radio : hauteur 13 cm \/ largeur 7,5 cm \/ profondeur 5 cm&nbsp;<\/span><\/li>\n<li><span style=\"font-weight: 400;\">Poche pour lampe de poche, petite : hauteur 16 cm \/ largeur 4 cm \/ profondeur 4 cm&nbsp;<\/span><\/li>\n<li><span style=\"font-weight: 400;\">Poche pour lampe de poche, grande : hauteur 18 cm \/ largeur 5 cm \/ profondeur 4 cm<\/span><\/li>\n<li><span style=\"font-weight: 400;\">Poche \u00e0 menottes : hauteur 12 cm \/ largeur 8 cm \/ profondeur 3 cm<\/span><\/li>\n<li><span style=\"font-weight: 400;\">Poche individuelle : hauteur 16 cm \/ largeur 12 cm \/ profondeur 9 cm&nbsp;<\/span><\/li>\n<li><span style=\"font-weight: 400;\">La grande poche compte une fermeture \u00e9clair \u00e9tanche sur tout le pourtour avec des compartiments internes ainsi qu&rsquo;un compartiment externe.&nbsp;<\/span><\/li>\n<li><span style=\"font-weight: 400;\">Les poches se lavent bien avec du d\u00e9tergent.&nbsp;<\/span><\/li>\n<li><span style=\"font-weight: 400;\">Des poches robustes et durables.<\/span><\/li>\n<li><span style=\"font-weight: 400;\">Les 5 poches sont toutes \u00e9quip\u00e9es de velcros et de boutons pression. Ainsi, la fixation s\u00fbre et rapide des sacs \u00e0 la ceinture est garantie. <\/span><\/li>\n<\/ul>\n<p>&nbsp;<\/p>\n","protected":false},"excerpt":{"rendered":"<p>Ceinture tactique en nylon noir avec boucle \u00e0 fermeture rapide \u00e0 trois points, qui garantit une ouverture et une fermeture rapides et faciles. La ceinture est disponible en 3 longueurs : petite 115 cm \/ moyenne 125 cm \/ grande 135 cm ; la ceinture peut \u00eatre r\u00e9gl\u00e9e individuellement. De plus, 4 porte-ceintures sont inclus. [&hellip;]<\/p>\n","protected":false},"featured_media":123601,"comment_status":"closed","ping_status":"closed","template":"","meta":{"inline_featured_image":false},"product_brand":[],"product_cat":[1646,1059],"product_tag":[1769,1781],"class_list":{"0":"post-100596","1":"product","2":"type-product","3":"status-publish","4":"has-post-thumbnail","6":"product_cat-ceintures-a-inserer","7":"product_cat-sacs","8":"product_tag-army-survival-fr","9":"product_tag-police-securite","11":"first","12":"instock","13":"taxable","14":"shipping-taxable","15":"purchasable","16":"product-type-simple"},"_links":{"self":[{"href":"https:\/\/metal-badge.ch\/fr\/wp-json\/wp\/v2\/product\/100596","targetHints":{"allow":["GET"]}}],"collection":[{"href":"https:\/\/metal-badge.ch\/fr\/wp-json\/wp\/v2\/product"}],"about":[{"href":"https:\/\/metal-badge.ch\/fr\/wp-json\/wp\/v2\/types\/product"}],"replies":[{"embeddable":true,"href":"https:\/\/metal-badge.ch\/fr\/wp-json\/wp\/v2\/comments?post=100596"}],"wp:featuredmedia":[{"embeddable":true,"href":"https:\/\/metal-badge.ch\/fr\/wp-json\/wp\/v2\/media\/123601"}],"wp:attachment":[{"href":"https:\/\/metal-badge.ch\/fr\/wp-json\/wp\/v2\/media?parent=100596"}],"wp:term":[{"taxonomy":"product_brand","embeddable":true,"href":"https:\/\/metal-badge.ch\/fr\/wp-json\/wp\/v2\/product_brand?post=100596"},{"taxonomy":"product_cat","embeddable":true,"href":"https:\/\/metal-badge.ch\/fr\/wp-json\/wp\/v2\/product_cat?post=100596"},{"taxonomy":"product_tag","embeddable":true,"href":"https:\/\/metal-badge.ch\/fr\/wp-json\/wp\/v2\/product_tag?post=100596"}],"curies":[{"name":"wp","href":"https:\/\/api.w.org\/{rel}","templated":true}]}}