{"id":100544,"date":"2021-04-06T02:36:24","date_gmt":"2021-04-06T00:36:24","guid":{"rendered":"https:\/\/shop.metal-badge.ch\/?post_type=product&#038;p=100544"},"modified":"2021-04-07T00:58:48","modified_gmt":"2021-04-06T22:58:48","slug":"shorts-tactiques-ripstop-ix7","status":"publish","type":"product","link":"https:\/\/metal-badge.ch\/fr\/product\/100544\/shorts-tactiques-ripstop-ix7\/","title":{"rendered":"Shorts tactiques ripstop IX7"},"content":{"rendered":"<p><span style=\"font-weight: 400;\">Ces shorts tactiques ripstop de couleur sable, offrent un confort optimal. Durable et ind\u00e9chirable. Fabriqu\u00e9 avec 65 % polyester et 35 % coton 220 gsm. Braguette avec fermeture \u00e9clair et bouton, deux poches arri\u00e8re avec velcro et deux poches avant \u00e0 droite \/ gauche. Il y a \u00e9galement une grande poche sur la jambe avec une fermeture velcro de chaque c\u00f4t\u00e9. Les passants de ceinture de 5 cm permettent \u00e9galement d&rsquo;utiliser facilement des ceintures un peu plus larges.<\/span><\/p>\n<p><b>Informations du produit :&nbsp;<\/b><\/p>\n<ul>\n<li><span style=\"font-weight: 400;\">Mati\u00e8re&nbsp;: 65 % polyester, 35 % coton<\/span><\/li>\n<li><span style=\"font-weight: 400;\">Couleur : Sable&nbsp;&nbsp;&nbsp;<\/span><\/li>\n<li><span style=\"font-weight: 400;\">Ripstop 220 gsm<\/span><\/li>\n<li><span style=\"font-weight: 400;\">2 poches revolver avec fermeture velcro&nbsp;<\/span><\/li>\n<li><span style=\"font-weight: 400;\">2 poches avant, droite \/ gauche<\/span><\/li>\n<li><span style=\"font-weight: 400;\">2 poches sur la jambe avec fermeture velcro 18 cm x 18 cm&nbsp;<\/span><\/li>\n<li><span style=\"font-weight: 400;\">Tailles : S, M, L, XL&nbsp;<\/span><\/li>\n<li><span style=\"font-weight: 400;\">Ajustement normal<\/span><\/li>\n<li><span style=\"font-weight: 400;\">Poids : 280 g.&nbsp;<\/span><\/li>\n<\/ul>\n<p>&nbsp;<\/p>\n","protected":false},"excerpt":{"rendered":"<p>Ces shorts tactiques ripstop de couleur sable, offrent un confort optimal. Durable et ind\u00e9chirable. Fabriqu\u00e9 avec 65 % polyester et 35 % coton 220 gsm. Braguette avec fermeture \u00e9clair et bouton, deux poches arri\u00e8re avec velcro et deux poches avant \u00e0 droite \/ gauche. Il y a \u00e9galement une grande poche sur la jambe avec [&hellip;]<\/p>\n","protected":false},"featured_media":100548,"comment_status":"closed","ping_status":"closed","template":"","meta":{"inline_featured_image":false},"product_brand":[],"product_cat":[1614,1634],"product_tag":[],"class_list":{"0":"post-100544","1":"product","2":"type-product","3":"status-publish","4":"has-post-thumbnail","6":"product_cat-pantalons-et-shorts","7":"product_cat-vestes-and-vetements-tactiques-couleurs-de-camouflage","9":"first","10":"instock","11":"taxable","12":"shipping-taxable","13":"purchasable","14":"product-type-simple"},"_links":{"self":[{"href":"https:\/\/metal-badge.ch\/fr\/wp-json\/wp\/v2\/product\/100544","targetHints":{"allow":["GET"]}}],"collection":[{"href":"https:\/\/metal-badge.ch\/fr\/wp-json\/wp\/v2\/product"}],"about":[{"href":"https:\/\/metal-badge.ch\/fr\/wp-json\/wp\/v2\/types\/product"}],"replies":[{"embeddable":true,"href":"https:\/\/metal-badge.ch\/fr\/wp-json\/wp\/v2\/comments?post=100544"}],"wp:featuredmedia":[{"embeddable":true,"href":"https:\/\/metal-badge.ch\/fr\/wp-json\/wp\/v2\/media\/100548"}],"wp:attachment":[{"href":"https:\/\/metal-badge.ch\/fr\/wp-json\/wp\/v2\/media?parent=100544"}],"wp:term":[{"taxonomy":"product_brand","embeddable":true,"href":"https:\/\/metal-badge.ch\/fr\/wp-json\/wp\/v2\/product_brand?post=100544"},{"taxonomy":"product_cat","embeddable":true,"href":"https:\/\/metal-badge.ch\/fr\/wp-json\/wp\/v2\/product_cat?post=100544"},{"taxonomy":"product_tag","embeddable":true,"href":"https:\/\/metal-badge.ch\/fr\/wp-json\/wp\/v2\/product_tag?post=100544"}],"curies":[{"name":"wp","href":"https:\/\/api.w.org\/{rel}","templated":true}]}}