{"id":100491,"date":"2021-04-05T18:23:08","date_gmt":"2021-04-05T16:23:08","guid":{"rendered":"https:\/\/shop.metal-badge.ch\/?post_type=product&#038;p=100491"},"modified":"2024-08-01T02:18:39","modified_gmt":"2024-08-01T00:18:39","slug":"pantalon-tactique-pour-cargo-ripstop-ix7-khaki","status":"publish","type":"product","link":"https:\/\/metal-badge.ch\/fr\/product\/100491\/pantalon-tactique-pour-cargo-ripstop-ix7-khaki\/","title":{"rendered":"Pantalon tactique pour cargo ripstop IX7 Khaki"},"content":{"rendered":"<p><span style=\"font-weight: 400;\">Ce pantalon cargo ripstop tactique de couleur Khaki offre un confort optimal. Durable et ind\u00e9chirable. Fabriqu\u00e9 avec 65 % polyester et 35 % coton 220 gsm. Braguette avec fermeture \u00e9clair et bouton, deux poches revolver avec compartiment \u00e0 velcro et \u00e0 crayon ainsi que deux poches avant droite \/ gauche avec support en plastique pour attacher un trousseau de cl\u00e9s et plus encore. De plus, il y a une poche sur la jambe avec fermeture \u00e9clair et une poche velcro sur le c\u00f4t\u00e9 droit \/ gauche pour les ustensiles d&rsquo;\u00e9criture, le couteau de poche, le t\u00e9l\u00e9phone portable. Le pantalon est \u00e9quip\u00e9 d&rsquo;un \u00e9lastique \u00e0 l&rsquo;arri\u00e8re de la ceinture, offrant ainsi un ajustement encore meilleur. Les passants de ceinture de 5 cm permettent \u00e9galement d&rsquo;utiliser facilement des ceintures un peu plus larges.<\/span><\/p>\n<p><b>Informations du produit :&nbsp;<\/b><\/p>\n<ul>\n<li><span style=\"font-weight: 400;\">Mati\u00e8re&nbsp;: 65 % polyester, 35 % coton<\/span><\/li>\n<li><span style=\"font-weight: 400;\">Couleur : Khaki&nbsp;&nbsp;<\/span><\/li>\n<li><span style=\"font-weight: 400;\">Ripstop 220 gsm<\/span><\/li>\n<li><span style=\"font-weight: 400;\">2 poches revolver avec fermeture velcro et poche pour stylo<\/span><\/li>\n<li><span style=\"font-weight: 400;\">2 poches avant, droite \/ gauche avec support en plastique pour fixer un porte-cl\u00e9, etc.<\/span><\/li>\n<li><span style=\"font-weight: 400;\">2 poches sur les jambes avec fermeture \u00e9clair, 15 cm (largeur) x 18 cm (hauteur)<\/span><\/li>\n<li><span style=\"font-weight: 400;\">2 x poches \u00e0 velcro sur le devant pour les couteaux de poche, le portable, les ustensiles d&rsquo;\u00e9criture<\/span><\/li>\n<li><span style=\"font-weight: 400;\">Taille \u00e9lastique pour un meilleur ajustement&nbsp;<\/span><\/li>\n<li><span style=\"font-weight: 400;\">Tailles : S, M, L, XL&nbsp;<\/span><\/li>\n<li><span style=\"font-weight: 400;\">Ajustement normal<\/span><\/li>\n<li><span style=\"font-weight: 400;\">Poids : 460 g&nbsp;<\/span><\/li>\n<\/ul>\n<p>&nbsp;<\/p>\n","protected":false},"excerpt":{"rendered":"<p>Ce pantalon cargo ripstop tactique de couleur Khaki offre un confort optimal. Durable et ind\u00e9chirable. Fabriqu\u00e9 avec 65 % polyester et 35 % coton 220 gsm. Braguette avec fermeture \u00e9clair et bouton, deux poches revolver avec compartiment \u00e0 velcro et \u00e0 crayon ainsi que deux poches avant droite \/ gauche avec support en plastique pour [&hellip;]<\/p>\n","protected":false},"featured_media":100495,"comment_status":"closed","ping_status":"closed","template":"","meta":{"inline_featured_image":false},"product_brand":[],"product_cat":[1614,1634],"product_tag":[],"class_list":{"0":"post-100491","1":"product","2":"type-product","3":"status-publish","4":"has-post-thumbnail","6":"product_cat-pantalons-et-shorts","7":"product_cat-vestes-and-vetements-tactiques-couleurs-de-camouflage","9":"first","10":"instock","11":"taxable","12":"shipping-taxable","13":"purchasable","14":"product-type-simple"},"_links":{"self":[{"href":"https:\/\/metal-badge.ch\/fr\/wp-json\/wp\/v2\/product\/100491","targetHints":{"allow":["GET"]}}],"collection":[{"href":"https:\/\/metal-badge.ch\/fr\/wp-json\/wp\/v2\/product"}],"about":[{"href":"https:\/\/metal-badge.ch\/fr\/wp-json\/wp\/v2\/types\/product"}],"replies":[{"embeddable":true,"href":"https:\/\/metal-badge.ch\/fr\/wp-json\/wp\/v2\/comments?post=100491"}],"wp:featuredmedia":[{"embeddable":true,"href":"https:\/\/metal-badge.ch\/fr\/wp-json\/wp\/v2\/media\/100495"}],"wp:attachment":[{"href":"https:\/\/metal-badge.ch\/fr\/wp-json\/wp\/v2\/media?parent=100491"}],"wp:term":[{"taxonomy":"product_brand","embeddable":true,"href":"https:\/\/metal-badge.ch\/fr\/wp-json\/wp\/v2\/product_brand?post=100491"},{"taxonomy":"product_cat","embeddable":true,"href":"https:\/\/metal-badge.ch\/fr\/wp-json\/wp\/v2\/product_cat?post=100491"},{"taxonomy":"product_tag","embeddable":true,"href":"https:\/\/metal-badge.ch\/fr\/wp-json\/wp\/v2\/product_tag?post=100491"}],"curies":[{"name":"wp","href":"https:\/\/api.w.org\/{rel}","templated":true}]}}