{"id":100475,"date":"2021-04-05T17:10:16","date_gmt":"2021-04-05T15:10:16","guid":{"rendered":"https:\/\/shop.metal-badge.ch\/?post_type=product&#038;p=100475"},"modified":"2021-04-07T02:17:29","modified_gmt":"2021-04-07T00:17:29","slug":"pantalon-tactique-pour-cargo-ripstop-noir","status":"publish","type":"product","link":"https:\/\/metal-badge.ch\/fr\/product\/100475\/pantalon-tactique-pour-cargo-ripstop-noir\/","title":{"rendered":"Pantalon tactique pour cargo ripstop noir"},"content":{"rendered":"<p><span style=\"font-weight: 400;\">Ce pantalon cargo ripstop l\u00e9ger de couleur noir offre un confort optimal. Durable et ind\u00e9chirable. Fabriqu\u00e9 avec 65 % polyester et 35 % coton 210 gsm. Braguette avec fermeture \u00e9clair et bouton, deux poches arri\u00e8re avec velcro et deux poches avant \u00e0 droite \/ gauche. De plus, il y a une poche sur la jambe avec du velcro de chaque c\u00f4t\u00e9. Les passants de ceinture de 6 cm permettent \u00e9galement d&rsquo;utiliser facilement des ceintures un peu plus larges.<\/span><\/p>\n<p><b>Informations du produit :&nbsp;<\/b><\/p>\n<ul>\n<li><span style=\"font-weight: 400;\">Mati\u00e8re&nbsp;: 65 % polyester, 35 % coton<\/span><\/li>\n<li><span style=\"font-weight: 400;\">Couleur : noir<\/span><\/li>\n<li><span style=\"font-weight: 400;\">Ripstop gsm 210&nbsp;<\/span><\/li>\n<li><span style=\"font-weight: 400;\">2 poches revolver avec fermeture velcro&nbsp;<\/span><\/li>\n<li><span style=\"font-weight: 400;\">2 poches avant, droite \/ gauche&nbsp;<\/span><\/li>\n<li><span style=\"font-weight: 400;\">2 poches sur les jambes avec fermeture \u00e9clair, hauteur 20 cm x largeur 16 cm<\/span><\/li>\n<li><span style=\"font-weight: 400;\">Boucles de ceinture 6 cm&nbsp;<\/span><\/li>\n<li><span style=\"font-weight: 400;\">Tailles : S, M, L, XL&nbsp;<\/span><\/li>\n<li><span style=\"font-weight: 400;\">Ajustement normal<\/span><\/li>\n<li><span style=\"font-weight: 400;\">Poids : 370 g<\/span><\/li>\n<\/ul>\n<p>&nbsp;<\/p>\n","protected":false},"excerpt":{"rendered":"<p>Ce pantalon cargo ripstop l\u00e9ger de couleur noir offre un confort optimal. Durable et ind\u00e9chirable. Fabriqu\u00e9 avec 65 % polyester et 35 % coton 210 gsm. Braguette avec fermeture \u00e9clair et bouton, deux poches arri\u00e8re avec velcro et deux poches avant \u00e0 droite \/ gauche. De plus, il y a une poche sur la jambe [&hellip;]<\/p>\n","protected":false},"featured_media":100479,"comment_status":"closed","ping_status":"closed","template":"","meta":{"inline_featured_image":false},"product_brand":[],"product_cat":[1614,1634],"product_tag":[],"class_list":{"0":"post-100475","1":"product","2":"type-product","3":"status-publish","4":"has-post-thumbnail","6":"product_cat-pantalons-et-shorts","7":"product_cat-vestes-and-vetements-tactiques-couleurs-de-camouflage","9":"first","10":"instock","11":"taxable","12":"shipping-taxable","13":"purchasable","14":"product-type-simple"},"_links":{"self":[{"href":"https:\/\/metal-badge.ch\/fr\/wp-json\/wp\/v2\/product\/100475","targetHints":{"allow":["GET"]}}],"collection":[{"href":"https:\/\/metal-badge.ch\/fr\/wp-json\/wp\/v2\/product"}],"about":[{"href":"https:\/\/metal-badge.ch\/fr\/wp-json\/wp\/v2\/types\/product"}],"replies":[{"embeddable":true,"href":"https:\/\/metal-badge.ch\/fr\/wp-json\/wp\/v2\/comments?post=100475"}],"wp:featuredmedia":[{"embeddable":true,"href":"https:\/\/metal-badge.ch\/fr\/wp-json\/wp\/v2\/media\/100479"}],"wp:attachment":[{"href":"https:\/\/metal-badge.ch\/fr\/wp-json\/wp\/v2\/media?parent=100475"}],"wp:term":[{"taxonomy":"product_brand","embeddable":true,"href":"https:\/\/metal-badge.ch\/fr\/wp-json\/wp\/v2\/product_brand?post=100475"},{"taxonomy":"product_cat","embeddable":true,"href":"https:\/\/metal-badge.ch\/fr\/wp-json\/wp\/v2\/product_cat?post=100475"},{"taxonomy":"product_tag","embeddable":true,"href":"https:\/\/metal-badge.ch\/fr\/wp-json\/wp\/v2\/product_tag?post=100475"}],"curies":[{"name":"wp","href":"https:\/\/api.w.org\/{rel}","templated":true}]}}