{"id":100111,"date":"2021-03-27T06:55:32","date_gmt":"2021-03-27T05:55:32","guid":{"rendered":"https:\/\/shop.metal-badge.ch\/product\/100111\/f155-arc-courbe-66-pouces-take-down-bleu\/"},"modified":"2025-02-10T23:43:05","modified_gmt":"2025-02-10T22:43:05","slug":"f155-arc-courbe-66-pouces-take-down-bleu","status":"publish","type":"product","link":"https:\/\/metal-badge.ch\/fr\/product\/100111\/f155-arc-courbe-66-pouces-take-down-bleu\/","title":{"rendered":"F155 &#8211; Arc courb\u00e9 66 pouces Take Down bleu"},"content":{"rendered":"<p><span style=\"font-weight: 400;\">Cet arc recourb\u00e9 en trois parties et d&rsquo;une longueur de 66 pouces est livr\u00e9 avec une pi\u00e8ce centrale en m\u00e9tal bleu \/ blanc aluminium. Le pr\u00e9jug\u00e9 selon lequel les pi\u00e8ces centrales en m\u00e9tal sont lourdes est r\u00e9fut\u00e9 par cet arc recourb\u00e9 \u00ab&nbsp;F155&nbsp;\u00bb, avec seulement 650 g de pi\u00e8ce centrale en m\u00e9tal et un poids complet de 1&nbsp;290 g pour l&rsquo;arc entier dans la zone inf\u00e9rieure. La pi\u00e8ce centrale comporte \u00e9galement une visi\u00e8re, un stabilisateur et une douille de bouton. Avec la possibilit\u00e9 de tirer des poids entre 20, 25, 30 et 36 livres et un bras lanceur en \u00e9rable fort et fibre de verre noire, cet arc convient aussi bien aux d\u00e9butants qu&rsquo;aux pratiquants avanc\u00e9s et offre un tr\u00e8s bon rapport qualit\u00e9\/prix.<\/span><span style=\"font-weight: 400;\"><br \/>\n<\/span><span style=\"font-weight: 400;\"><br \/>\n<\/span><b>Donn\u00e9es techniques :<\/b><\/p>\n<ul>\n<li><span style=\"font-weight: 400;\">Poids en traction&nbsp;: 20 \u2013 36 livres<\/span><span style=\"font-weight: 400;\"><br \/>\n<\/span><\/li>\n<li><span style=\"font-weight: 400;\">Longueur de tir, draw lenght : 32 pouces \/ 81.28 cm<\/span><span style=\"font-weight: 400;\"><br \/>\n<\/span><\/li>\n<li><span style=\"font-weight: 400;\">Longueur de l&rsquo;arc&nbsp;: 66 pouces \/ 167 cm<\/span><span style=\"font-weight: 400;\"><br \/>\n<\/span><\/li>\n<li><span style=\"font-weight: 400;\">Poids total : env. 1290 g.<\/span><span style=\"font-weight: 400;\"><br \/>\n<\/span><\/li>\n<li><span style=\"font-weight: 400;\">Hauteur de l&rsquo;armature : 8,25 pouces<\/span><span style=\"font-weight: 400;\"><br \/>\n<\/span><\/li>\n<li><span style=\"font-weight: 400;\">Longueur pi\u00e8ce centrale aluminium \/ \u00e9l\u00e9vateur : 55,88 cm \/ 22 pouces<\/span><span style=\"font-weight: 400;\"><br \/>\n<\/span><\/li>\n<li><span style=\"font-weight: 400;\">Poids (pi\u00e8ce centrale)&nbsp;: 630 g.<\/span><span style=\"font-weight: 400;\"><br \/>\n<\/span><\/li>\n<li><span style=\"font-weight: 400;\">Poids (bras lanceur) : 330 g chacun<\/span><span style=\"font-weight: 400;\"><br \/>\n<\/span><\/li>\n<li><span style=\"font-weight: 400;\">Mat\u00e9riau (pi\u00e8ce interm\u00e9diaire)&nbsp;: Aluminium<\/span><span style=\"font-weight: 400;\"><br \/>\n<\/span><\/li>\n<li><span style=\"font-weight: 400;\">Mati\u00e8re&nbsp;(bras lanceur)&nbsp;: Bois, fibre de verre<\/span><span style=\"font-weight: 400;\"><br \/>\n<\/span><\/li>\n<li><span style=\"font-weight: 400;\">Couleur pi\u00e8ce centrale : bleu \/ blanc<\/span><span style=\"font-weight: 400;\"><br \/>\n<\/span><\/li>\n<li><span style=\"font-weight: 400;\">Couleur bras lanceur&nbsp;: noir<\/span><span style=\"font-weight: 400;\"><br \/>\n<\/span><\/li>\n<li><span style=\"font-weight: 400;\">Mod\u00e8les : Pour droitiers et gauchers<\/span><span style=\"font-weight: 400;\"><br \/>\n<\/span><\/li>\n<li><span style=\"font-weight: 400;\">Arc livr\u00e9 avec corde \u00ab&nbsp;dyneema 16 strands&nbsp;\u00bb<\/span><\/li>\n<\/ul>\n","protected":false},"excerpt":{"rendered":"<p><span style=\"font-weight: 400;\">Cet arc recourb\u00e9 en trois parties et d&rsquo;une longueur de 66 pouces est livr\u00e9 avec une pi\u00e8ce centrale en m\u00e9tal bleu \/ blanc aluminium. Le pr\u00e9jug\u00e9 selon lequel les pi\u00e8ces centrales en m\u00e9tal sont lourdes est r\u00e9fut\u00e9 par cet arc recourb\u00e9 \u00ab&nbsp;F155&nbsp;\u00bb, avec seulement 650 g de pi\u00e8ce centrale en m\u00e9tal et un poids complet de 1&nbsp;290 g pour l&rsquo;arc entier dans la zone inf\u00e9rieure. La pi\u00e8ce centrale comporte \u00e9galement une visi\u00e8re, un stabilisateur et une douille de bouton. Avec la possibilit\u00e9 de tirer des poids entre 20, 25, 30 et 36 livres et un bras lanceur en \u00e9rable fort et fibre de verre noire, cet arc convient aussi bien aux d\u00e9butants qu&rsquo;aux pratiquants avanc\u00e9s et offre un tr\u00e8s bon rapport qualit\u00e9\/prix.<\/span><\/p>\n","protected":false},"featured_media":100084,"comment_status":"closed","ping_status":"closed","template":"","meta":{"inline_featured_image":false},"product_brand":[],"product_cat":[1475],"product_tag":[1773,1765],"class_list":{"0":"post-100111","1":"product","2":"type-product","3":"status-publish","4":"has-post-thumbnail","6":"product_cat-tir-a-larc-arbalete-sarbacane","7":"product_tag-chasse-peche","8":"product_tag-sport-outdoor-fr","9":"product_shipping_class-objets-encombrants","11":"first","12":"instock","13":"taxable","14":"shipping-taxable","15":"purchasable","16":"product-type-simple"},"_links":{"self":[{"href":"https:\/\/metal-badge.ch\/fr\/wp-json\/wp\/v2\/product\/100111","targetHints":{"allow":["GET"]}}],"collection":[{"href":"https:\/\/metal-badge.ch\/fr\/wp-json\/wp\/v2\/product"}],"about":[{"href":"https:\/\/metal-badge.ch\/fr\/wp-json\/wp\/v2\/types\/product"}],"replies":[{"embeddable":true,"href":"https:\/\/metal-badge.ch\/fr\/wp-json\/wp\/v2\/comments?post=100111"}],"wp:featuredmedia":[{"embeddable":true,"href":"https:\/\/metal-badge.ch\/fr\/wp-json\/wp\/v2\/media\/100084"}],"wp:attachment":[{"href":"https:\/\/metal-badge.ch\/fr\/wp-json\/wp\/v2\/media?parent=100111"}],"wp:term":[{"taxonomy":"product_brand","embeddable":true,"href":"https:\/\/metal-badge.ch\/fr\/wp-json\/wp\/v2\/product_brand?post=100111"},{"taxonomy":"product_cat","embeddable":true,"href":"https:\/\/metal-badge.ch\/fr\/wp-json\/wp\/v2\/product_cat?post=100111"},{"taxonomy":"product_tag","embeddable":true,"href":"https:\/\/metal-badge.ch\/fr\/wp-json\/wp\/v2\/product_tag?post=100111"}],"curies":[{"name":"wp","href":"https:\/\/api.w.org\/{rel}","templated":true}]}}