{"id":100068,"date":"2021-03-26T08:08:15","date_gmt":"2021-03-26T07:08:15","guid":{"rendered":"https:\/\/shop.metal-badge.ch\/product\/100068\/patch-didentification-du-groupe-sanguin-en-caoutchouc\/"},"modified":"2021-03-26T08:20:27","modified_gmt":"2021-03-26T07:20:27","slug":"patch-didentification-du-groupe-sanguin-en-caoutchouc","status":"publish","type":"product","link":"https:\/\/metal-badge.ch\/fr\/product\/100068\/patch-didentification-du-groupe-sanguin-en-caoutchouc\/","title":{"rendered":"Patch d&rsquo;identification du groupe sanguin en caoutchouc"},"content":{"rendered":"<p><span style=\"font-weight: 400;\">Pr\u00eat \u00e0 \u00eatre appliqu\u00e9, patch de groupe sanguin avec dos en velcro.<\/span><span style=\"font-weight: 400;\"><br \/>\n<\/span><\/p>\n<p><span style=\"font-weight: 400;\">Patch en caoutchouc flexible de haute qualit\u00e9 sp\u00e9cialement fabriqu\u00e9 apparence 3D. Tr\u00e8s visible en vert n\u00e9on sur fond noir. Patchs caoutchout\u00e9s faciles \u00e0 entretenir et \u00e0 laver, avec dos en velcro. La taille de 50 x 30 mm permet de les fixer sur des surfaces de patchs telles que des housses, des sacs \u00e0 dos, des uniformes, des casques, des vestes, etc.&nbsp;<\/span><\/p>\n<p><b>Informations du produit :<\/b><\/p>\n<ul>\n<li><span style=\"font-weight: 400;\">Contour en optique 3D&nbsp;<\/span><\/li>\n<li><span style=\"font-weight: 400;\">Dimensions&nbsp;:<\/span> <span style=\"font-weight: 400;\">50 mm x 30 mm<\/span><\/li>\n<li><span style=\"font-weight: 400;\">Prix : Vert n\u00e9on sur fond noir clairement visible<\/span><\/li>\n<\/ul>\n","protected":false},"excerpt":{"rendered":"<p>Pr\u00eat \u00e0 \u00eatre appliqu\u00e9, patch de groupe sanguin avec dos en velcro. Patch en caoutchouc flexible de haute qualit\u00e9 sp\u00e9cialement fabriqu\u00e9 apparence 3D. Tr\u00e8s visible en vert n\u00e9on sur fond noir. Patchs caoutchout\u00e9s faciles \u00e0 entretenir et \u00e0 laver, avec dos en velcro. La taille de 50 x 30 mm permet de les fixer sur [&hellip;]<\/p>\n","protected":false},"featured_media":100076,"comment_status":"closed","ping_status":"closed","template":"","meta":{"inline_featured_image":false},"product_brand":[],"product_cat":[887],"product_tag":[1781,1785],"class_list":{"0":"post-100068","1":"product","2":"type-product","3":"status-publish","4":"has-post-thumbnail","6":"product_cat-accessoires","7":"product_tag-police-securite","8":"product_tag-premiers-secours-sauvetage","10":"first","11":"instock","12":"taxable","13":"shipping-taxable","14":"purchasable","15":"product-type-simple"},"_links":{"self":[{"href":"https:\/\/metal-badge.ch\/fr\/wp-json\/wp\/v2\/product\/100068","targetHints":{"allow":["GET"]}}],"collection":[{"href":"https:\/\/metal-badge.ch\/fr\/wp-json\/wp\/v2\/product"}],"about":[{"href":"https:\/\/metal-badge.ch\/fr\/wp-json\/wp\/v2\/types\/product"}],"replies":[{"embeddable":true,"href":"https:\/\/metal-badge.ch\/fr\/wp-json\/wp\/v2\/comments?post=100068"}],"wp:featuredmedia":[{"embeddable":true,"href":"https:\/\/metal-badge.ch\/fr\/wp-json\/wp\/v2\/media\/100076"}],"wp:attachment":[{"href":"https:\/\/metal-badge.ch\/fr\/wp-json\/wp\/v2\/media?parent=100068"}],"wp:term":[{"taxonomy":"product_brand","embeddable":true,"href":"https:\/\/metal-badge.ch\/fr\/wp-json\/wp\/v2\/product_brand?post=100068"},{"taxonomy":"product_cat","embeddable":true,"href":"https:\/\/metal-badge.ch\/fr\/wp-json\/wp\/v2\/product_cat?post=100068"},{"taxonomy":"product_tag","embeddable":true,"href":"https:\/\/metal-badge.ch\/fr\/wp-json\/wp\/v2\/product_tag?post=100068"}],"curies":[{"name":"wp","href":"https:\/\/api.w.org\/{rel}","templated":true}]}}