{"id":85538,"date":"2020-12-07T18:56:13","date_gmt":"2020-12-07T17:56:13","guid":{"rendered":"https:\/\/shop.metal-badge.ch\/mentions-legales\/"},"modified":"2025-10-11T00:21:08","modified_gmt":"2025-10-10T22:21:08","slug":"mentions-legales","status":"publish","type":"page","link":"https:\/\/metal-badge.ch\/fr\/mentions-legales\/","title":{"rendered":"Mentions l\u00e9gales"},"content":{"rendered":"<div class=\"wpb-content-wrapper\"><p>[vc_row type=\u00a0\u00bbboxed\u00a0\u00bb background_style=\u00a0\u00bbnormal\u00a0\u00bb css=\u00a0\u00bb.vc_custom_1607360245623{margin-top: 75px !important;padding-right: 50px !important;padding-left: 50px !important;}\u00a0\u00bb][vc_column][vc_raw_html]JTNDc3R5bGUlM0UlMEEudmNfYm94X2JvcmRlcl9ncmV5JTIwaW1nJTJDJTBBLndwLWltYWdlLTExODk5MyUyMCU3QiUwQSUyMCUyMGJvcmRlciUzQSUyMG5vbmUlM0IlMEElN0QlMEElM0MlMkZzdHlsZSUzRQ==[\/vc_raw_html][vc_empty_space height=\u00a0\u00bb10px\u00a0\u00bb][vc_row_inner type=\u00a0\u00bbboxed\u00a0\u00bb css=\u00a0\u00bb.vc_custom_1607360257532{margin-bottom: 20px !important;}\u00a0\u00bb][vc_column_inner width=\u00a0\u00bb1\/2&Prime; css=\u00a0\u00bb.vc_custom_1443415906747{padding-right: 5% !important;padding-left: 10px !important;}\u00a0\u00bb][vc_single_image image=\u00a0\u00bb72199&Prime; img_size=\u00a0\u00bbfull\u00a0\u00bb alignment=\u00a0\u00bbcenter\u00a0\u00bb][\/vc_column_inner][vc_column_inner width=\u00a0\u00bb1\/2&Prime;][vc_single_image image=\u00a0\u00bb72204&Prime; img_size=\u00a0\u00bbfull\u00a0\u00bb][\/vc_column_inner][\/vc_row_inner][vc_empty_space height=\u00a0\u00bb64px\u00a0\u00bb][vc_row_inner type=\u00a0\u00bbboxed\u00a0\u00bb css=\u00a0\u00bb.vc_custom_1607360257532{margin-bottom: 20px !important;}\u00a0\u00bb][vc_column_inner css=\u00a0\u00bb.vc_custom_1443415906747{padding-right: 5% !important;padding-left: 10px !important;}\u00a0\u00bb]<div id=\"ultimate-heading-40526a05cc98b5beb\" class=\"uvc-heading ult-adjust-bottom-margin ultimate-heading-40526a05cc98b5beb uvc-5454 \" data-hspacer=\"no_spacer\"  data-halign=\"center\" style=\"text-align:center\"><div class=\"uvc-heading-spacer no_spacer\" style=\"top\"><\/div><div class=\"uvc-main-heading ult-responsive\"  data-ultimate-target='.uvc-heading.ultimate-heading-40526a05cc98b5beb h2'  data-responsive-json-new='{\"font-size\":\"\",\"line-height\":\"\"}' ><h2 style=\"font-weight:bold;margin-bottom:10px;\">Magasin<\/h2><\/div><\/div>[vc_column_text]Nous tenons \u00e0 vous informer que tous les produits de notre boutique en ligne sont \u00e9galement disponibles dans notre magasin physique. \u00c0 partir du 5 avril 2024, nous aurons de nouveaux horaires d\u2019ouverture : Nous serons \u00e0 votre disposition tous les mardis et vendredis de 16h00 \u00e0 20h00. Si vous souhaitez nous rendre visite en dehors de ces horaires, nous vous prions poliment de nous pr\u00e9venir \u00e0 l\u2019avance par t\u00e9l\u00e9phone au 079 688 97 51 ou par e-mail \u00e0 info@metal-badge.ch. Notre magasin se trouve \u00e0 proximit\u00e9 de la sortie d\u2019autoroute A4 \u00e0 Arth-Goldau. Nous nous r\u00e9jouissons de pouvoir vous accueillir personnellement.[\/vc_column_text][vc_empty_space][\/vc_column_inner][\/vc_row_inner][vc_row_inner type=\u00a0\u00bbboxed\u00a0\u00bb css=\u00a0\u00bb.vc_custom_1607360257532{margin-bottom: 20px !important;}\u00a0\u00bb][vc_column_inner width=\u00a0\u00bb1\/2&Prime; css=\u00a0\u00bb.vc_custom_1443415906747{padding-right: 5% !important;padding-left: 10px !important;}\u00a0\u00bb][vc_single_image image=\u00a0\u00bb152041&Prime; img_size=\u00a0\u00bbfull\u00a0\u00bb onclick=\u00a0\u00bbcustom_link\u00a0\u00bb img_link_target=\u00a0\u00bb_blank\u00a0\u00bb css=\u00a0\u00bb.vc_custom_1760134477854{border-top-width: 10px !important;border-right-width: 10px !important;border-bottom-width: 10px !important;border-left-width: 10px !important;border-left-style: solid !important;border-right-style: solid !important;border-top-style: solid !important;border-bottom-style: solid !important;border-color: #CBCCBB !important;}\u00a0\u00bb link=\u00a0\u00bbhttps:\/\/maps.app.goo.gl\/ruGTVeez51QWdvEj6&Prime;][\/vc_column_inner][vc_column_inner width=\u00a0\u00bb1\/2&Prime;][vc_raw_html]JTNDZGl2JTIwY2xhc3MlM0QlMjJ2aWRlby1jb250YWluZXIlMjIlM0UlMEElM0NpZnJhbWUlMjB3aWR0aCUzRCUyMjU2MCUyMiUyMGhlaWdodCUzRCUyMjMxNSUyMiUyMHNyYyUzRCUyMmh0dHBzJTNBJTJGJTJGd3d3LnlvdXR1YmUuY29tJTJGZW1iZWQlMkY0cTFYU0J0M1Z0VSUyMiUyMGZyYW1lYm9yZGVyJTNEJTIyMCUyMiUyMGFsbG93JTNEJTIyYWNjZWxlcm9tZXRlciUzQiUyMGF1dG9wbGF5JTNCJTIwY2xpcGJvYXJkLXdyaXRlJTNCJTIwZW5jcnlwdGVkLW1lZGlhJTNCJTIwZ3lyb3Njb3BlJTNCJTIwcGljdHVyZS1pbi1waWN0dXJlJTIyJTIwYWxsb3dmdWxsc2NyZWVuJTNFJTNDJTJGaWZyYW1lJTNFJTBBJTNDJTJGZGl2JTNFJTBBJTBBJTNDc3R5bGUlM0UlMEEudmlkZW8tY29udGFpbmVyJTIwJTdCJTBBJTIwJTIwJTIwJTIwcG9zaXRpb24lM0ElMjByZWxhdGl2ZSUzQiUwQSUyMCUyMCUyMCUyMHBhZGRpbmctYm90dG9tJTNBJTIwNTYuMjUlMjUlM0IlMEElMjAlMjAlMjAlMjBwYWRkaW5nLXRvcCUzQSUyMDAlM0IlMEElMjAlMjAlMjAlMjBoZWlnaHQlM0ElMjAwJTNCJTBBJTIwJTIwJTIwJTIwb3ZlcmZsb3clM0ElMjBoaWRkZW4lM0IlMEFtYXJnaW4tdG9wJTNBJTIwMCUzQiUwQSU3RCUwQSUwQS52aWRlby1jb250YWluZXIlMjBpZnJhbWUlMkMlMEEudmlkZW8tY29udGFpbmVyJTIwb2JqZWN0JTJDJTBBLnZpZGVvLWNvbnRhaW5lciUyMGVtYmVkJTIwJTdCJTBBJTIwJTIwJTIwJTIwcG9zaXRpb24lM0ElMjBhYnNvbHV0ZSUzQiUwQSUyMCUyMCUyMCUyMHRvcCUzQSUyMDAlM0IlMEElMjAlMjAlMjAlMjBsZWZ0JTNBJTIwMCUzQiUwQSUyMCUyMCUyMCUyMHdpZHRoJTNBJTIwMTAwJTI1JTNCJTBBJTIwJTIwJTIwJTIwaGVpZ2h0JTNBJTIwMTAwJTI1JTNCJTBBJTdEJTBBJTNDJTJGc3R5bGUlM0U=[\/vc_raw_html][\/vc_column_inner][\/vc_row_inner][vc_row_inner type=\u00a0\u00bbboxed\u00a0\u00bb css=\u00a0\u00bb.vc_custom_1607360257532{margin-bottom: 20px !important;}\u00a0\u00bb][vc_column_inner width=\u00a0\u00bb1\/2&Prime; css=\u00a0\u00bb.vc_custom_1443415906747{padding-right: 5% !important;padding-left: 10px !important;}\u00a0\u00bb]<div id=\"ultimate-heading-20546a05cc98b5c58\" class=\"uvc-heading ult-adjust-bottom-margin ultimate-heading-20546a05cc98b5c58 uvc-620 \" data-hspacer=\"no_spacer\"  data-halign=\"left\" style=\"text-align:left\"><div class=\"uvc-heading-spacer no_spacer\" style=\"top\"><\/div><div class=\"uvc-main-heading ult-responsive\"  data-ultimate-target='.uvc-heading.ultimate-heading-20546a05cc98b5c58 h3'  data-responsive-json-new='{\"font-size\":\"\",\"line-height\":\"\"}' ><h3 style=\"font-weight:bold;margin-bottom:10px;\">Adresse<\/h3><\/div><\/div>[vc_column_text]Metal Badge<br \/>Eisenbahnweg 18<br \/>6410 Goldau<br \/>Suisse<br \/>Mobile: +41 79 688 97 51<br \/>Telefax: +41 41 855 09 35<br \/>eMail:\u00a0<a href=\"mailto:info@metal-badge.ch\">info@metal-badge.ch<\/a>[\/vc_column_text][\/vc_column_inner][vc_column_inner width=\u00a0\u00bb1\/2&Prime;]<div id=\"ultimate-heading-35486a05cc98b5caa\" class=\"uvc-heading ult-adjust-bottom-margin ultimate-heading-35486a05cc98b5caa uvc-8839 \" data-hspacer=\"no_spacer\"  data-halign=\"left\" style=\"text-align:left\"><div class=\"uvc-heading-spacer no_spacer\" style=\"top\"><\/div><div class=\"uvc-main-heading ult-responsive\"  data-ultimate-target='.uvc-heading.ultimate-heading-35486a05cc98b5caa h3'  data-responsive-json-new='{\"font-size\":\"\",\"line-height\":\"\"}' ><h3 style=\"font-weight:bold;margin-bottom:10px;\">Magasin<\/h3><\/div><\/div>[vc_column_text]Adresse : Bernerh\u00f6he S\u00fcd 1, 6410 Goldau, Suisse<\/p>\n<p><\/p>\n<p>Heures d&rsquo;ouverture : mardi et vendredi de 16h00 \u00e0 20h00<\/p>\n<p><\/p>\n<p>Emplacement : notre entr\u00e9e principale se trouve dans la Chneustrasse. Nous sommes situ\u00e9s au 1er \u00e9tage.[\/vc_column_text][\/vc_column_inner][\/vc_row_inner][vc_empty_space][vc_row_inner type=\u00a0\u00bbboxed\u00a0\u00bb css=\u00a0\u00bb.vc_custom_1607360257532{margin-bottom: 20px !important;}\u00a0\u00bb][vc_column_inner css=\u00a0\u00bb.vc_custom_1443415906747{padding-right: 5% !important;padding-left: 10px !important;}\u00a0\u00bb]<div id=\"ultimate-heading-18846a05cc98b5ceb\" class=\"uvc-heading ult-adjust-bottom-margin ultimate-heading-18846a05cc98b5ceb uvc-9494 \" data-hspacer=\"no_spacer\"  data-halign=\"center\" style=\"text-align:center\"><div class=\"uvc-heading-spacer no_spacer\" style=\"top\"><\/div><div class=\"uvc-main-heading ult-responsive\"  data-ultimate-target='.uvc-heading.ultimate-heading-18846a05cc98b5ceb h2'  data-responsive-json-new='{\"font-size\":\"\",\"line-height\":\"\"}' ><h2 style=\"font-weight:bold;margin-bottom:20px;\">Coordonn\u00e9es bancaires<\/h2><\/div><\/div>[\/vc_column_inner][\/vc_row_inner][vc_row_inner type=\u00a0\u00bbboxed\u00a0\u00bb css=\u00a0\u00bb.vc_custom_1607360257532{margin-bottom: 20px !important;}\u00a0\u00bb][vc_column_inner width=\u00a0\u00bb1\/2&Prime; css=\u00a0\u00bb.vc_custom_1443415906747{padding-right: 5% !important;padding-left: 10px !important;}\u00a0\u00bb]<div id=\"ultimate-heading-60016a05cc98b5d27\" class=\"uvc-heading ult-adjust-bottom-margin ultimate-heading-60016a05cc98b5d27 uvc-2914 \" data-hspacer=\"no_spacer\"  data-halign=\"left\" style=\"text-align:left\"><div class=\"uvc-heading-spacer no_spacer\" style=\"top\"><\/div><div class=\"uvc-main-heading ult-responsive\"  data-ultimate-target='.uvc-heading.ultimate-heading-60016a05cc98b5d27 h3'  data-responsive-json-new='{\"font-size\":\"\",\"line-height\":\"\"}' ><h3 style=\"font-weight:bold;\">UBS<\/h3><\/div><\/div>[vc_column_text]Pius Henseler<\/p>\n<p>UBS AG, 6430 Schwyz, IPA-Badge<\/p>\n<p>Konto-Nr. 273-221473.M2V<\/p>\n<p>IBAN CH80 0027 3273 2214 73M2V<\/p>\n<p>BIC \/ SWIFT Code UBSWCHZH80A<\/p>\n<p><a href=\"https:\/\/metal-badge.ch\/wp-content\/uploads\/2022\/01\/EZ_Metal-Badge-UBS_QR.pdf\"><img decoding=\"async\" class=\"size-full wp-image-118993 alignleft\" style=\"max-width: 250px; height: auto; padding-top: 1rem; border: none;\" src=\"https:\/\/metal-badge.ch\/wp-content\/uploads\/2022\/01\/EZ_Metal-Badge-UBS_QR.png\" alt=\"EZ Metal Badge\" width=\"2000\" height=\"1000\" \/><\/a>[\/vc_column_text][vc_empty_space]<div id=\"ultimate-heading-50446a05cc98b5d62\" class=\"uvc-heading ult-adjust-bottom-margin ultimate-heading-50446a05cc98b5d62 uvc-8375 \" data-hspacer=\"no_spacer\"  data-halign=\"left\" style=\"text-align:left\"><div class=\"uvc-heading-spacer no_spacer\" style=\"top\"><\/div><div class=\"uvc-main-heading ult-responsive\"  data-ultimate-target='.uvc-heading.ultimate-heading-50446a05cc98b5d62 h3'  data-responsive-json-new='{\"font-size\":\"\",\"line-height\":\"\"}' ><h3 style=\"font-weight:bold;\">PayPal<\/h3><\/div><\/div>[vc_column_text]PayPal: <a href=\"https:\/\/www.paypal.com\/\" rel=\"noopener\">info@metal-badge.ch<\/a><\/p>\n<p>PayPal.me:&nbsp;<a href=\"https:\/\/www.paypal.me\/MetalBadge\/\" rel=\"noopener\">PayPal.me\/MetalBadge<\/a>[\/vc_column_text][\/vc_column_inner][vc_column_inner width=\u00a0\u00bb1\/2&Prime;]<div id=\"ultimate-heading-27816a05cc98b5d9a\" class=\"uvc-heading ult-adjust-bottom-margin ultimate-heading-27816a05cc98b5d9a uvc-2605 \" data-hspacer=\"no_spacer\"  data-halign=\"left\" style=\"text-align:left\"><div class=\"uvc-heading-spacer no_spacer\" style=\"top\"><\/div><div class=\"uvc-main-heading ult-responsive\"  data-ultimate-target='.uvc-heading.ultimate-heading-27816a05cc98b5d9a h3'  data-responsive-json-new='{\"font-size\":\"\",\"line-height\":\"\"}' ><h3 style=\"font-weight:bold;\">Postfinance<\/h3><\/div><\/div>[vc_column_text]PostBank Postfinance<\/p>\n<p>Pius Henseler<\/p>\n<p>IPA-Badge<\/p>\n<p>IBAN CH39 0900 0000 1552 4852 6<\/p>\n<p>BIC POFICHBEXXX<\/p>\n<p><a href=\"http:\/\/www.postfinance.ch\/\" target=\"_new\" rel=\"noopener noreferrer\">www.postfinance.ch<\/a><\/p>\n<p><a href=\"https:\/\/metal-badge.ch\/wp-content\/uploads\/2022\/01\/EZ_Metal-Badge_QR.pdf\"><img decoding=\"async\" class=\"size-full wp-image-118993 alignleft\" style=\"max-width: 250px; height: auto; padding-top: 1rem; border: none;\" src=\"https:\/\/metal-badge.ch\/wp-content\/uploads\/2022\/01\/EZ_Metal-Badge_QR.png\" alt=\"EZ Metal Badge\" width=\"2000\" height=\"1000\" srcset=\"https:\/\/metal-badge.ch\/wp-content\/uploads\/2022\/01\/EZ_Metal-Badge_QR.png 2000w, https:\/\/metal-badge.ch\/wp-content\/uploads\/2022\/01\/EZ_Metal-Badge_QR-300x150.png 300w, https:\/\/metal-badge.ch\/wp-content\/uploads\/2022\/01\/EZ_Metal-Badge_QR-1024x512.png 1024w, https:\/\/metal-badge.ch\/wp-content\/uploads\/2022\/01\/EZ_Metal-Badge_QR-150x75.png 150w, https:\/\/metal-badge.ch\/wp-content\/uploads\/2022\/01\/EZ_Metal-Badge_QR-768x384.png 768w, https:\/\/metal-badge.ch\/wp-content\/uploads\/2022\/01\/EZ_Metal-Badge_QR-1536x768.png 1536w, https:\/\/metal-badge.ch\/wp-content\/uploads\/2022\/01\/EZ_Metal-Badge_QR-64x32.png 64w\" sizes=\"(max-width: 2000px) 100vw, 2000px\" \/><\/a>[\/vc_column_text][vc_empty_space]<div id=\"ultimate-heading-6046a05cc98b5dd2\" class=\"uvc-heading ult-adjust-bottom-margin ultimate-heading-6046a05cc98b5dd2 uvc-1468 \" data-hspacer=\"no_spacer\"  data-halign=\"left\" style=\"text-align:left\"><div class=\"uvc-heading-spacer no_spacer\" style=\"top\"><\/div><div class=\"uvc-main-heading ult-responsive\"  data-ultimate-target='.uvc-heading.ultimate-heading-6046a05cc98b5dd2 h3'  data-responsive-json-new='{\"font-size\":\"\",\"line-height\":\"\"}' ><h3 style=\"font-weight:bold;\">Twint<\/h3><\/div><\/div>[vc_column_text]Twint: +41 79 688 97 51[\/vc_column_text][\/vc_column_inner][\/vc_row_inner][vc_empty_space height=\u00a0\u00bb64px\u00a0\u00bb][vc_row_inner type=\u00a0\u00bbboxed\u00a0\u00bb][vc_column_inner width=\u00a0\u00bb1\/2&Prime;]<div id=\"ultimate-heading-97976a05cc98b5e10\" class=\"uvc-heading ult-adjust-bottom-margin ultimate-heading-97976a05cc98b5e10 uvc-5639 \" data-hspacer=\"no_spacer\"  data-halign=\"left\" style=\"text-align:left\"><div class=\"uvc-heading-spacer no_spacer\" style=\"top\"><\/div><div class=\"uvc-main-heading ult-responsive\"  data-ultimate-target='.uvc-heading.ultimate-heading-97976a05cc98b5e10 h2'  data-responsive-json-new='{\"font-size\":\"\",\"line-height\":\"\"}' ><h2 style=\"font-weight:bold;margin-bottom:10px;\">Registre du Commerce<\/h2><\/div><\/div>[vc_column_text]Num\u00e9ro du Registre du Commerce : CH-130.1.016.852-9<br \/>Forme juridique : EIU<br \/>si\u00e8ge social: Arth, Suisse[\/vc_column_text][\/vc_column_inner][vc_column_inner width=\u00a0\u00bb1\/2&Prime;]<div id=\"ultimate-heading-58576a05cc98b5e4b\" class=\"uvc-heading ult-adjust-bottom-margin ultimate-heading-58576a05cc98b5e4b uvc-6289 \" data-hspacer=\"no_spacer\"  data-halign=\"left\" style=\"text-align:left\"><div class=\"uvc-heading-spacer no_spacer\" style=\"top\"><\/div><div class=\"uvc-main-heading ult-responsive\"  data-ultimate-target='.uvc-heading.ultimate-heading-58576a05cc98b5e4b h2'  data-responsive-json-new='{\"font-size\":\"\",\"line-height\":\"\"}' ><h2 style=\"font-weight:bold;margin-bottom:10px;\">Num\u00e9ro de taxe sur la valeur ajout\u00e9e (TVA)<\/h2><\/div><\/div>[vc_column_text]CHE-327.265.283[\/vc_column_text][\/vc_column_inner][\/vc_row_inner][vc_empty_space height=\u00a0\u00bb96px\u00a0\u00bb][\/vc_column][\/vc_row]<\/p>\n<\/div>","protected":false},"excerpt":{"rendered":"<p>[vc_row type=\u00a0\u00bbboxed\u00a0\u00bb background_style=\u00a0\u00bbnormal\u00a0\u00bb css=\u00a0\u00bb.vc_custom_1607360245623{margin-top: 75px !important;padding-right: 50px !important;padding-left: 50px !important;}\u00a0\u00bb][vc_column][vc_raw_html]JTNDc3R5bGUlM0UlMEEudmNfYm94X2JvcmRlcl9ncmV5JTIwaW1nJTJDJTBBLndwLWltYWdlLTExODk5MyUyMCU3QiUwQSUyMCUyMGJvcmRlciUzQSUyMG5vbmUlM0IlMEElN0QlMEElM0MlMkZzdHlsZSUzRQ==[\/vc_raw_html][vc_empty_space height=\u00a0\u00bb10px\u00a0\u00bb][vc_row_inner type=\u00a0\u00bbboxed\u00a0\u00bb css=\u00a0\u00bb.vc_custom_1607360257532{margin-bottom: 20px !important;}\u00a0\u00bb][vc_column_inner width=\u00a0\u00bb1\/2&Prime; css=\u00a0\u00bb.vc_custom_1443415906747{padding-right: 5% !important;padding-left: 10px !important;}\u00a0\u00bb][vc_single_image image=\u00a0\u00bb72199&Prime; img_size=\u00a0\u00bbfull\u00a0\u00bb alignment=\u00a0\u00bbcenter\u00a0\u00bb][\/vc_column_inner][vc_column_inner width=\u00a0\u00bb1\/2&Prime;][vc_single_image image=\u00a0\u00bb72204&Prime; img_size=\u00a0\u00bbfull\u00a0\u00bb][\/vc_column_inner][\/vc_row_inner][vc_empty_space height=\u00a0\u00bb64px\u00a0\u00bb][vc_row_inner type=\u00a0\u00bbboxed\u00a0\u00bb css=\u00a0\u00bb.vc_custom_1607360257532{margin-bottom: 20px !important;}\u00a0\u00bb][vc_column_inner css=\u00a0\u00bb.vc_custom_1443415906747{padding-right: 5% !important;padding-left: 10px !important;}\u00a0\u00bb][vc_column_text]Nous tenons \u00e0 vous informer que tous les produits de notre boutique en ligne sont \u00e9galement disponibles dans notre [&hellip;]<\/p>\n","protected":false},"author":13170,"featured_media":0,"parent":0,"menu_order":0,"comment_status":"closed","ping_status":"closed","template":"page-boxed.php","meta":{"inline_featured_image":false,"footnotes":""},"class_list":["post-85538","page","type-page","status-publish","hentry"],"_links":{"self":[{"href":"https:\/\/metal-badge.ch\/fr\/wp-json\/wp\/v2\/pages\/85538","targetHints":{"allow":["GET"]}}],"collection":[{"href":"https:\/\/metal-badge.ch\/fr\/wp-json\/wp\/v2\/pages"}],"about":[{"href":"https:\/\/metal-badge.ch\/fr\/wp-json\/wp\/v2\/types\/page"}],"author":[{"embeddable":true,"href":"https:\/\/metal-badge.ch\/fr\/wp-json\/wp\/v2\/users\/13170"}],"replies":[{"embeddable":true,"href":"https:\/\/metal-badge.ch\/fr\/wp-json\/wp\/v2\/comments?post=85538"}],"version-history":[{"count":3,"href":"https:\/\/metal-badge.ch\/fr\/wp-json\/wp\/v2\/pages\/85538\/revisions"}],"predecessor-version":[{"id":152057,"href":"https:\/\/metal-badge.ch\/fr\/wp-json\/wp\/v2\/pages\/85538\/revisions\/152057"}],"wp:attachment":[{"href":"https:\/\/metal-badge.ch\/fr\/wp-json\/wp\/v2\/media?parent=85538"}],"curies":[{"name":"wp","href":"https:\/\/api.w.org\/{rel}","templated":true}]}}