{"id":85220,"date":"2020-12-04T17:11:28","date_gmt":"2020-12-04T16:11:28","guid":{"rendered":"https:\/\/shop.metal-badge.ch\/faq-foire-aux-questions\/"},"modified":"2024-02-05T09:50:27","modified_gmt":"2024-02-05T08:50:27","slug":"faq-foire-aux-questions","status":"publish","type":"page","link":"https:\/\/metal-badge.ch\/fr\/faq-foire-aux-questions\/","title":{"rendered":"FAQ"},"content":{"rendered":"<div class=\"wpb-content-wrapper\"><p>[vc_row type=\u00a0\u00bbboxed\u00a0\u00bb background_style=\u00a0\u00bbnormal\u00a0\u00bb css=\u00a0\u00bb.vc_custom_1487365316112{margin-top: 75px !important;padding-right: 50px !important;padding-left: 50px !important;}\u00a0\u00bb][vc_column][vc_empty_space height=\u00a0\u00bb50px\u00a0\u00bb]<div id=\"ultimate-heading-55006a059edb53df1\" class=\"uvc-heading ult-adjust-bottom-margin ultimate-heading-55006a059edb53df1 uvc-3795 \" data-hspacer=\"no_spacer\"  data-halign=\"center\" style=\"text-align:center\"><div class=\"uvc-heading-spacer no_spacer\" style=\"top\"><\/div><div class=\"uvc-main-heading ult-responsive\"  data-ultimate-target='.uvc-heading.ultimate-heading-55006a059edb53df1 h2'  data-responsive-json-new='{\"font-size\":\"\",\"line-height\":\"\"}' ><h2 style=\"font-weight:bold;margin-bottom:40px;\">Nouvelle boutique en ligne<\/h2><\/div><\/div>[vc_row_inner type=\u00a0\u00bbboxed\u00a0\u00bb][vc_column_inner width=\u00a0\u00bb1\/2&Prime;]<div id=\"ultimate-heading-28366a059edb53e55\" class=\"uvc-heading ult-adjust-bottom-margin ultimate-heading-28366a059edb53e55 uvc-6082 \" data-hspacer=\"no_spacer\"  data-halign=\"left\" style=\"text-align:left\"><div class=\"uvc-heading-spacer no_spacer\" style=\"top\"><\/div><div class=\"uvc-main-heading ult-responsive\"  data-ultimate-target='.uvc-heading.ultimate-heading-28366a059edb53e55 h3'  data-responsive-json-new='{\"font-size\":\"\",\"line-height\":\"\"}' ><h3 style=\"font-weight:bold;margin-bottom:10px;\">Que se passe-t-il avec l'ancienne boutique en ligne ?<\/h3><\/div><\/div>[vc_column_text]Celle-ci sera remplac\u00e9e par la nouvelle boutique en ligne au plus tard \u00e0 la fin de 2020.<\/p>\n<p>[\/vc_column_text]<div id=\"ultimate-heading-81836a059edb53e99\" class=\"uvc-heading ult-adjust-bottom-margin ultimate-heading-81836a059edb53e99 uvc-4607 \" data-hspacer=\"no_spacer\"  data-halign=\"left\" style=\"text-align:left\"><div class=\"uvc-heading-spacer no_spacer\" style=\"top\"><\/div><div class=\"uvc-main-heading ult-responsive\"  data-ultimate-target='.uvc-heading.ultimate-heading-81836a059edb53e99 h3'  data-responsive-json-new='{\"font-size\":\"\",\"line-height\":\"\"}' ><h3 style=\"font-weight:bold;margin-bottom:10px;\">Est-il n\u00e9cessaire de s'inscrire \u00e0 nouveau ?<\/h3><\/div><\/div>[vc_column_text]Aucune inscription n&rsquo;est n\u00e9cessaire : tous les clients peuvent se connecter avec leur identifiant existant.<\/p>\n<p>[\/vc_column_text]<div id=\"ultimate-heading-17176a059edb53ed6\" class=\"uvc-heading ult-adjust-bottom-margin ultimate-heading-17176a059edb53ed6 uvc-2764 \" data-hspacer=\"no_spacer\"  data-halign=\"left\" style=\"text-align:left\"><div class=\"uvc-heading-spacer no_spacer\" style=\"top\"><\/div><div class=\"uvc-main-heading ult-responsive\"  data-ultimate-target='.uvc-heading.ultimate-heading-17176a059edb53ed6 h3'  data-responsive-json-new='{\"font-size\":\"\",\"line-height\":\"\"}' ><h3 style=\"font-weight:bold;margin-bottom:10px;\">Mes donn\u00e9es de connexion ne fonctionnent plus, que dois-je faire ?<\/h3><\/div><\/div>[vc_column_text]Vous pouvez utiliser la fonction de mot de passe oubli\u00e9. Si vous ne parvenez toujours pas \u00e0 vous connecter, notre administrateur : admin@metal-badge.ch vous aidera.<\/p>\n<p>[\/vc_column_text][\/vc_column_inner][vc_column_inner width=\u00a0\u00bb1\/2&Prime;]<div id=\"ultimate-heading-63186a059edb53f10\" class=\"uvc-heading ult-adjust-bottom-margin ultimate-heading-63186a059edb53f10 uvc-7821 \" data-hspacer=\"no_spacer\"  data-halign=\"left\" style=\"text-align:left\"><div class=\"uvc-heading-spacer no_spacer\" style=\"top\"><\/div><div class=\"uvc-main-heading ult-responsive\"  data-ultimate-target='.uvc-heading.ultimate-heading-63186a059edb53f10 h3'  data-responsive-json-new='{\"font-size\":\"\",\"line-height\":\"\"}' ><h3 style=\"font-weight:bold;margin-bottom:10px;\">Y a-t-il de nouvelles dispositions l\u00e9gales ?<\/h3><\/div><\/div>[vc_column_text]Non, nos conditions g\u00e9n\u00e9rales et notre politique de protection des donn\u00e9es actuelles restent applicables.<\/p>\n<p>[\/vc_column_text]<div id=\"ultimate-heading-48826a059edb53f49\" class=\"uvc-heading ult-adjust-bottom-margin ultimate-heading-48826a059edb53f49 uvc-6494 \" data-hspacer=\"no_spacer\"  data-halign=\"left\" style=\"text-align:left\"><div class=\"uvc-heading-spacer no_spacer\" style=\"top\"><\/div><div class=\"uvc-main-heading ult-responsive\"  data-ultimate-target='.uvc-heading.ultimate-heading-48826a059edb53f49 h3'  data-responsive-json-new='{\"font-size\":\"\",\"line-height\":\"\"}' ><h3 style=\"font-weight:bold;margin-bottom:10px;\">Il manque un article ou une description ? Quelque chose ne marche pas correctement ?<\/h3><\/div><\/div>[vc_column_text]Veuillez contacter l&rsquo;administrateur de notre boutique en ligne par e-mail : admin@metal-badge.ch. Dans votre courrier (DE, EN, FR), d\u00e9crivez l&rsquo;erreur aussi pr\u00e9cis\u00e9ment que possible et ajoutez si possible une capture d&rsquo;\u00e9cran. Nous vous remercions et serons heureux de vous aider.<\/p>\n<p>[\/vc_column_text]<div id=\"ultimate-heading-1496a059edb53f89\" class=\"uvc-heading ult-adjust-bottom-margin ultimate-heading-1496a059edb53f89 uvc-7349 \" data-hspacer=\"no_spacer\"  data-halign=\"left\" style=\"text-align:left\"><div class=\"uvc-heading-spacer no_spacer\" style=\"top\"><\/div><div class=\"uvc-main-heading ult-responsive\"  data-ultimate-target='.uvc-heading.ultimate-heading-1496a059edb53f89 h3'  data-responsive-json-new='{\"font-size\":\"\",\"line-height\":\"\"}' ><h3 style=\"font-weight:bold;margin-bottom:10px;\">J'ai pass\u00e9 une commande par erreur, que puis-je faire ?<\/h3><\/div><\/div>[vc_column_text]Veuillez nous contacter d\u00e8s que possible par courrier \u00e9lectronique ou par l&rsquo;interm\u00e9diaire de l&rsquo;assistance en direct.<\/p>\n<p>[\/vc_column_text][\/vc_column_inner][\/vc_row_inner]<div id=\"ultimate-heading-75416a059edb53fc2\" class=\"uvc-heading ult-adjust-bottom-margin ultimate-heading-75416a059edb53fc2 uvc-814 \" data-hspacer=\"no_spacer\"  data-halign=\"center\" style=\"text-align:center\"><div class=\"uvc-heading-spacer no_spacer\" style=\"top\"><\/div><div class=\"uvc-main-heading ult-responsive\"  data-ultimate-target='.uvc-heading.ultimate-heading-75416a059edb53fc2 h2'  data-responsive-json-new='{\"font-size\":\"\",\"line-height\":\"\"}' ><h2 style=\"font-weight:bold;margin-top:80px;margin-bottom:40px;\">Informations relatives \u00e0 l'exp\u00e9dition<\/h2><\/div><\/div>[vc_row_inner css=\u00a0\u00bb.vc_custom_1410358939666{margin-bottom: 20px !important;}\u00a0\u00bb][vc_column_inner width=\u00a0\u00bb1\/2&Prime; css=\u00a0\u00bb.vc_custom_1443415906747{padding-right: 5% !important;padding-left: 10px !important;}\u00a0\u00bb]<div id=\"ultimate-heading-4736a059edb53ffa\" class=\"uvc-heading ult-adjust-bottom-margin ultimate-heading-4736a059edb53ffa uvc-4506 \" data-hspacer=\"no_spacer\"  data-halign=\"left\" style=\"text-align:left\"><div class=\"uvc-heading-spacer no_spacer\" style=\"top\"><\/div><div class=\"uvc-main-heading ult-responsive\"  data-ultimate-target='.uvc-heading.ultimate-heading-4736a059edb53ffa h3'  data-responsive-json-new='{\"font-size\":\"\",\"line-height\":\"\"}' ><h3 style=\"font-weight:bold;margin-bottom:10px;\">Quelles sont les m\u00e9thodes d'exp\u00e9dition disponibles ?<\/h3><\/div><\/div>[vc_column_text]Metal Badge exp\u00e9die la commande par la Poste et ses partenaires \u00e0 l&rsquo;\u00e9tranger. \u00c0 partir d&rsquo;une valeur de commande de 900 CHF, aucun frais de port ne sera factur\u00e9 pour les envois postaux en Suisse. Pour les envois en Suisse, nous facturons un montant forfaitaire d&rsquo;au moins 11 CHF minimum. Les exp\u00e9ditions en dehors de la Suisse sont factur\u00e9es 24 CHF minimum. Les frais d&rsquo;exp\u00e9dition hors de Suisse d\u00e9pendent du poids et sont calcul\u00e9s et affich\u00e9s lors du traitement de la commande.<\/p>\n<table id=\"weight-table\" style=\"border-collapse: collapse; width: 100%;\">\n<tbody>\n<tr>\n<td style=\"width: 50%;\">0 &#8211; 1 Kg<\/td>\n<td style=\"width: 50%;\">27 CHF<\/td>\n<\/tr>\n<tr>\n<td style=\"width: 50%;\">1.001 &#8211; 2 Kg<\/td>\n<td style=\"width: 50%;\">50 CHF<\/td>\n<\/tr>\n<tr>\n<td style=\"width: 50%;\">2.001 &#8211; 5 Kg<\/td>\n<td style=\"width: 50%;\">69 CHF<\/td>\n<\/tr>\n<tr>\n<td style=\"width: 50%;\">5.001 &#8211; 10 Kg<\/td>\n<td style=\"width: 50%;\">119 CHF<\/td>\n<\/tr>\n<tr>\n<td style=\"width: 50%;\">10.001 &#8211; 50 Kg<\/td>\n<td style=\"width: 50%;\">174 CHF<\/td>\n<\/tr>\n<\/tbody>\n<\/table>\n<p>Veuillez noter que pour les clients hors de Suisse, des frais de douane et\/ou de taxe sur la valeur ajout\u00e9e peuvent encore s&rsquo;appliquer.[\/vc_column_text][\/vc_column_inner][vc_column_inner width=\u00a0\u00bb1\/2&Prime; css=\u00a0\u00bb.vc_custom_1443415917948{padding-right: 5% !important;padding-left: 10px !important;}\u00a0\u00bb]<div id=\"ultimate-heading-26096a059edb54032\" class=\"uvc-heading ult-adjust-bottom-margin ultimate-heading-26096a059edb54032 uvc-6576 \" data-hspacer=\"no_spacer\"  data-halign=\"left\" style=\"text-align:left\"><div class=\"uvc-heading-spacer no_spacer\" style=\"top\"><\/div><div class=\"uvc-main-heading ult-responsive\"  data-ultimate-target='.uvc-heading.ultimate-heading-26096a059edb54032 h3'  data-responsive-json-new='{\"font-size\":\"\",\"line-height\":\"\"}' ><h3 style=\"font-weight:bold;margin-bottom:10px;\">Combien de temps faut-il attendre avant de recevoir ma livraison ?<\/h3><\/div><\/div>[vc_column_text]Les produits command\u00e9s sont exp\u00e9di\u00e9s dans les pays indiqu\u00e9s dans la boutique en ligne. Le d\u00e9lai de livraison pour les envois en Suisse est g\u00e9n\u00e9ralement de 14 jours, pour les envois hors de Suisse de 3 \u00e0 5 semaines. Tous les d\u00e9lais de livraison sont approximatifs et donc non contraignants.<\/p>\n<p>[\/vc_column_text]<div id=\"ultimate-heading-55746a059edb54078\" class=\"uvc-heading ult-adjust-bottom-margin ultimate-heading-55746a059edb54078 uvc-3115 \" data-hspacer=\"no_spacer\"  data-halign=\"left\" style=\"text-align:left\"><div class=\"uvc-heading-spacer no_spacer\" style=\"top\"><\/div><div class=\"uvc-main-heading ult-responsive\"  data-ultimate-target='.uvc-heading.ultimate-heading-55746a059edb54078 h3'  data-responsive-json-new='{\"font-size\":\"\",\"line-height\":\"\"}' ><h3 style=\"font-weight:bold;margin-bottom:10px;\">Pourquoi ne re\u00e7ois-je pas d'avis de commande et d'exp\u00e9dition de metal-badge.ch ?<\/h3><\/div><\/div>[vc_column_text]V\u00e9rifiez le dossier spam, courrier ind\u00e9sirable ou publicit\u00e9 de votre bo\u00eete de messagerie. Avec de nombreux fournisseurs de messagerie \u00e9lectronique, vous pouvez vous assurer que les futurs courriers \u00e9lectroniques se retrouvent dans le bon dossier en d\u00e9pla\u00e7ant le message dans la bo\u00eete de r\u00e9ception ou en ajoutant l&rsquo;adresse \u00e9lectronique de l&rsquo;exp\u00e9diteur \u00e0 une liste de contacts s\u00fbrs.<\/p>\n<p>[\/vc_column_text][\/vc_column_inner][\/vc_row_inner][\/vc_column][\/vc_row][vc_row type=\u00a0\u00bbboxed\u00a0\u00bb background_style=\u00a0\u00bbnormal\u00a0\u00bb css=\u00a0\u00bb.vc_custom_1487365252231{padding-right: 50px !important;padding-left: 50px !important;}\u00a0\u00bb][vc_column]<div id=\"ultimate-heading-64526a059edb540b0\" class=\"uvc-heading ult-adjust-bottom-margin ultimate-heading-64526a059edb540b0 uvc-2928 \" data-hspacer=\"no_spacer\"  data-halign=\"center\" style=\"text-align:center\"><div class=\"uvc-heading-spacer no_spacer\" style=\"top\"><\/div><div class=\"uvc-main-heading ult-responsive\"  data-ultimate-target='.uvc-heading.ultimate-heading-64526a059edb540b0 h2'  data-responsive-json-new='{\"font-size\":\"\",\"line-height\":\"\"}' ><h2 style=\"font-weight:bold;margin-top:80px;margin-bottom:40px;\">Informations sur les paiements<\/h2><\/div><\/div>[vc_row_inner css=\u00a0\u00bb.vc_custom_1410358939666{margin-bottom: 20px !important;}\u00a0\u00bb][vc_column_inner width=\u00a0\u00bb1\/2&Prime; css=\u00a0\u00bb.vc_custom_1443415970531{padding-right: 5% !important;padding-left: 10px !important;}\u00a0\u00bb]<div id=\"ultimate-heading-93236a059edb540e7\" class=\"uvc-heading ult-adjust-bottom-margin ultimate-heading-93236a059edb540e7 uvc-1590 \" data-hspacer=\"no_spacer\"  data-halign=\"left\" style=\"text-align:left\"><div class=\"uvc-heading-spacer no_spacer\" style=\"top\"><\/div><div class=\"uvc-main-heading ult-responsive\"  data-ultimate-target='.uvc-heading.ultimate-heading-93236a059edb540e7 h3'  data-responsive-json-new='{\"font-size\":\"\",\"line-height\":\"\"}' ><h3 style=\"font-weight:bold;margin-bottom:10px;\">Quels sont les modalit\u00e9s de paiement accept\u00e9es ?<\/h3><\/div><\/div>[vc_column_text]<\/p>\n<ul>\n<li>Liquide : Vous achetez l&rsquo;article souhait\u00e9 dans notre salle d&rsquo;exposition.<\/li>\n<li>Paiement \u00e0 l&rsquo;avance : Vous versez le montant sur notre compte bancaire. Veuillez noter que les marchandises ne seront exp\u00e9di\u00e9es qu&rsquo;apr\u00e8s r\u00e9ception du paiement.<\/li>\n<li>E-Finance PostFinance : Vous payez les marchandises avec votre compte E-Finance de PostFinance.<\/li>\n<li>Carte PostFinance : Vous payez les marchandises avec votre carte PostFinance.<\/li>\n<li>PayPal : Vous payez les marchandises avec votre compte PayPal.<\/li>\n<li>Facture : Ce mode de paiement est exclusivement r\u00e9serv\u00e9 aux autorit\u00e9s et bureaux publics. La facture sera envoy\u00e9e avec les marchandises command\u00e9es.<\/li>\n<li>Diners Club : Vous payez les marchandises avec votre carte de cr\u00e9dit Diners Club.<\/li>\n<li>Visa : Vous payez les marchandises avec votre carte de cr\u00e9dit VISA.<\/li>\n<li>MasterCard : Vous payez les marchandises avec votre MasterCard. Attention : La carte de cr\u00e9dit sera d\u00e9bit\u00e9e m\u00eame si les marchandises ne sont pas encore disponibles au moment de la commande. En cas d&rsquo;annulation, nous d\u00e9biterons le montant sur votre carte de cr\u00e9dit ou enregistrerons le montant sous forme de note de cr\u00e9dit.<\/li>\n<li>TWINT : Ce mode de paiement est r\u00e9serv\u00e9 \u00e0 nos clients suisses. L&rsquo;application TWINT est n\u00e9cessaire pour le paiement.<\/li>\n<\/ul>\n<p>[\/vc_column_text][\/vc_column_inner][vc_column_inner width=\u00a0\u00bb1\/2&Prime; css=\u00a0\u00bb.vc_custom_1443415984332{padding-right: 5% !important;padding-left: 10px !important;}\u00a0\u00bb]<div id=\"ultimate-heading-71016a059edb5411e\" class=\"uvc-heading ult-adjust-bottom-margin ultimate-heading-71016a059edb5411e uvc-4149 \" data-hspacer=\"no_spacer\"  data-halign=\"left\" style=\"text-align:left\"><div class=\"uvc-heading-spacer no_spacer\" style=\"top\"><\/div><div class=\"uvc-main-heading ult-responsive\"  data-ultimate-target='.uvc-heading.ultimate-heading-71016a059edb5411e h3'  data-responsive-json-new='{\"font-size\":\"\",\"line-height\":\"\"}' ><h3 style=\"font-weight:bold;margin-bottom:10px;\">Puis-je payer par facture ?<\/h3><\/div><\/div>[vc_column_text]Le paiement par facture est r\u00e9serv\u00e9 exclusivement aux autorit\u00e9s et aux administrations.<\/p>\n<p>[\/vc_column_text]<div id=\"ultimate-heading-1466a059edb54154\" class=\"uvc-heading ult-adjust-bottom-margin ultimate-heading-1466a059edb54154 uvc-7819 \" data-hspacer=\"no_spacer\"  data-halign=\"left\" style=\"text-align:left\"><div class=\"uvc-heading-spacer no_spacer\" style=\"top\"><\/div><div class=\"uvc-main-heading ult-responsive\"  data-ultimate-target='.uvc-heading.ultimate-heading-1466a059edb54154 h3'  data-responsive-json-new='{\"font-size\":\"\",\"line-height\":\"\"}' ><h3 style=\"font-weight:bold;margin-bottom:10px;\">O\u00f9 puis-je vous contacter au sujet de la facture ?<\/h3><\/div><\/div>[vc_column_text]Veuillez nous contacter par courriel info@metal-badge.ch ou nous appeler.<\/p>\n<p>[\/vc_column_text]<div id=\"ultimate-heading-28306a059edb54189\" class=\"uvc-heading ult-adjust-bottom-margin ultimate-heading-28306a059edb54189 uvc-2736 \" data-hspacer=\"no_spacer\"  data-halign=\"left\" style=\"text-align:left\"><div class=\"uvc-heading-spacer no_spacer\" style=\"top\"><\/div><div class=\"uvc-main-heading ult-responsive\"  data-ultimate-target='.uvc-heading.ultimate-heading-28306a059edb54189 h3'  data-responsive-json-new='{\"font-size\":\"\",\"line-height\":\"\"}' ><h3 style=\"font-weight:bold;margin-bottom:10px;\">Dans quelle devise puis-je payer ?<\/h3><\/div><\/div>[vc_column_text]Metal Badge est situ\u00e9 en Suisse et tous nos prix sont donc en francs suisses et en euros. Les prix en euros sont calcul\u00e9s selon le taux de change actuel de la Banque centrale europ\u00e9enne (BCE). Le taux de change de notre boutique est mis \u00e0 jour quotidiennement.<\/p>\n<p>[\/vc_column_text][\/vc_column_inner][\/vc_row_inner][\/vc_column][\/vc_row][vc_row type=\u00a0\u00bbboxed\u00a0\u00bb background_style=\u00a0\u00bbnormal\u00a0\u00bb css=\u00a0\u00bb.vc_custom_1487365260609{padding-right: 50px !important;padding-left: 50px !important;}\u00a0\u00bb][vc_column]<div id=\"ultimate-heading-33936a059edb541be\" class=\"uvc-heading ult-adjust-bottom-margin ultimate-heading-33936a059edb541be uvc-8433 \" data-hspacer=\"no_spacer\"  data-halign=\"center\" style=\"text-align:center\"><div class=\"uvc-heading-spacer no_spacer\" style=\"top\"><\/div><div class=\"uvc-main-heading ult-responsive\"  data-ultimate-target='.uvc-heading.ultimate-heading-33936a059edb541be h2'  data-responsive-json-new='{\"font-size\":\"\",\"line-height\":\"\"}' ><h2 style=\"font-weight:bold;margin-top:80px;margin-bottom:40px;\">Commandes et retours<\/h2><\/div><\/div>[vc_row_inner css=\u00a0\u00bb.vc_custom_1410358939666{margin-bottom: 20px !important;}\u00a0\u00bb][vc_column_inner width=\u00a0\u00bb1\/2&Prime; css=\u00a0\u00bb.vc_custom_1443415995655{padding-right: 5% !important;padding-left: 10px !important;}\u00a0\u00bb]<div id=\"ultimate-heading-58316a059edb541f4\" class=\"uvc-heading ult-adjust-bottom-margin ultimate-heading-58316a059edb541f4 uvc-9112 \" data-hspacer=\"no_spacer\"  data-halign=\"left\" style=\"text-align:left\"><div class=\"uvc-heading-spacer no_spacer\" style=\"top\"><\/div><div class=\"uvc-main-heading ult-responsive\"  data-ultimate-target='.uvc-heading.ultimate-heading-58316a059edb541f4 h3'  data-responsive-json-new='{\"font-size\":\"\",\"line-height\":\"\"}' ><h3 style=\"font-weight:bold;margin-bottom:10px;\">Comment puis-je passer commande ?<\/h3><\/div><\/div>[vc_column_text]Allez \u00e0 la caisse (ic\u00f4ne du panier), modifiez les d\u00e9tails de facturation si n\u00e9cessaire et terminez la commande en s\u00e9lectionnant votre mode de paiement pr\u00e9f\u00e9r\u00e9 et en acceptant les conditions g\u00e9n\u00e9rales.<\/p>\n<p>[\/vc_column_text]<div id=\"ultimate-heading-24916a059edb54229\" class=\"uvc-heading ult-adjust-bottom-margin ultimate-heading-24916a059edb54229 uvc-3466 \" data-hspacer=\"no_spacer\"  data-halign=\"left\" style=\"text-align:left\"><div class=\"uvc-heading-spacer no_spacer\" style=\"top\"><\/div><div class=\"uvc-main-heading ult-responsive\"  data-ultimate-target='.uvc-heading.ultimate-heading-24916a059edb54229 h3'  data-responsive-json-new='{\"font-size\":\"\",\"line-height\":\"\"}' ><h3 style=\"font-weight:bold;margin-bottom:10px;\">Ai-je besoin d'un compte pour passer une commande ?<\/h3><\/div><\/div>[vc_column_text]Non, vous avez \u00e9galement la possibilit\u00e9 de commander en tant qu&rsquo;invit\u00e9. Toutefois, nous vous conseillons de cr\u00e9er un compte sur metal-badge.ch pour les commandes qui ne sont pas des commandes uniques.<\/p>\n<p>[\/vc_column_text]<div id=\"ultimate-heading-75906a059edb54263\" class=\"uvc-heading ult-adjust-bottom-margin ultimate-heading-75906a059edb54263 uvc-4183 \" data-hspacer=\"no_spacer\"  data-halign=\"left\" style=\"text-align:left\"><div class=\"uvc-heading-spacer no_spacer\" style=\"top\"><\/div><div class=\"uvc-main-heading ult-responsive\"  data-ultimate-target='.uvc-heading.ultimate-heading-75906a059edb54263 h3'  data-responsive-json-new='{\"font-size\":\"\",\"line-height\":\"\"}' ><h3 style=\"font-weight:bold;margin-bottom:10px;\">Comment fonctionne la liste de souhaits ?<\/h3><\/div><\/div>[vc_column_text]Dans la liste de souhaits, vous pouvez enregistrer vos produits pr\u00e9f\u00e9r\u00e9s pour les acheter plus tard. La liste de souhaits peut \u00eatre partag\u00e9e sur les r\u00e9seaux sociaux.<\/p>\n<p>[\/vc_column_text][\/vc_column_inner][vc_column_inner width=\u00a0\u00bb1\/2&Prime; css=\u00a0\u00bb.vc_custom_1443416006097{padding-right: 5% !important;padding-left: 10px !important;}\u00a0\u00bb]<div id=\"ultimate-heading-66236a059edb5429a\" class=\"uvc-heading ult-adjust-bottom-margin ultimate-heading-66236a059edb5429a uvc-7532 \" data-hspacer=\"no_spacer\"  data-halign=\"left\" style=\"text-align:left\"><div class=\"uvc-heading-spacer no_spacer\" style=\"top\"><\/div><div class=\"uvc-main-heading ult-responsive\"  data-ultimate-target='.uvc-heading.ultimate-heading-66236a059edb5429a h3'  data-responsive-json-new='{\"font-size\":\"\",\"line-height\":\"\"}' ><h3 style=\"font-weight:bold;margin-bottom:10px;\">Est-ce que metal-badge.ch livre aussi \u00e0 l'\u00e9tranger ?<\/h3><\/div><\/div>[vc_column_text]Nous livrons \u00e9galement \u00e0 l&rsquo;\u00e9tranger. Veuillez prendre note des frais de port \u00e9chelonn\u00e9s pour les envois \u00e0 l&rsquo;\u00e9tranger, ainsi que les \u00e9ventuels droits de douane et\/ou la taxe sur la valeur ajout\u00e9e.<\/p>\n<p>[\/vc_column_text]<div id=\"ultimate-heading-34356a059edb542cf\" class=\"uvc-heading ult-adjust-bottom-margin ultimate-heading-34356a059edb542cf uvc-8085 \" data-hspacer=\"no_spacer\"  data-halign=\"left\" style=\"text-align:left\"><div class=\"uvc-heading-spacer no_spacer\" style=\"top\"><\/div><div class=\"uvc-main-heading ult-responsive\"  data-ultimate-target='.uvc-heading.ultimate-heading-34356a059edb542cf h3'  data-responsive-json-new='{\"font-size\":\"\",\"line-height\":\"\"}' ><h3 style=\"font-weight:bold;margin-bottom:10px;\">Comment puis-je annuler ou modifier ma commande ?<\/h3><\/div><\/div>[vc_column_text]Veuillez nous contacter imm\u00e9diatement par e-mail info@metal-badge.ch et nous indiquer votre num\u00e9ro de commande et le num\u00e9ro de l&rsquo;article.<\/p>\n<p>[\/vc_column_text]<div id=\"ultimate-heading-73196a059edb54304\" class=\"uvc-heading ult-adjust-bottom-margin ultimate-heading-73196a059edb54304 uvc-9688 \" data-hspacer=\"no_spacer\"  data-halign=\"left\" style=\"text-align:left\"><div class=\"uvc-heading-spacer no_spacer\" style=\"top\"><\/div><div class=\"uvc-main-heading ult-responsive\"  data-ultimate-target='.uvc-heading.ultimate-heading-73196a059edb54304 h3'  data-responsive-json-new='{\"font-size\":\"\",\"line-height\":\"\"}' ><h3 style=\"font-weight:bold;margin-bottom:10px;\">Comment puis-je retourner un produit ?<\/h3><\/div><\/div>[vc_column_text]Vous pouvez retourner le produit dans les 10 jours suivant sa r\u00e9ception. Nous vous rembourserons la totalit\u00e9 du prix d&rsquo;achat, hors frais d&rsquo;exp\u00e9dition, \u00e0 condition que l&rsquo;article achet\u00e9 soit retourn\u00e9 \u00e0 Metal Badge en parfait \u00e9tat dans son emballage d&rsquo;origine.<\/p>\n<p>[\/vc_column_text][\/vc_column_inner][\/vc_row_inner][\/vc_column][\/vc_row][vc_row][vc_column][vc_empty_space height=\u00a0\u00bb150px\u00a0\u00bb][\/vc_column][\/vc_row]<\/p>\n<\/div>","protected":false},"excerpt":{"rendered":"<p>[vc_row type=\u00a0\u00bbboxed\u00a0\u00bb background_style=\u00a0\u00bbnormal\u00a0\u00bb css=\u00a0\u00bb.vc_custom_1487365316112{margin-top: 75px !important;padding-right: 50px !important;padding-left: 50px !important;}\u00a0\u00bb][vc_column][vc_empty_space height=\u00a0\u00bb50px\u00a0\u00bb][vc_row_inner type=\u00a0\u00bbboxed\u00a0\u00bb][vc_column_inner width=\u00a0\u00bb1\/2&Prime;][vc_column_text]Celle-ci sera remplac\u00e9e par la nouvelle boutique en ligne au plus tard \u00e0 la fin de 2020. [\/vc_column_text][vc_column_text]Aucune inscription n&rsquo;est n\u00e9cessaire : tous les clients peuvent se connecter avec leur identifiant existant. [\/vc_column_text][vc_column_text]Vous pouvez utiliser la fonction de mot de passe oubli\u00e9. Si [&hellip;]<\/p>\n","protected":false},"author":13170,"featured_media":0,"parent":0,"menu_order":0,"comment_status":"closed","ping_status":"closed","template":"page-boxed.php","meta":{"inline_featured_image":false,"footnotes":""},"class_list":["post-85220","page","type-page","status-publish","hentry"],"_links":{"self":[{"href":"https:\/\/metal-badge.ch\/fr\/wp-json\/wp\/v2\/pages\/85220","targetHints":{"allow":["GET"]}}],"collection":[{"href":"https:\/\/metal-badge.ch\/fr\/wp-json\/wp\/v2\/pages"}],"about":[{"href":"https:\/\/metal-badge.ch\/fr\/wp-json\/wp\/v2\/types\/page"}],"author":[{"embeddable":true,"href":"https:\/\/metal-badge.ch\/fr\/wp-json\/wp\/v2\/users\/13170"}],"replies":[{"embeddable":true,"href":"https:\/\/metal-badge.ch\/fr\/wp-json\/wp\/v2\/comments?post=85220"}],"version-history":[{"count":0,"href":"https:\/\/metal-badge.ch\/fr\/wp-json\/wp\/v2\/pages\/85220\/revisions"}],"wp:attachment":[{"href":"https:\/\/metal-badge.ch\/fr\/wp-json\/wp\/v2\/media?parent=85220"}],"curies":[{"name":"wp","href":"https:\/\/api.w.org\/{rel}","templated":true}]}}