{"id":142519,"date":"2025-03-16T00:27:37","date_gmt":"2025-03-15T23:27:37","guid":{"rendered":"https:\/\/metal-badge.ch\/points-fidelite\/"},"modified":"2025-03-16T00:27:39","modified_gmt":"2025-03-15T23:27:39","slug":"points-fidelite","status":"publish","type":"page","link":"https:\/\/metal-badge.ch\/fr\/points-fidelite\/","title":{"rendered":"Gagnez des points de fid\u00e9lit\u00e9 \u00e0 chaque achat"},"content":{"rendered":"<div class=\"wpb-content-wrapper\"><p>[vc_row gap=\u00a0\u00bb15&Prime;][vc_column width=\u00a0\u00bb2\/3&Prime;][vc_column_text css=\u00a0\u00bb.vc_custom_1740092105577{margin-bottom: 18px !important;}\u00a0\u00bb]<\/p>\n<h3>Profitez d&rsquo;avantages exclusifs&nbsp;:<br \/>\ndevenez VIP ou \u00e9changez vos points contre des bons d&rsquo;achat&nbsp;!<\/h3>\n<p>[\/vc_column_text][vc_column_text css=\u00a0\u00bb\u00a0\u00bb]Le programme de points de metal-badge.ch r\u00e9compense votre fid\u00e9lit\u00e9. Vous cumulez automatiquement des points de fid\u00e9lit\u00e9 \u00e0 chaque commande et profitez de cadeaux attrayants. Vous pouvez \u00e9changer vos points cumul\u00e9s contre des bons d&rsquo;achat ou obtenir une adh\u00e9sion VIP pour des \u00e9conomies durables.[\/vc_column_text][\/vc_column][vc_column width=\u00a0\u00bb1\/3&Prime; css=\u00a0\u00bb.vc_custom_1740092526215{border-top-width: 0px !important;border-right-width: 0px !important;border-bottom-width: 0px !important;border-left-width: 0px !important;padding-top: 0px !important;}\u00a0\u00bb][vc_single_image image=\u00a0\u00bb142280&Prime; img_size=\u00a0\u00bbfull\u00a0\u00bb alignment=\u00a0\u00bbright\u00a0\u00bb css=\u00a0\u00bb.vc_custom_1740095735435{border-top-width: 0px !important;border-right-width: 0px !important;border-bottom-width: 0px !important;border-left-width: 0px !important;}\u00a0\u00bb el_class=\u00a0\u00bbtreuekarte membercards\u00a0\u00bb][\/vc_column][\/vc_row][vc_row css=\u00a0\u00bb.vc_custom_1740094449886{margin-top: 0px !important;margin-bottom: 45px !important;}\u00a0\u00bb][vc_column][vc_column_text css=\u00a0\u00bb.vc_custom_1740094495602{margin-bottom: 5px !important;}\u00a0\u00bb]<\/p>\n<h3>Comment \u00e7a marche ?<\/h3>\n<p>[\/vc_column_text][vc_column_text css=\u00a0\u00bb\u00a0\u00bb]<strong>Voici comment accumuler des points de fid\u00e9lit\u00e9<\/strong><\/p>\n<p>Les clients disposant d&rsquo;un compte client accumulent automatiquement des points de fid\u00e9lit\u00e9 \u00e0 chaque commande, que vous pouvez \u00e9changer contre des cadeaux attrayants. En plus de vos achats, il existe des possibilit\u00e9s suppl\u00e9mentaires de collecter des points :<\/p>\n<ul>\n<li><strong>25 points pour l&rsquo;inscription<\/strong> : d\u00e9marrez avec un bonus.<\/li>\n<li><strong>25 points pour une recommandation r\u00e9ussie<\/strong> : partagez les avantages avec vos amis.<\/li>\n<li><strong>10 points pour votre anniversaire<\/strong> : un petit geste de remerciement pour votre journ\u00e9e.<\/li>\n<li><strong>Points bonus lors de promotions sp\u00e9ciales<\/strong>&nbsp;: ne ratez pas nos promotions exclusives.<\/li>\n<\/ul>\n<p>[\/vc_column_text][\/vc_column][\/vc_row][vc_row content_placement=\u00a0\u00bbmiddle\u00a0\u00bb css=\u00a0\u00bb.vc_custom_1740094157697{margin-top: 0px !important;}\u00a0\u00bb][vc_column css=\u00a0\u00bb.vc_custom_1740107322221{background-color: #cdceb1 !important;border-radius: 15px !important;}\u00a0\u00bb][vc_row_inner content_placement=\u00a0\u00bbmiddle\u00a0\u00bb][vc_column_inner width=\u00a0\u00bb2\/3&Prime; css=\u00a0\u00bb.vc_custom_1740093875501{padding-top: 0px !important;padding-bottom: 35px !important;padding-left: 35px !important;}\u00a0\u00bb][vc_column_text css=\u00a0\u00bb.vc_custom_1740094254798{margin-bottom: 5px !important;}\u00a0\u00bb]<\/p>\n<h3>Vous n&rsquo;avez pas encore de compte client ?<\/h3>\n<p>[\/vc_column_text][vc_column_text css=\u00a0\u00bb\u00a0\u00bb]Inscrivez-vous maintenant pour recevoir vos 25 premiers points&nbsp;![\/vc_column_text][\/vc_column_inner][vc_column_inner width=\u00a0\u00bb1\/3&Prime; css=\u00a0\u00bb.vc_custom_1740098695439{padding-right: 35px !important;}\u00a0\u00bb][vc_btn title=\u00a0\u00bbOUVRIR UN COMPTE CLIENT\u00a0\u00bb shape=\u00a0\u00bbsquare\u00a0\u00bb color=\u00a0\u00bbwarning\u00a0\u00bb align=\u00a0\u00bbright\u00a0\u00bb css=\u00a0\u00bb\u00a0\u00bb link=\u00a0\u00bburl:https%3A%2F%2Fmetal-badge.ch%2Ffr%2Fmon-compte%2F|\u00a0\u00bb el_class=\u00a0\u00bbbttn\u00a0\u00bb][\/vc_column_inner][\/vc_row_inner][\/vc_column][\/vc_row][vc_row css=\u00a0\u00bb.vc_custom_1740096646152{margin-top: 45px !important;margin-bottom: 25px !important;}\u00a0\u00bb][vc_column][vc_column_text css=\u00a0\u00bb.vc_custom_1740489822744{margin-bottom: 5px !important;}\u00a0\u00bb]<\/p>\n<h3>Voici comment profiter de vos points de fid\u00e9lit\u00e9<\/h3>\n<p>[\/vc_column_text][vc_column_text css=\u00a0\u00bb\u00a0\u00bb]<strong>Voici les avantages<\/strong><\/p>\n<p>Vous pouvez \u00e9changer les points collect\u00e9s contre des bons d&rsquo;achat ou une adh\u00e9sion VIP au choix.[\/vc_column_text][\/vc_column][\/vc_row][vc_row gap=\u00a0\u00bb15&Prime; css=\u00a0\u00bb.vc_custom_1740097081999{margin-bottom: 45px !important;}\u00a0\u00bb][vc_column width=\u00a0\u00bb1\/3&Prime; css=\u00a0\u00bb.vc_custom_1740095847067{border-top-width: 0px !important;border-right-width: 0px !important;border-bottom-width: 0px !important;border-left-width: 0px !important;padding-top: 25px !important;padding-right: 25px !important;padding-bottom: 25px !important;padding-left: 25px !important;background-color: #ffffff !important;border-radius: 15px !important;}\u00a0\u00bb][vc_single_image image=\u00a0\u00bb142314&Prime; img_size=\u00a0\u00bbfull\u00a0\u00bb alignment=\u00a0\u00bbcenter\u00a0\u00bb css=\u00a0\u00bb.vc_custom_1740095755946{background-color: #ffffff !important;}\u00a0\u00bb el_class=\u00a0\u00bbmembercards treuekarten\u00a0\u00bb][vc_column_text css=\u00a0\u00bb.vc_custom_1741557071286{border-bottom-width: 25px !important;padding-top: 25px !important;}\u00a0\u00bb]<\/p>\n<h3>Bon de fid\u00e9lit\u00e9<\/h3>\n<p><strong>Valeur :<\/strong> CHF 50.-<br \/>\nValable dans notre magasin de Goldau.<br \/>\n&nbsp;<\/p>\n<p><strong>Nombre de points requis :<\/strong> 150[\/vc_column_text][vc_btn title=\u00a0\u00bbEn savoir plus\u00a0\u00bb shape=\u00a0\u00bbsquare\u00a0\u00bb color=\u00a0\u00bbwhite\u00a0\u00bb align=\u00a0\u00bbcenter\u00a0\u00bb css=\u00a0\u00bb.vc_custom_1740106831908{margin-top: 25px !important;margin-bottom: 0px !important;border-top-width: 1px !important;border-right-width: 1px !important;border-bottom-width: 1px !important;border-left-width: 1px !important;border-left-style: solid !important;border-right-style: solid !important;border-top-style: solid !important;border-bottom-style: solid !important;border-color: #f88915 !important;}\u00a0\u00bb button_block=\u00a0\u00bbtrue\u00a0\u00bb link=\u00a0\u00bburl:https%3A%2F%2Fmetal-badge.ch%2Fen%2Fproduct%2F142265%2Floyalty-voucher-50-chf%2F|title:Bon%20de%20fid%C3%A9lit%C3%A9%2050%20CHF|\u00a0\u00bb el_class=\u00a0\u00bbbttn\u00a0\u00bb][\/vc_column][vc_column width=\u00a0\u00bb1\/3&Prime; css=\u00a0\u00bb.vc_custom_1740096462221{padding-top: 25px !important;padding-right: 25px !important;padding-bottom: 25px !important;padding-left: 25px !important;background-color: #ffffff !important;border-radius: 15px !important;}\u00a0\u00bb][vc_single_image image=\u00a0\u00bb142318&Prime; img_size=\u00a0\u00bbfull\u00a0\u00bb alignment=\u00a0\u00bbcenter\u00a0\u00bb css=\u00a0\u00bb.vc_custom_1740096817893{background-color: #ffffff !important;}\u00a0\u00bb el_class=\u00a0\u00bbmembercards treuekarten\u00a0\u00bb][vc_column_text css=\u00a0\u00bb.vc_custom_1741557079754{border-bottom-width: 25px !important;padding-top: 25px !important;}\u00a0\u00bb]<\/p>\n<h3>Bon digital<\/h3>\n<p><strong>Valeur :<\/strong> CHF 50.-<br \/>\nValable sur tout l&rsquo;assortiment en ligne.<br \/>\n&nbsp;<\/p>\n<p><strong>Nombre de points requis :<\/strong> 150[\/vc_column_text][vc_btn title=\u00a0\u00bb\u00c9changer des points\u00a0\u00bb shape=\u00a0\u00bbsquare\u00a0\u00bb color=\u00a0\u00bbwhite\u00a0\u00bb align=\u00a0\u00bbcenter\u00a0\u00bb css=\u00a0\u00bb.vc_custom_1740106847868{margin-top: 25px !important;margin-bottom: 0px !important;border-top-width: 1px !important;border-right-width: 1px !important;border-bottom-width: 1px !important;border-left-width: 1px !important;border-left-style: solid !important;border-right-style: solid !important;border-top-style: solid !important;border-bottom-style: solid !important;border-color: #f88915 !important;}\u00a0\u00bb button_block=\u00a0\u00bbtrue\u00a0\u00bb link=\u00a0\u00bburl:https%3A%2F%2Fmetal-badge.ch%2Ffr%2Fmon-compte%2FPoints%2F|title:Mon%20compte|\u00a0\u00bb el_class=\u00a0\u00bbbttn\u00a0\u00bb][\/vc_column][vc_column width=\u00a0\u00bb1\/3&Prime; css=\u00a0\u00bb.vc_custom_1740096876776{padding-top: 25px !important;padding-right: 25px !important;padding-bottom: 25px !important;padding-left: 25px !important;background-color: #ffffff !important;border-radius: 15px !important;}\u00a0\u00bb][vc_single_image image=\u00a0\u00bb142330&Prime; img_size=\u00a0\u00bbfull\u00a0\u00bb alignment=\u00a0\u00bbcenter\u00a0\u00bb css=\u00a0\u00bb.vc_custom_1740097377086{background-color: #ffffff !important;}\u00a0\u00bb el_class=\u00a0\u00bbmembercards treuekarten\u00a0\u00bb][vc_column_text css=\u00a0\u00bb.vc_custom_1741550785275{border-bottom-width: 25px !important;padding-top: 25px !important;}\u00a0\u00bb]<\/p>\n<h3>Adh\u00e9sion VIP<\/h3>\n<p><strong>Avantage :<\/strong> 10 % de r\u00e9duction<br \/>\n10 % de r\u00e9duction pendant 1 an sur tous les produits Security Factory. En ligne et en magasin.<\/p>\n<p><strong>Nombre de points requis :<\/strong> 300[\/vc_column_text][vc_btn title=\u00a0\u00bbDevenir VIP\u00a0\u00bb shape=\u00a0\u00bbsquare\u00a0\u00bb color=\u00a0\u00bbwhite\u00a0\u00bb align=\u00a0\u00bbcenter\u00a0\u00bb css=\u00a0\u00bb.vc_custom_1740106731017{margin-top: 25px !important;margin-bottom: 0px !important;border-top-width: 1px !important;border-right-width: 1px !important;border-bottom-width: 1px !important;border-left-width: 1px !important;border-left-style: solid !important;border-right-style: solid !important;border-top-style: solid !important;border-bottom-style: solid !important;border-color: #f88915 !important;}\u00a0\u00bb button_block=\u00a0\u00bbtrue\u00a0\u00bb link=\u00a0\u00bburl:https%3A%2F%2Fmetal-badge.ch%2Ffr%2Fmon-compte%2FPoints%2F|title:Mon%20compte|\u00a0\u00bb el_class=\u00a0\u00bbbttn\u00a0\u00bb][\/vc_column][\/vc_row][vc_row content_placement=\u00a0\u00bbmiddle\u00a0\u00bb css=\u00a0\u00bb.vc_custom_1740107433852{margin-bottom: 90px !important;}\u00a0\u00bb][vc_column width=\u00a0\u00bb2\/3&Prime;][vc_column_text css=\u00a0\u00bb\u00a0\u00bb]<strong>Comment utiliser vos points de fid\u00e9lit\u00e9<\/strong><\/p>\n<p data-start=\"302\" data-end=\"584\">Vous pouvez facilement \u00e9changer vos points de fid\u00e9lit\u00e9 dans votre compte client. Vous pouvez voir \u00e0 tout moment votre solde de points actuel sous l&rsquo;option de menu \u00ab <a href=\"https:\/\/metal-badge.ch\/fr\/mon-compte\/\">Points de fid\u00e9lit\u00e9<\/a> \u00bb et avez la possibilit\u00e9 d&rsquo;\u00e9changer vos points collect\u00e9s contre une adh\u00e9sion VIP ou un bon d&rsquo;achat en ligne.<\/p>\n<p data-start=\"586\" data-end=\"712\">Si vous souhaitez un bon de fid\u00e9lit\u00e9 physique pour l&rsquo;espace de vente de Goldau, vous pouvez <a href=\"https:\/\/metal-badge.ch\/fr\/?post_type=product&#038;p=142266\">le commander ici<\/a>.<\/p>\n<p>[\/vc_column_text][\/vc_column][vc_column width=\u00a0\u00bb1\/3&Prime;][vc_btn title=\u00a0\u00bbCONSULTER LE SOLDE DE VOS POINTS\u00a0\u00bb shape=\u00a0\u00bbsquare\u00a0\u00bb color=\u00a0\u00bbwhite\u00a0\u00bb align=\u00a0\u00bbcenter\u00a0\u00bb css=\u00a0\u00bb.vc_custom_1740106626707{margin-top: 25px !important;margin-bottom: 0px !important;border-top-width: 1px !important;border-right-width: 1px !important;border-bottom-width: 1px !important;border-left-width: 1px !important;background-color: #e3e5d0 !important;border-left-style: solid !important;border-right-style: solid !important;border-top-style: solid !important;border-bottom-style: solid !important;border-color: #f88915 !important;}\u00a0\u00bb button_block=\u00a0\u00bbtrue\u00a0\u00bb link=\u00a0\u00bburl:https%3A%2F%2Fmetal-badge.ch%2Ffr%2Fmon-compte%2FPoints%2F|title:Mon%20compte|\u00a0\u00bb][\/vc_column][\/vc_row][vc_row][vc_column css=\u00a0\u00bb.vc_custom_1740489895441{margin-bottom: 90px !important;}\u00a0\u00bb][vc_column_text css=\u00a0\u00bb.vc_custom_1740488074976{margin-bottom: 5px !important;padding-bottom: 35px !important;}\u00a0\u00bb]<\/p>\n<h3>Questions fr\u00e9quentes sur le programme de fid\u00e9lit\u00e9<\/h3>\n<p>[\/vc_column_text][vc_toggle title=\u00a0\u00bbComment fonctionne le programme de fid\u00e9lit\u00e9 ?\u00a0\u00bb style=\u00a0\u00bbsimple\u00a0\u00bb custom_font_container=\u00a0\u00bbtag:h3|font_size:20px|text_align:left\u00a0\u00bb custom_google_fonts=\u00a0\u00bbfont_family:Roboto%3A100%2C100italic%2C300%2C300italic%2Cregular%2Citalic%2C500%2C500italic%2C700%2C700italic%2C900%2C900italic|font_style:400%20regular%3A400%3Anormal\u00a0\u00bb css=\u00a0\u00bb\u00a0\u00bb use_custom_heading=\u00a0\u00bbtrue\u00a0\u00bb]\u00c0 chaque achat, vous cumulez automatiquement des points de fid\u00e9lit\u00e9. De plus, il existe d&rsquo;autres moyens de gagner des points, comme l&rsquo;inscription ou une recommandation r\u00e9ussie. Vous pouvez \u00e9changer vos points accumul\u00e9s contre des r\u00e9compenses exclusives telles que des bons d&rsquo;achat ou une adh\u00e9sion VIP.[\/vc_toggle][vc_toggle title=\u00a0\u00bbQui peut accumuler des points de fid\u00e9lit\u00e9 ? (Ai-je besoin d&apos;un compte client ?)\u00a0\u00bb style=\u00a0\u00bbsimple\u00a0\u00bb custom_font_container=\u00a0\u00bbtag:h3|font_size:20px|text_align:left\u00a0\u00bb custom_google_fonts=\u00a0\u00bbfont_family:Roboto%3A100%2C100italic%2C300%2C300italic%2Cregular%2Citalic%2C500%2C500italic%2C700%2C700italic%2C900%2C900italic|font_style:400%20regular%3A400%3Anormal\u00a0\u00bb css=\u00a0\u00bb\u00a0\u00bb use_custom_heading=\u00a0\u00bbtrue\u00a0\u00bb]Les points de fid\u00e9lit\u00e9 sont attribu\u00e9s automatiquement \u00e0 tous les clients disposant d&rsquo;un compte client. Il n&rsquo;est pas possible d&rsquo;accumuler des points en tant qu&rsquo;invit\u00e9.[\/vc_toggle][vc_toggle title=\u00a0\u00bbQuand les points de fid\u00e9lit\u00e9 sont-ils cr\u00e9dit\u00e9s ?\u00a0\u00bb style=\u00a0\u00bbsimple\u00a0\u00bb custom_font_container=\u00a0\u00bbtag:h3|font_size:20px|text_align:left\u00a0\u00bb custom_google_fonts=\u00a0\u00bbfont_family:Roboto%3A100%2C100italic%2C300%2C300italic%2Cregular%2Citalic%2C500%2C500italic%2C700%2C700italic%2C900%2C900italic|font_style:400%20regular%3A400%3Anormal\u00a0\u00bb css=\u00a0\u00bb\u00a0\u00bb use_custom_heading=\u00a0\u00bbtrue\u00a0\u00bb]<\/p>\n<ul>\n<li><strong>Points pour les achats :<\/strong> les points sont cr\u00e9dit\u00e9s automatiquement sur votre compte apr\u00e8s l&rsquo;exp\u00e9dition de la commande.<\/li>\n<li><strong>Inscription :<\/strong> les points pour la cr\u00e9ation du compte sont cr\u00e9dit\u00e9s imm\u00e9diatement apr\u00e8s l&rsquo;inscription.<\/li>\n<li><strong>Recommandations&nbsp;:<\/strong> les points sont cr\u00e9dit\u00e9s d\u00e8s que la personne parrain\u00e9e ouvre son premier compte client.<\/li>\n<\/ul>\n<p>[\/vc_toggle][vc_toggle title=\u00a0\u00bbPendant combien de temps mes points de fid\u00e9lit\u00e9 sont-ils valables ?\u00a0\u00bb style=\u00a0\u00bbsimple\u00a0\u00bb custom_font_container=\u00a0\u00bbtag:h3|font_size:20px|text_align:left\u00a0\u00bb custom_google_fonts=\u00a0\u00bbfont_family:Roboto%3A100%2C100italic%2C300%2C300italic%2Cregular%2Citalic%2C500%2C500italic%2C700%2C700italic%2C900%2C900italic|font_style:400%20regular%3A400%3Anormal\u00a0\u00bb css=\u00a0\u00bb\u00a0\u00bb use_custom_heading=\u00a0\u00bbtrue\u00a0\u00bb]Les points de fid\u00e9lit\u00e9 ne expirent pas et restent enregistr\u00e9s dans votre compte tant que celui-ci est actif.[\/vc_toggle][vc_toggle title=\u00a0\u00bbO\u00f9 puis-je consulter mon solde de points actuel ?\u00a0\u00bb style=\u00a0\u00bbsimple\u00a0\u00bb custom_font_container=\u00a0\u00bbtag:h3|font_size:20px|text_align:left\u00a0\u00bb custom_google_fonts=\u00a0\u00bbfont_family:Roboto%3A100%2C100italic%2C300%2C300italic%2Cregular%2Citalic%2C500%2C500italic%2C700%2C700italic%2C900%2C900italic|font_style:400%20regular%3A400%3Anormal\u00a0\u00bb css=\u00a0\u00bb\u00a0\u00bb use_custom_heading=\u00a0\u00bbtrue\u00a0\u00bb]Vous pouvez consulter votre solde de points actuel \u00e0 tout moment dans votre compte client sous le menu \u00ab&nbsp;Points de fid\u00e9lit\u00e9&nbsp;\u00bb.[\/vc_toggle][vc_toggle title=\u00a0\u00bbComment puis-je utiliser mes points de fid\u00e9lit\u00e9 ?\u00a0\u00bb style=\u00a0\u00bbsimple\u00a0\u00bb custom_font_container=\u00a0\u00bbtag:h3|font_size:20px|text_align:left\u00a0\u00bb custom_google_fonts=\u00a0\u00bbfont_family:Roboto%3A100%2C100italic%2C300%2C300italic%2Cregular%2Citalic%2C500%2C500italic%2C700%2C700italic%2C900%2C900italic|font_style:400%20regular%3A400%3Anormal\u00a0\u00bb css=\u00a0\u00bb\u00a0\u00bb use_custom_heading=\u00a0\u00bbtrue\u00a0\u00bb]<br \/>\nVous pouvez facilement \u00e9changer vos points de fid\u00e9lit\u00e9 dans votre compte client. Sous le menu \u00ab&nbsp;<strong><a href=\"https:\/\/metal-badge.ch\/fr\/mon-compte\/Points\/\">Points de fid\u00e9lit\u00e9<\/a><\/strong>&nbsp;\u00bb, vous pouvez voir votre solde actuel et \u00e9changer vos points contre une adh\u00e9sion <strong>VIP ou un bon d&rsquo;achat en ligne<\/strong>.<\/p>\n<p><strong>Si vous souhaitez un bon de fid\u00e9lit\u00e9 physique pour l&rsquo;espace de vente de Goldau, vous pouvez <a href=\"https:\/\/metal-badge.ch\/fr\/?post_type=product&#038;p=142266\">le commander ici.<\/a><\/strong><br \/>\n[\/vc_toggle][vc_toggle title=\u00a0\u00bbQuelles r\u00e9compenses sont disponibles et combien de points sont n\u00e9cessaires pour les obtenir ?\u00a0\u00bb style=\u00a0\u00bbsimple\u00a0\u00bb custom_font_container=\u00a0\u00bbtag:h3|font_size:20px|text_align:left\u00a0\u00bb custom_google_fonts=\u00a0\u00bbfont_family:Roboto%3A100%2C100italic%2C300%2C300italic%2Cregular%2Citalic%2C500%2C500italic%2C700%2C700italic%2C900%2C900italic|font_style:400%20regular%3A400%3Anormal\u00a0\u00bb css=\u00a0\u00bb\u00a0\u00bb use_custom_heading=\u00a0\u00bbtrue\u00a0\u00bb]<\/p>\n<ul>\n<li data-start=\"1822\" data-end=\"1883\"><strong>Bon d&rsquo;achat en ligne d&rsquo;une valeur de CHF 50<\/strong> \u2192 150 points de fid\u00e9lit\u00e9<\/li>\n<li data-start=\"1822\" data-end=\"1883\"><strong>Bon de fid\u00e9lit\u00e9 physique CHF 50.- pour l&rsquo;espace de vente de Goldau<\/strong> \u2192 150 points de fid\u00e9lit\u00e9<\/li>\n<li data-start=\"1822\" data-end=\"1883\"><strong>Adh\u00e9sion VIP (10 % de r\u00e9duction pendant 1 an)<\/strong> \u2192 300 points de fid\u00e9lit\u00e9<\/li>\n<\/ul>\n<p>[\/vc_toggle][vc_toggle title=\u00a0\u00bbQue deviendront mes points si j&apos;annule ou retourne une commande ?\u00a0\u00bb style=\u00a0\u00bbsimple\u00a0\u00bb custom_font_container=\u00a0\u00bbtag:h3|font_size:20px|text_align:left\u00a0\u00bb custom_google_fonts=\u00a0\u00bbfont_family:Roboto%3A100%2C100italic%2C300%2C300italic%2Cregular%2Citalic%2C500%2C500italic%2C700%2C700italic%2C900%2C900italic|font_style:400%20regular%3A400%3Anormal\u00a0\u00bb css=\u00a0\u00bb\u00a0\u00bb use_custom_heading=\u00a0\u00bbtrue\u00a0\u00bb]Si une commande est annul\u00e9e ou retourn\u00e9e, les points gagn\u00e9s pour cet achat seront d\u00e9duits de votre compte de fid\u00e9lit\u00e9.[\/vc_toggle][vc_toggle title=\u00a0\u00bbPuis-je gagner des points si je commande en tant qu&apos;invit\u00e9 ?\u00a0\u00bb style=\u00a0\u00bbsimple\u00a0\u00bb custom_font_container=\u00a0\u00bbtag:h3|font_size:20px|text_align:left\u00a0\u00bb custom_google_fonts=\u00a0\u00bbfont_family:Roboto%3A100%2C100italic%2C300%2C300italic%2Cregular%2Citalic%2C500%2C500italic%2C700%2C700italic%2C900%2C900italic|font_style:400%20regular%3A400%3Anormal\u00a0\u00bb css=\u00a0\u00bb\u00a0\u00bb use_custom_heading=\u00a0\u00bbtrue\u00a0\u00bb]Non, les points de fid\u00e9lit\u00e9 ne peuvent \u00eatre accumul\u00e9s qu&rsquo;avec un compte client enregistr\u00e9.<\/p>\n<p>Vous pouvez cr\u00e9er un <a href=\"https:\/\/metal-badge.ch\/fr\/mon-compte\/Points\/\">compte client ici<\/a> et commencer \u00e0 accumuler des points.[\/vc_toggle][\/vc_column][\/vc_row]<\/p>\n<\/div>","protected":false},"excerpt":{"rendered":"<p>[vc_row gap=\u00a0\u00bb15&Prime;][vc_column width=\u00a0\u00bb2\/3&Prime;][vc_column_text css=\u00a0\u00bb.vc_custom_1740092105577{margin-bottom: 18px !important;}\u00a0\u00bb] Profitez d&rsquo;avantages exclusifs&nbsp;: devenez VIP ou \u00e9changez vos points contre des bons d&rsquo;achat&nbsp;! [\/vc_column_text][vc_column_text css=\u00a0\u00bb\u00a0\u00bb]Le programme de points de metal-badge.ch r\u00e9compense votre fid\u00e9lit\u00e9. Vous cumulez automatiquement des points de fid\u00e9lit\u00e9 \u00e0 chaque commande et profitez de cadeaux attrayants. Vous pouvez \u00e9changer vos points cumul\u00e9s contre des bons d&rsquo;achat ou [&hellip;]<\/p>\n","protected":false},"author":13170,"featured_media":0,"parent":0,"menu_order":0,"comment_status":"closed","ping_status":"closed","template":"page-boxed.php","meta":{"inline_featured_image":false,"footnotes":""},"class_list":["post-142519","page","type-page","status-publish","hentry"],"_links":{"self":[{"href":"https:\/\/metal-badge.ch\/fr\/wp-json\/wp\/v2\/pages\/142519","targetHints":{"allow":["GET"]}}],"collection":[{"href":"https:\/\/metal-badge.ch\/fr\/wp-json\/wp\/v2\/pages"}],"about":[{"href":"https:\/\/metal-badge.ch\/fr\/wp-json\/wp\/v2\/types\/page"}],"author":[{"embeddable":true,"href":"https:\/\/metal-badge.ch\/fr\/wp-json\/wp\/v2\/users\/13170"}],"replies":[{"embeddable":true,"href":"https:\/\/metal-badge.ch\/fr\/wp-json\/wp\/v2\/comments?post=142519"}],"version-history":[{"count":0,"href":"https:\/\/metal-badge.ch\/fr\/wp-json\/wp\/v2\/pages\/142519\/revisions"}],"wp:attachment":[{"href":"https:\/\/metal-badge.ch\/fr\/wp-json\/wp\/v2\/media?parent=142519"}],"curies":[{"name":"wp","href":"https:\/\/api.w.org\/{rel}","templated":true}]}}