{"id":13618,"date":"2020-07-07T10:08:15","date_gmt":"2020-07-07T08:08:15","guid":{"rendered":"https:\/\/shop.metal-badge.ch\/concepteur-de-badge\/"},"modified":"2022-01-10T16:31:07","modified_gmt":"2022-01-10T15:31:07","slug":"badge-designer","status":"publish","type":"page","link":"https:\/\/metal-badge.ch\/fr\/badge-designer\/","title":{"rendered":"Badge Designer"},"content":{"rendered":"<div class=\"wpb-content-wrapper\"><p>[vc_row][vc_column]<div id=\"ultimate-heading-3736a062ad9e917b\" class=\"uvc-heading ult-adjust-bottom-margin ultimate-heading-3736a062ad9e917b uvc-9460 \" data-hspacer=\"no_spacer\"  data-halign=\"center\" style=\"text-align:center\"><div class=\"uvc-heading-spacer no_spacer\" style=\"top\"><\/div><div class=\"uvc-main-heading ult-responsive\"  data-ultimate-target='.uvc-heading.ultimate-heading-3736a062ad9e917b h1'  data-responsive-json-new='{\"font-size\":\"\",\"line-height\":\"\"}' ><h1 style=\"font-weight:bold;margin-top:80px;margin-bottom:20px;\">Badge Designer<\/h1><\/div><div class=\"uvc-sub-heading ult-responsive\"  data-ultimate-target='.uvc-heading.ultimate-heading-3736a062ad9e917b .uvc-sub-heading '  data-responsive-json-new='{\"font-size\":\"\",\"line-height\":\"\"}'  style=\"font-weight:normal;margin-top:20px;margin-bottom:40px;\"><\/p>\n<h2 class=\"subtitle\">Cr\u00e9ez votre propre badge<\/h2>\n<p><\/div><\/div>[vc_empty_space][vc_row_inner][vc_column_inner width=\u00a0\u00bb1\/2&Prime;][vc_column_text]Nous produisons des badges en m\u00e9tal noble pour les organisations, clubs et entreprises depuis 2001. Nous convainquons par un excellent service, de haute qualit\u00e9, un bon rapport qualit\u00e9-prix et nous livrons dans le monde entier. Nous proposons une large s\u00e9lection de diff\u00e9rents \u00e9tuis en cuir, cintres et bases pour les badges. Tous nos badges sont coordonn\u00e9s avec notre gamme d&rsquo;\u00e9tuis en cuir.[\/vc_column_text][\/vc_column_inner][vc_column_inner width=\u00a0\u00bb1\/2&Prime;][vc_column_text]Nous produisons tous types de badges selon vos souhaits et vos go\u00fbts individuels. Les r\u00e9f\u00e9rences de nos badges produits sont disponibles <a href=\"https:\/\/metal-badge.ch\/fr\/portfolio-item\/badges-pour-fans\/\"> ici <\/a>.<br \/>\nDe plus amples informations sur le processus de commande de badges et le processus de fabrication sont disponibles <a href=\"https:\/\/metal-badge.ch\/badgedesigner\/informationen\/Metal-Badge_fr.pdf\"> ici <\/a> (PDF).[\/vc_column_text][\/vc_column_inner][\/vc_row_inner][vc_raw_html]JTNDJTIxLS0lMjBpZnJhbWUlMjBtdXN0JTIwaGF2ZSUyMHNhbWUlMjBkb21haW4lMjAtLSUzRSUwQSUzQ3VsJTIwaWQlM0QlMjJuYXYtSWZyYW1lJTIyJTNFJTBBJTIwJTIwJTNDbGklMjBpZCUzRCUyMm5hdi1mb3JtdWxhciUyMiUzRSUzQ2ElMjBocmVmJTNEJTIyaHR0cHMlM0ElMkYlMkZtZXRhbC1iYWRnZS5jaCUyRmJhZGdlZGVzaWduZXIlMkZmb3JtdWxhci5waHAlM0ZsYW5ndWFnZSUzRGZyJTIyJTIwdGFyZ2V0JTNEJTIyYmFkZ2VkZXNpZ25lcklmcmFtZSUyMiUzRUVucmVnaXN0cmVtZW50JTNDJTJGYSUzRSUzQyUyRmxpJTNFJTBBJTIwJTIwJTNDbGklMjBpZCUzRCUyMm5hdi1lZGl0b3IlMjIlMjBjbGFzcyUzRCUyMmFjdGl2ZSUyMiUzRSUzQ2ElMjBocmVmJTNEJTIyaHR0cHMlM0ElMkYlMkZtZXRhbC1iYWRnZS5jaCUyRmJhZGdlZGVzaWduZXIlMkZlZGl0b3IucGhwJTNGbGFuZ3VhZ2UlM0RmciUyMiUyMHRhcmdldCUzRCUyMmJhZGdlZGVzaWduZXJJZnJhbWUlMjIlM0VDciVDMyVBOWVyJTIwbGUlMjBCYWRnZSUzQyUyRmElM0UlM0MlMkZsaSUzRSUwQSUyMCUyMCUzQ2xpJTIwaWQlM0QlMjJuYXYtb3JkZXIlMjIlM0UlM0NhJTIwaHJlZiUzRCUyMmh0dHBzJTNBJTJGJTJGbWV0YWwtYmFkZ2UuY2glMkZiYWRnZWRlc2lnbmVyJTJGb3JkZXJDb25maXJtYXRpb24ucGhwJTNGbGFuZ3VhZ2UlM0RmciUyMiUyMHRhcmdldCUzRCUyMmJhZGdlZGVzaWduZXJJZnJhbWUlMjIlM0UlMEFBcGVyJUMzJUE3dSUyMGRlJTIwbGElMjBjb21tYW5kZSUzQyUyRmElM0UlM0MlMkZsaSUzRSUwQSUyMCUyMCUzQ2xpJTIwaWQlM0QlMjJuYXYtaW5mbyUyMiUzRSUzQ2ElMjBocmVmJTNEJTIyaHR0cHMlM0ElMkYlMkZtZXRhbC1iYWRnZS5jaCUyRmJhZGdlZGVzaWduZXIlMkZpbmZvcm1hdGlvbmVuJTJGTWV0YWwtQmFkZ2VfZnIucGRmJTIyJTIwdGFyZ2V0JTNEJTIyYmFkZ2VkZXNpZ25lcklmcmFtZSUyMiUzRUluZm9ybWF0aW9uJTNDJTJGYSUzRSUzQyUyRmxpJTNFJTBBJTIwJTIwJTNDbGklM0UlM0NhJTIwaHJlZiUzRCUyMiUyMyUyMiUyMG9uQ2xpY2slM0QlMjJvcGVuV2luZG93JTI4JTI3aHR0cHMlM0ElMkYlMkZtZXRhbC1iYWRnZS5jaCUyRmJhZGdlZGVzaWduZXIlMkZTY3JpcHRzJTJGd2FocnVuZ3NyZWNobmVyLmh0bWwlMjclMkMlMjdNZXRhbEJhZGdlJTI3JTJDJTI3MjEwJTI3JTJDJTI3NDQwJTI3JTJDJTI3JTI3JTI5JTIyJTNFQ29udmVydGlzc2V1ciUyMGRlJTIwZGV2aXNlcyUzQyUyRmElM0UlM0MlMkZsaSUzRSUwQSUzQyUyRnVsJTNFJTNDJTIxLS0lMjAlMjNuYXYtSWZyYW1lJTIwLS0lM0UlMEElMEElM0NpZnJhbWUlMjBpZCUzRCUyMmJhZGdlZGVzaWduZXJJZnJhbWUlMjIlMjBuYW1lJTNEJTIyYmFkZ2VkZXNpZ25lcklmcmFtZSUyMiUyMHNyYyUzRCUyMmh0dHBzJTNBJTJGJTJGbWV0YWwtYmFkZ2UuY2glMkZiYWRnZWRlc2lnbmVyJTJGZm9ybXVsYXIucGhwJTNGbGFuZ3VhZ2UlM0RmciUyMiUyMGFsbG93dHJhbnNwYXJlbmN5JTNEJTIydHJ1ZSUyMiUzRSUwQVZvdHJlJTIwbmF2aWdhdGV1ciUyMG5lJTIwcGV1dCUyMG1hbGhldXJldXNlbWVudCUyMHBhcyUyMGFmZmljaGVyJTIwZGUlMjBGcmFtZXMuJTNDYnIlM0VWb3VzJTIwcG91dmV6JTIwYXBwZWxlciUyMGxhJTIwcGFnZSUyMGVuJTIwYWxsYW50JTIwc3VyJTIwbGUlMjByZW52b2klMjBzdWl2YW50JTNBJTIwJTNDYSUyMGhyZWYlM0QlMjJodHRwcyUzQSUyRiUyRm1ldGFsLWJhZGdlLmNoJTJGYmFkZ2VkZXNpZ25lciUyRiUyMiUzRWxpbmslM0MlMkZhJTNFJTI2bmJzcCUzQiUwQSUzQyUyRmlmcmFtZSUzRQ==[\/vc_raw_html][vc_raw_js]JTNDc2NyaXB0JTIwdHlwZSUzRCUyMnRleHQlMkZqYXZhc2NyaXB0JTIyJTIwc3JjJTNEJTIyaHR0cHMlM0ElMkYlMkZtZXRhbC1iYWRnZS5jaCUyRmJhZGdlZGVzaWduZXIlMkZpZnJhbWVSZXNpemVyLm1pbi5qcyUyMiUzRSUzQyUyRnNjcmlwdCUzRSUyMCUwQSUzQ3NjcmlwdCUyMHR5cGUlM0QlMjJ0ZXh0JTJGamF2YXNjcmlwdCUyMiUzRSUwQSUwQSUyMCUyMCUyRiUyRiUyMGh0dHBzJTNBJTJGJTJGZ2l0aHViLmNvbSUyRmRhdmlkamJyYWRzaGF3JTJGaWZyYW1lLXJlc2l6ZXIlMEElMjAlMjBpRnJhbWVSZXNpemUlMjglN0IlMjBpblBhZ2VMaW5rcyUzQSUyMHRydWUlMjAlN0QlMkMlMjAlMjclMjNiYWRnZWRlc2lnbmVySWZyYW1lJTI3JTI5JTNCJTBBJTBBJTIwJTIwZnVuY3Rpb24lMjBvcGVuV2luZG93JTI4dGhlVVJMJTJDJTIwd2luTmFtZSUyQyUyMHdpZHRoJTJDJTIwaGVpZ2h0JTJDJTIwZmVhdHVyZXMlMjklMjAlN0IlMEElMjAlMjAlMjAlMjB2YXIlMjB3aW5kb3dfd2lkdGglMjAlM0QlMjB3aWR0aCUzQiUwQSUyMCUyMCUyMCUyMHZhciUyMHdpbmRvd19oZWlnaHQlMjAlM0QlMjBoZWlnaHQlM0IlMEElMjAlMjAlMjAlMjB2YXIlMjBuZXdmZWF0dXJlcyUyMCUzRCUyMGZlYXR1cmVzJTNCJTBBJTIwJTIwJTIwJTIwdmFyJTIwd2luZG93X3RvcCUyMCUzRCUyMCUyOHNjcmVlbi5oZWlnaHQlMjAtJTIwd2luZG93X2hlaWdodCUyOSUyMCUyRiUyMDIlM0IlMEElMjAlMjAlMjAlMjB2YXIlMjB3aW5kb3dfbGVmdCUyMCUzRCUyMCUyOHNjcmVlbi53aWR0aCUyMC0lMjB3aW5kb3dfd2lkdGglMjklM0IlMEElMjAlMjAlMjAlMjBuZXdXaW5kb3clMjAlM0QlMjB3aW5kb3cub3BlbiUyOHRoZVVSTCUyQyUyMHdpbk5hbWUlMkMlMjAlMjJ3aWR0aCUzRCUyMiUyMCUyQiUyMHdpZHRoJTIwJTJCJTIwJTIyJTJDJTIwaGVpZ2h0JTNEJTIyJTIwJTJCJTIwaGVpZ2h0JTIwJTJCJTIwJTIyJTJDJTIwbGVmdCUzRCUyMCUyMiUyMCUyQiUyMHdpbmRvd19sZWZ0JTIwJTJCJTIwJTIyJTJDJTIwdG9wJTNEJTIyJTIwJTJCJTIwd2luZG93X3RvcCUyOSUzQiUwQSUyMCUyMCUyMCUyMG5ld1dpbmRvdy5mb2N1cyUyOCUyOSUzQiUwQSUyMCUyMCU3RCUwQSUwQSUyMCUyMGpRdWVyeSUyOGRvY3VtZW50JTI5LnJlYWR5JTI4ZnVuY3Rpb24lMjglMjAlMjQlMjAlMjklMjAlN0IlMEElMEElMjAlMjAlMjAlMjAlMjQlMjglMjd1bCUyM25hdi1JZnJhbWUlMjBsaSUyNyUyOS5jbGljayUyOCUyMGZ1bmN0aW9uJTI4JTI5JTIwJTdCJTBBJTIwJTIwJTIwJTIwJTIwJTIwJTI0JTI4dGhpcyUyOS5hZGRDbGFzcyUyOCUyN2FjdGl2ZSUyNyUyOS5zaWJsaW5ncyUyOCUyOS5yZW1vdmVDbGFzcyUyOCUyN2FjdGl2ZSUyNyUyOSUzQiUwQSUyMCUyMCUyMCUyMCU3RCUyOSUzQiUwQSUwQSUyMCUyMCUyMCUyMCUyNCUyOCUyNyUyM2JhZGdlZGVzaWduZXJJZnJhbWUlMjclMjkub24lMjglMjAlMjdsb2FkJTI3JTJDJTIwZnVuY3Rpb24lMjglMjklMjAlN0IlMEElMjAlMjAlMjAlMjAlMjAlMjAlMjAlMEElMjAlMjAlMjAlMjAlMjAlMjBjb25zb2xlLmxvZyUyOCUyMmxvYWQlMjIlMjklM0IlMEElMEElMjAlMjAlMjAlMjAlMjAlMjBpZiUyMCUyOCUyMCUyNCUyOHRoaXMlMjkuY29udGVudHMlMjglMjkuZmluZCUyOCUyNyUyM2lmcmFtZS1lZGl0b3IlMjclMjkubGVuZ3RoJTIwJTNFJTIwMCUyMCUyOSUyMCU3QiUwQSUyMCUyMCUyMCUyMCUyMCUyMCUyMCUyMGNvbnNvbGUubG9nJTI4JTIyZWRpdG9yJTIwcGFnZSUyMGlzJTIwbG9hZGVkLi4uJTIyJTI5JTNCJTBBJTIwJTIwJTIwJTIwJTIwJTIwJTIwJTIwJTI0JTI4JTI3JTIzbmF2LWVkaXRvciUyNyUyOS5hZGRDbGFzcyUyOCUyN2FjdGl2ZSUyNyUyOS5zaWJsaW5ncyUyOCUyOS5yZW1vdmVDbGFzcyUyOCUyN2FjdGl2ZSUyNyUyOSUzQiUwQSUyMCUyMCUyMCUyMCUyMCUyMCU3RCUwQSUwQSUyMCUyMCUyMCUyMCUyMCUyMGlmJTIwJTI4JTIwJTI0JTI4dGhpcyUyOS5jb250ZW50cyUyOCUyOS5maW5kJTI4JTI3JTIzaWZyYW1lLWZvcm11bGFyJTI3JTI5Lmxlbmd0aCUyMCUzRSUyMDAlMjAlMjklMjAlN0IlMEElMjAlMjAlMjAlMjAlMjAlMjAlMjAlMjBjb25zb2xlLmxvZyUyOCUyMmZvcm11bGFyJTIwcGFnZSUyMGlzJTIwbG9hZGVkLi4uJTIyJTI5JTNCJTBBJTIwJTIwJTIwJTIwJTIwJTIwJTIwJTIwJTI0JTI4JTI3JTIzbmF2LWZvcm11bGFyJTI3JTI5LmFkZENsYXNzJTI4JTI3YWN0aXZlJTI3JTI5LnNpYmxpbmdzJTI4JTI5LnJlbW92ZUNsYXNzJTI4JTI3YWN0aXZlJTI3JTI5JTNCJTBBJTIwJTIwJTIwJTIwJTIwJTIwJTdEJTBBJTBBJTIwJTIwJTIwJTIwJTIwJTIwaWYlMjAlMjglMjAlMjQlMjh0aGlzJTI5LmNvbnRlbnRzJTI4JTI5LmZpbmQlMjglMjclMjNpZnJhbWUtb3JkZXIlMjclMjkubGVuZ3RoJTIwJTNFJTIwMCUyMCUyOSUyMCU3QiUwQSUyMCUyMCUyMCUyMCUyMCUyMCUyMCUyMGNvbnNvbGUubG9nJTI4JTIyb3JkZXJDb25maXJtYXRpb24lMjBwYWdlJTIwaXMlMjBsb2FkZWQuLi4lMjIlMjklM0IlMEElMjAlMjAlMjAlMjAlMjAlMjAlMjAlMjAlMjQlMjglMjclMjNuYXYtb3JkZXIlMjclMjkuYWRkQ2xhc3MlMjglMjdhY3RpdmUlMjclMjkuc2libGluZ3MlMjglMjkucmVtb3ZlQ2xhc3MlMjglMjdhY3RpdmUlMjclMjklM0IlMEElMjAlMjAlMjAlMjAlMjAlMjAlN0QlMEElMjAlMjAlMjAlMjAlMjAlMEElMjAlMjAlMjAlMjAlN0QlMjklM0IlMjAlMkYlMkYlMjBsb2FkJTBBJTBBJTIwJTIwJTdEJTI5JTNCJTIwJTJGJTJGJTIwcmVhZHklMEElMEElM0MlMkZzY3JpcHQlM0U=[\/vc_raw_js][\/vc_column][\/vc_row]<\/p>\n<\/div>","protected":false},"excerpt":{"rendered":"<p>[vc_row][vc_column][vc_empty_space][vc_row_inner][vc_column_inner width=\u00a0\u00bb1\/2&Prime;][vc_column_text]Nous produisons des badges en m\u00e9tal noble pour les organisations, clubs et entreprises depuis 2001. Nous convainquons par un excellent service, de haute qualit\u00e9, un bon rapport qualit\u00e9-prix et nous livrons dans le monde entier. Nous proposons une large s\u00e9lection de diff\u00e9rents \u00e9tuis en cuir, cintres et bases pour les badges. Tous nos badges [&hellip;]<\/p>\n","protected":false},"author":13170,"featured_media":0,"parent":0,"menu_order":0,"comment_status":"closed","ping_status":"closed","template":"","meta":{"inline_featured_image":false,"footnotes":""},"class_list":["post-13618","page","type-page","status-publish","hentry"],"_links":{"self":[{"href":"https:\/\/metal-badge.ch\/fr\/wp-json\/wp\/v2\/pages\/13618","targetHints":{"allow":["GET"]}}],"collection":[{"href":"https:\/\/metal-badge.ch\/fr\/wp-json\/wp\/v2\/pages"}],"about":[{"href":"https:\/\/metal-badge.ch\/fr\/wp-json\/wp\/v2\/types\/page"}],"author":[{"embeddable":true,"href":"https:\/\/metal-badge.ch\/fr\/wp-json\/wp\/v2\/users\/13170"}],"replies":[{"embeddable":true,"href":"https:\/\/metal-badge.ch\/fr\/wp-json\/wp\/v2\/comments?post=13618"}],"version-history":[{"count":0,"href":"https:\/\/metal-badge.ch\/fr\/wp-json\/wp\/v2\/pages\/13618\/revisions"}],"wp:attachment":[{"href":"https:\/\/metal-badge.ch\/fr\/wp-json\/wp\/v2\/media?parent=13618"}],"curies":[{"name":"wp","href":"https:\/\/api.w.org\/{rel}","templated":true}]}}