{"id":46535,"date":"2019-05-08T16:30:04","date_gmt":"2019-05-08T16:30:04","guid":{"rendered":"https:\/\/shop.metal-badge.ch\/?product=tactical-elbows-and-knee-pads"},"modified":"2019-05-08T16:49:42","modified_gmt":"2019-05-08T16:49:42","slug":"tactical-elbows-and-knee-pads","status":"publish","type":"product","link":"https:\/\/metal-badge.ch\/en\/product\/46535\/tactical-elbows-and-knee-pads\/","title":{"rendered":"Tactical elbows and knee pads"},"content":{"rendered":"<p>Ces prot\u00e8ge-coudes robustes sont la protection id\u00e9ale contre les blessures. La base de ce protecteur est fait en nylon durable et r\u00e9sistant \u00e0 l&#8217;abrasion, avec un rembourrage int\u00e9rieur souple pour absorber les chocs. La face avant est \u00e9quip\u00e9e d&#8217;une coque en Xshell rivet\u00e9e en plastique dur. Cette combinaison assure une tenue s\u00fbre au niveau du coude et du genou sans glissement g\u00eanant et une protection parfaite m\u00eame dans des conditions difficiles. Tr\u00e8s bonne r\u00e9sistance aux chocs. Fermeture rapide, syst\u00e8me de double sangle \u00e9lastique avec fermeture velcro pour un grand confort de port. La largeur des sangles de fixation \u00e9lastiques peut \u00eatre facilement ajust\u00e9e. Id\u00e9al pour tous les sports et activit\u00e9s de plein air ou dans la zone de s\u00e9curit\u00e9. Les protecteurs sont toujours vendus par lot.<\/p>\n<p><strong>Description du produit :<\/strong><br \/>\nMati\u00e8re : Nylon et plastique ind\u00e9chirables, coque de contact X-Shell<br \/>\nRembourrage : mousse d&#8217;\u00e9thyl\u00e8ne durable EVA Foam<br \/>\nCouleur : kaki<br \/>\nPoids : Kit de 360 g avec deux protections pour les genoux et deux pour les coudes<\/p>\n","protected":false},"excerpt":{"rendered":"<p>Ces prot\u00e8ge-coudes robustes sont la protection id\u00e9ale contre les blessures. La base de ce protecteur est fait en nylon durable et r\u00e9sistant \u00e0 l&#8217;abrasion, avec un rembourrage int\u00e9rieur souple pour absorber les chocs. La face avant est \u00e9quip\u00e9e d&#8217;une coque en Xshell rivet\u00e9e en plastique dur. Cette combinaison assure une tenue s\u00fbre au niveau du [&hellip;]<\/p>\n","protected":false},"featured_media":46529,"comment_status":"open","ping_status":"closed","template":"","meta":{"inline_featured_image":false},"product_brand":[],"product_cat":[1346,1434],"product_tag":[1768,1772,1780],"class_list":{"0":"post-46535","1":"product","2":"type-product","3":"status-publish","4":"has-post-thumbnail","6":"product_cat-army-hunting-accessories","7":"product_cat-camping-travel","8":"product_tag-army-survival-en","9":"product_tag-hunting-fishing","10":"product_tag-police-security","12":"first","13":"instock","14":"taxable","15":"shipping-taxable","16":"purchasable","17":"product-type-simple"},"_links":{"self":[{"href":"https:\/\/metal-badge.ch\/en\/wp-json\/wp\/v2\/product\/46535","targetHints":{"allow":["GET"]}}],"collection":[{"href":"https:\/\/metal-badge.ch\/en\/wp-json\/wp\/v2\/product"}],"about":[{"href":"https:\/\/metal-badge.ch\/en\/wp-json\/wp\/v2\/types\/product"}],"replies":[{"embeddable":true,"href":"https:\/\/metal-badge.ch\/en\/wp-json\/wp\/v2\/comments?post=46535"}],"wp:featuredmedia":[{"embeddable":true,"href":"https:\/\/metal-badge.ch\/en\/wp-json\/wp\/v2\/media\/46529"}],"wp:attachment":[{"href":"https:\/\/metal-badge.ch\/en\/wp-json\/wp\/v2\/media?parent=46535"}],"wp:term":[{"taxonomy":"product_brand","embeddable":true,"href":"https:\/\/metal-badge.ch\/en\/wp-json\/wp\/v2\/product_brand?post=46535"},{"taxonomy":"product_cat","embeddable":true,"href":"https:\/\/metal-badge.ch\/en\/wp-json\/wp\/v2\/product_cat?post=46535"},{"taxonomy":"product_tag","embeddable":true,"href":"https:\/\/metal-badge.ch\/en\/wp-json\/wp\/v2\/product_tag?post=46535"}],"curies":[{"name":"wp","href":"https:\/\/api.w.org\/{rel}","templated":true}]}}