{"id":148006,"date":"2025-07-10T07:43:12","date_gmt":"2025-07-10T05:43:13","guid":{"rendered":"https:\/\/metal-badge.ch\/?post_type=product&#038;p=148006"},"modified":"2025-07-10T07:45:45","modified_gmt":"2025-07-10T05:45:45","slug":"securite-ferroviaire-velcro-backed-clothes-labels","status":"publish","type":"product","link":"https:\/\/metal-badge.ch\/en\/product\/148006\/securite-ferroviaire-velcro-backed-clothes-labels\/","title":{"rendered":"S\u00e9curit\u00e9 Ferroviair\u00e9 Velcro-backed Clothes Labels"},"content":{"rendered":"<p><span style=\"font-weight: 400;\">The labels have a Velcro fastener at the back. The lettering is reflecting, yellow \/ black.&nbsp; &nbsp;<\/span><\/p>\n<p><span style=\"font-weight: 400;\">Velcro Sizes: Sizes: 10 cm x 30 cm \/ small: 4 cm x 12 cm<\/span><span style=\"font-weight: 400;\"><br \/>\n<\/span><span style=\"font-weight: 400;\">Colours: yellow \/ black&nbsp; &nbsp;&nbsp;&nbsp;<\/span><\/p>\n<p><span style=\"font-weight: 400;\">Please ring us for customised labels.<\/span><\/p>\n","protected":false},"excerpt":{"rendered":"<p><span style=\"font-weight: 400;\">The labels have a Velcro fastener at the back. The lettering is reflecting, yellow \/ black.&nbsp; <\/span><\/p>\n","protected":false},"featured_media":148010,"comment_status":"closed","ping_status":"closed","template":"","meta":{"inline_featured_image":false},"product_brand":[],"product_cat":[1665,886,2181],"product_tag":[],"class_list":{"0":"post-148006","1":"product","2":"type-product","3":"status-publish","4":"has-post-thumbnail","6":"product_cat-velcro-signs-labels","7":"product_cat-accessories","8":"product_cat-velcro-backed","10":"first","11":"instock","12":"taxable","13":"shipping-taxable","14":"purchasable","15":"product-type-simple"},"_links":{"self":[{"href":"https:\/\/metal-badge.ch\/en\/wp-json\/wp\/v2\/product\/148006","targetHints":{"allow":["GET"]}}],"collection":[{"href":"https:\/\/metal-badge.ch\/en\/wp-json\/wp\/v2\/product"}],"about":[{"href":"https:\/\/metal-badge.ch\/en\/wp-json\/wp\/v2\/types\/product"}],"replies":[{"embeddable":true,"href":"https:\/\/metal-badge.ch\/en\/wp-json\/wp\/v2\/comments?post=148006"}],"wp:featuredmedia":[{"embeddable":true,"href":"https:\/\/metal-badge.ch\/en\/wp-json\/wp\/v2\/media\/148010"}],"wp:attachment":[{"href":"https:\/\/metal-badge.ch\/en\/wp-json\/wp\/v2\/media?parent=148006"}],"wp:term":[{"taxonomy":"product_brand","embeddable":true,"href":"https:\/\/metal-badge.ch\/en\/wp-json\/wp\/v2\/product_brand?post=148006"},{"taxonomy":"product_cat","embeddable":true,"href":"https:\/\/metal-badge.ch\/en\/wp-json\/wp\/v2\/product_cat?post=148006"},{"taxonomy":"product_tag","embeddable":true,"href":"https:\/\/metal-badge.ch\/en\/wp-json\/wp\/v2\/product_tag?post=148006"}],"curies":[{"name":"wp","href":"https:\/\/api.w.org\/{rel}","templated":true}]}}